{"id":3427,"date":"2023-06-30T11:02:38","date_gmt":"2023-06-30T09:02:38","guid":{"rendered":"https:\/\/www.lasgabias.es\/lasgabias\/?page_id=3427"},"modified":"2023-06-30T12:17:11","modified_gmt":"2023-06-30T10:17:11","slug":"consulta-censo-electoral","status":"publish","type":"page","link":"https:\/\/www.lasgabias.es\/lasgabias\/elecciones-generales-2023\/consulta-censo-electoral\/","title":{"rendered":"CONSULTA CENSO ELECTORAL"},"content":{"rendered":"<div class=\"wpb-content-wrapper\"><p>[vc_row][vc_column][vc_single_image image=\u00bb3323&#8243; img_size=\u00bbfull\u00bb alignment=\u00bbcenter\u00bb style=\u00bbvc_box_rounded\u00bb css_animation=\u00bbnone\u00bb][vc_empty_space height=\u00bb12px\u00bb][\/vc_column][\/vc_row][vc_row][vc_column]<div id=\"ultimate-heading-614069d17c5e6b0d0\" class=\"uvc-heading ult-adjust-bottom-margin ultimate-heading-614069d17c5e6b0d0 uvc-2381 \" data-hspacer=\"line_only\"  data-halign=\"left\" style=\"text-align:left\"><div class=\"uvc-heading-spacer line_only\" style=\"topheight:1px;\"><span class=\"uvc-headings-line\" style=\"border-style:solid;border-bottom-width:1px;border-color:#ccc;width:250px;\"><\/span><\/div><div class=\"uvc-main-heading ult-responsive\"  data-ultimate-target='.uvc-heading.ultimate-heading-614069d17c5e6b0d0 h2'  data-responsive-json-new='{\"font-size\":\"desktop:18px;\",\"line-height\":\"\"}' ><h2 style=\"--font-weight:theme;color:#000000;margin-top:10px;\">CONSULTA DEL CENSO ELECTORAL Y LOCALES ELECTORALES<\/h2><\/div><\/div>[vc_empty_space height=\u00bb22px\u00bb][vc_column_text css_animation=\u00bbfadeIn\u00bb]<\/p>\n<h5><strong>A) CONSULTA DEL CENSO ELECTORAL<\/strong><\/h5>\n<p>Vigente a 1 de abril de 2023.<\/p>\n<p>Condiciones (solo una de ellas):<\/p>\n<ul>\n<li style=\"list-style-type: none;\">\n<ul>\n<li>DNI\/certificado electr\u00f3nico reconocido.<\/li>\n<li>Acceso PIN 24 horas.<\/li>\n<li>Cl@ve permanente.<\/li>\n<li>Ciudadanos UE (identificaci\u00f3n con identidad digital europea).<\/li>\n<\/ul>\n<\/li>\n<\/ul>\n<p>[\/vc_column_text][vc_empty_space height=\u00bb22px\u00bb][vc_btn title=\u00bbINE &#8211; Sede Electr\u00f3nica &#8211; Consulta de inscripci\u00f3n en el Censo Electoral\u00bb style=\u00bbgradient\u00bb gradient_color_1=\u00bbchino\u00bb gradient_color_2=\u00bbmulled-wine\u00bb align=\u00bbcenter\u00bb i_icon_fontawesome=\u00bbfas fa-external-link-alt\u00bb button_block=\u00bbtrue\u00bb add_icon=\u00bbtrue\u00bb link=\u00bburl:https%3A%2F%2Fsede.ine.gob.es%2FCensoElectoral%2Fpages%2FfrmPresentacion.xhtml|target:_blank\u00bb][vc_empty_space][vc_column_text css_animation=\u00bbfadeIn\u00bb]<\/p>\n<h5><strong>B) CONSULTA DE LOCALES ELECTORALES<\/strong><\/h5>\n<p>Acceso libre.<\/p>\n<p>Condiciones:<\/p>\n<ul>\n<li style=\"list-style-type: none;\">\n<ul>\n<li>Datos m\u00ednimos obligatorios: Provincia, municipio, primera letra del primer apellido.<\/li>\n<li>Datos adiciones de b\u00fasqueda: Nombre de la v\u00eda, n\u00famero.<\/li>\n<\/ul>\n<\/li>\n<\/ul>\n<p>[\/vc_column_text][vc_empty_space height=\u00bb22px\u00bb][vc_btn title=\u00bbINE &#8211; Sede Electr\u00f3nica &#8211; Consulta de mesas y locales electorales\u00bb style=\u00bbgradient\u00bb gradient_color_1=\u00bbchino\u00bb gradient_color_2=\u00bbmulled-wine\u00bb align=\u00bbcenter\u00bb i_icon_fontawesome=\u00bbfas fa-external-link-alt\u00bb button_block=\u00bbtrue\u00bb add_icon=\u00bbtrue\u00bb link=\u00bburl:https%3A%2F%2Fsede.ine.gob.es%2Fce-mesas%2Fpages%2FfrmPresentacion.xhtml|target:_blank\u00bb][\/vc_column][\/vc_row]<\/p>\n<\/div>","protected":false},"excerpt":{"rendered":"<p>[vc_row][vc_column][vc_single_image image=\u00bb3323&#8243; img_size=\u00bbfull\u00bb alignment=\u00bbcenter\u00bb style=\u00bbvc_box_rounded\u00bb css_animation=\u00bbnone\u00bb][vc_empty_space height=\u00bb12px\u00bb][\/vc_column][\/vc_row][vc_row][vc_column][vc_empty_space height=\u00bb22px\u00bb][vc_column_text css_animation=\u00bbfadeIn\u00bb] A) CONSULTA DEL CENSO ELECTORAL Vigente a 1 de abril de 2023. Condiciones (solo una de ellas): DNI\/certificado electr\u00f3nico reconocido. Acceso PIN 24 horas. Cl@ve permanente. Ciudadanos UE (identificaci\u00f3n con identidad digital europea). [\/vc_column_text][vc_empty_space height=\u00bb22px\u00bb][vc_btn title=\u00bbINE &#8211; Sede Electr\u00f3nica &#8211; Consulta de inscripci\u00f3n en el Censo&hellip;<\/p>\n","protected":false},"author":139,"featured_media":0,"parent":3313,"menu_order":0,"comment_status":"closed","ping_status":"closed","template":"","meta":{"_acf_changed":false,"footnotes":""},"class_list":["post-3427","page","type-page","status-publish","hentry","description-off"],"acf":[],"_links":{"self":[{"href":"https:\/\/www.lasgabias.es\/lasgabias\/wp-json\/wp\/v2\/pages\/3427","targetHints":{"allow":["GET"]}}],"collection":[{"href":"https:\/\/www.lasgabias.es\/lasgabias\/wp-json\/wp\/v2\/pages"}],"about":[{"href":"https:\/\/www.lasgabias.es\/lasgabias\/wp-json\/wp\/v2\/types\/page"}],"author":[{"embeddable":true,"href":"https:\/\/www.lasgabias.es\/lasgabias\/wp-json\/wp\/v2\/users\/139"}],"replies":[{"embeddable":true,"href":"https:\/\/www.lasgabias.es\/lasgabias\/wp-json\/wp\/v2\/comments?post=3427"}],"version-history":[{"count":3,"href":"https:\/\/www.lasgabias.es\/lasgabias\/wp-json\/wp\/v2\/pages\/3427\/revisions"}],"predecessor-version":[{"id":3449,"href":"https:\/\/www.lasgabias.es\/lasgabias\/wp-json\/wp\/v2\/pages\/3427\/revisions\/3449"}],"up":[{"embeddable":true,"href":"https:\/\/www.lasgabias.es\/lasgabias\/wp-json\/wp\/v2\/pages\/3313"}],"wp:attachment":[{"href":"https:\/\/www.lasgabias.es\/lasgabias\/wp-json\/wp\/v2\/media?parent=3427"}],"curies":[{"name":"wp","href":"https:\/\/api.w.org\/{rel}","templated":true}]}}