{"id":6127,"date":"2026-03-27T12:27:35","date_gmt":"2026-03-27T11:27:35","guid":{"rendered":"https:\/\/www.lasgabias.es\/lasgabias\/?page_id=6127"},"modified":"2026-04-09T10:40:52","modified_gmt":"2026-04-09T08:40:52","slug":"consulta-censo-electoral","status":"publish","type":"page","link":"https:\/\/www.lasgabias.es\/lasgabias\/elecciones-parlamento-andalucia-2026\/consulta-censo-electoral\/","title":{"rendered":"CONSULTA CENSO ELECTORAL"},"content":{"rendered":"<div class=\"wpb-content-wrapper\"><p>[vc_row][vc_column][vc_single_image image=\u00bb6118&#8243; img_size=\u00bbfull\u00bb alignment=\u00bbcenter\u00bb style=\u00bbvc_box_rounded\u00bb css_animation=\u00bbnone\u00bb css=\u00bb\u00bb][vc_empty_space height=\u00bb12px\u00bb][\/vc_column][\/vc_row][vc_row][vc_column]<div id=\"ultimate-heading-332869e1456415af5\" class=\"uvc-heading ult-adjust-bottom-margin ultimate-heading-332869e1456415af5 uvc-2465 \" data-hspacer=\"line_only\"  data-halign=\"left\" style=\"text-align:left\"><div class=\"uvc-heading-spacer line_only\" style=\"topheight:1px;\"><span class=\"uvc-headings-line\" style=\"border-style:solid;border-bottom-width:1px;border-color:#ccc;width:250px;\"><\/span><\/div><div class=\"uvc-main-heading ult-responsive\"  data-ultimate-target='.uvc-heading.ultimate-heading-332869e1456415af5 h2'  data-responsive-json-new='{\"font-size\":\"desktop:18px;\",\"line-height\":\"\"}' ><h2 style=\"--font-weight:theme;color:#000000;margin-top:10px;\">CONSULTA DEL CENSO ELECTORAL<\/h2><\/div><\/div>[vc_empty_space height=\u00bb18px\u00bb][vc_separator align=\u00bbalign_left\u00bb style=\u00bbdashed\u00bb border_width=\u00bb2&#8243; css=\u00bb\u00bb][vc_empty_space height=\u00bb20px\u00bb][\/vc_column][\/vc_row][vc_row][vc_column][vc_column_text css=\u00bb\u00bb]<\/p>\n<p style=\"text-align: justify;\">Los ciudadanos pueden consultar su inscripci\u00f3n del censo electoral telem\u00e1ticamente, a trav\u00e9s de la p\u00e1gina <a href=\"https:\/\/www.ine.es\" target=\"_blank\" rel=\"noopener\"><span style=\"text-decoration: underline;\">www.ine.es<\/span><\/a>, siendo la identificaci\u00f3n obligatoria por el sistema Cl@ve<\/p>\n<p style=\"text-align: justify;\">Se accede al apartado \u201cElecciones al Parlamento de Andaluc\u00eda de 17 de mayo de 2026\u201d, se pulsa la opci\u00f3n \u201cTr\u00e1mites telem\u00e1ticos a disposici\u00f3n de los electores\u201d y se elige la opci\u00f3n Consulta de los datos de inscripci\u00f3n.<\/p>\n<p style=\"text-align: justify;\">Puede acceder directamente a trav\u00e9s del siguiente link:<\/p>\n<p>[\/vc_column_text][vc_empty_space height=\u00bb10px\u00bb][vc_btn title=\u00bbINE &#8211; Consulta de inscripci\u00f3n en el Censo Electoral\u00bb align=\u00bbcenter\u00bb i_icon_fontawesome=\u00bbfa fa-solid fa-up-right-from-square\u00bb css=\u00bb\u00bb add_icon=\u00bbtrue\u00bb link=\u00bburl:https%3A%2F%2Fsede.ine.gob.es%2Fce-internet1%2F%3Flang%3Des_ES|target:_blank\u00bb][\/vc_column][\/vc_row]<\/p>\n<\/div>","protected":false},"excerpt":{"rendered":"<p>[vc_row][vc_column][vc_single_image image=\u00bb6118&#8243; img_size=\u00bbfull\u00bb alignment=\u00bbcenter\u00bb style=\u00bbvc_box_rounded\u00bb css_animation=\u00bbnone\u00bb css=\u00bb\u00bb][vc_empty_space height=\u00bb12px\u00bb][\/vc_column][\/vc_row][vc_row][vc_column][vc_empty_space height=\u00bb18px\u00bb][vc_separator align=\u00bbalign_left\u00bb style=\u00bbdashed\u00bb border_width=\u00bb2&#8243; css=\u00bb\u00bb][vc_empty_space height=\u00bb20px\u00bb][\/vc_column][\/vc_row][vc_row][vc_column][vc_column_text css=\u00bb\u00bb] Los ciudadanos pueden consultar su inscripci\u00f3n del censo electoral telem\u00e1ticamente, a trav\u00e9s de la p\u00e1gina www.ine.es, siendo la identificaci\u00f3n obligatoria por el sistema Cl@ve Se accede al apartado \u201cElecciones al Parlamento de Andaluc\u00eda de 17 de mayo de 2026\u201d, se&hellip;<\/p>\n","protected":false},"author":139,"featured_media":0,"parent":6117,"menu_order":0,"comment_status":"closed","ping_status":"closed","template":"","meta":{"_acf_changed":false,"footnotes":""},"class_list":["post-6127","page","type-page","status-publish","hentry","description-off"],"acf":[],"_links":{"self":[{"href":"https:\/\/www.lasgabias.es\/lasgabias\/wp-json\/wp\/v2\/pages\/6127","targetHints":{"allow":["GET"]}}],"collection":[{"href":"https:\/\/www.lasgabias.es\/lasgabias\/wp-json\/wp\/v2\/pages"}],"about":[{"href":"https:\/\/www.lasgabias.es\/lasgabias\/wp-json\/wp\/v2\/types\/page"}],"author":[{"embeddable":true,"href":"https:\/\/www.lasgabias.es\/lasgabias\/wp-json\/wp\/v2\/users\/139"}],"replies":[{"embeddable":true,"href":"https:\/\/www.lasgabias.es\/lasgabias\/wp-json\/wp\/v2\/comments?post=6127"}],"version-history":[{"count":12,"href":"https:\/\/www.lasgabias.es\/lasgabias\/wp-json\/wp\/v2\/pages\/6127\/revisions"}],"predecessor-version":[{"id":6194,"href":"https:\/\/www.lasgabias.es\/lasgabias\/wp-json\/wp\/v2\/pages\/6127\/revisions\/6194"}],"up":[{"embeddable":true,"href":"https:\/\/www.lasgabias.es\/lasgabias\/wp-json\/wp\/v2\/pages\/6117"}],"wp:attachment":[{"href":"https:\/\/www.lasgabias.es\/lasgabias\/wp-json\/wp\/v2\/media?parent=6127"}],"curies":[{"name":"wp","href":"https:\/\/api.w.org\/{rel}","templated":true}]}}