{"id":1860,"date":"2023-03-03T12:51:12","date_gmt":"2023-03-03T11:51:12","guid":{"rendered":"https:\/\/www.lasgabias.es\/portal-transparencia\/?page_id=1860"},"modified":"2026-04-30T09:53:58","modified_gmt":"2026-04-30T07:53:58","slug":"informacion-institucional","status":"publish","type":"page","link":"https:\/\/www.lasgabias.es\/portal-transparencia\/informacion-institucional\/","title":{"rendered":"Transparencia sobre la Corporaci\u00f3n Municipal"},"content":{"rendered":"<div class=\"wpb-content-wrapper\"><p>[vc_row][vc_column width=\u00bb1\/2&#8243;]<div class=\"standard-arrow bullet-top\"><h3>Informaci\u00f3n Institucional<\/h3>\n<ul>\n<li><a href=\"https:\/\/www.lasgabias.es\/portal-transparencia\/informacion-institucional\/corporacion-municipal\/\">Corporaci\u00f3n municipal<\/a><\/li>\n<li><a href=\"https:\/\/www.lasgabias.es\/portal-transparencia\/informacion-institucional\/organos-municipales\/\">\u00d3rganos Municipales<\/a><\/li>\n<li><a href=\"https:\/\/www.lasgabias.es\/portal-transparencia\/wp-content\/uploads\/sites\/8\/2024\/03\/Certificado-pleno-06.07.23-nombram-representantes-corp-en-org-colegiados.pdf\" target=\"_blank\" rel=\"noopener\">Designaci\u00f3n de Representantes en Organismos e Instituciones<\/a><\/li>\n<li><strong>Estructura organizativa<\/strong><\/li>\n<li><a href=\"https:\/\/www.lasgabias.es\/portal-transparencia\/informacion-institucional\/regimen-de-dedicaciones\/\">R\u00e9gimen de dedicaciones<\/a><\/li>\n<li><a href=\"https:\/\/www.lasgabias.es\/portal-transparencia\/wp-content\/uploads\/sites\/8\/2024\/03\/Certificado-pleno-06.07.23-aprob-asign-econoc-por-asistencia-org-colegiad.pdf\" target=\"_blank\" rel=\"noopener\">Asignaciones econ\u00f3micas por asistencia a \u00d3rganos Colegiados<\/a><\/li>\n<li><a href=\"https:\/\/www.lasgabias.es\/portal-transparencia\/wp-content\/uploads\/sites\/8\/2024\/03\/Certificado-pleno-06.07.23-aprob-dotaciones-econ-x-asistencias-a-los-grupos-politicos.pdf\" target=\"_blank\" rel=\"noopener\">Asignaciones econ\u00f3micas a los grupos pol\u00edticos<\/a><\/li>\n<li><a href=\"\/portal-transparencia\/informacion-institucional\/compatibilidad-miembros-de-la-corporacion\/\">Compatibilidad miembros de la Corporaci\u00f3n<\/a><\/li>\n<li><strong>Organigrama<\/strong>\n<ul>\n<li><a href=\"\/portal-transparencia\/wp-content\/uploads\/sites\/8\/2025\/09\/Nuevo-organigrama-municipal-2025-2027.pdf\" target=\"_blank\" rel=\"noopener\">Resoluci\u00f3n<\/a><\/li>\n<li><a href=\"\/portal-transparencia\/wp-content\/uploads\/sites\/8\/2025\/09\/Nuevo-Esquema-grafico-organigrama-municipal.pdf\" target=\"_blank\" rel=\"noopener\">Esquema gr\u00e1fico<\/a><\/li>\n<\/ul>\n<\/li>\n<li><strong>Directorio<\/strong>\n<ul>\n<li><a href=\"\/lasgabias\/directorio-municipal\/\">Directorio Municipal<\/a><\/li>\n<li>Otras direcciones de inter\u00e9s<\/li>\n<\/ul>\n<\/li>\n<li><strong>Agenda de Alcald\u00eda<\/strong><\/li>\n<\/ul>\n<\/div>[vc_empty_space height=\u00bb25px\u00bb]<div class=\"standard-arrow bullet-top\"><h3>Informaci\u00f3n Patrimonial<\/h3>\n<ul>\n<li><a href=\"https:\/\/www.lasgabias.es\/portal-transparencia\/informacion-institucional\/registro-de-actividades\/\">Registro de actividades<\/a><\/li>\n<\/ul>\n<\/div>[vc_empty_space height=\u00bb25px\u00bb][\/vc_column][vc_column width=\u00bb1\/2&#8243;]<div class=\"standard-arrow bullet-top\"><h3>Informaci\u00f3n de Procesos Selectivos<\/h3>\n<ul>\n<li><a href=\"https:\/\/www.lasgabias.es\/portal-transparencia\/procesos-selectivos-provision-definitiva\/\">Provisi\u00f3n Definitiva<\/a><\/li>\n<li><a href=\"https:\/\/www.lasgabias.es\/portal-transparencia\/procesos-selectivos-provision-temporal\/\">Provisi\u00f3n Temporal<\/a><\/li>\n<li><a href=\"https:\/\/www.lasgabias.es\/portal-transparencia\/informacion-institucional\/oferta-de-empleo-publico\/\">Oferta de Empleo P\u00fablico\u00a0<\/a><\/li>\n<\/ul>\n<h3>Informaci\u00f3n del personal<\/h3>\n<ul>\n<li><a href=\"https:\/\/www.lasgabias.es\/portal-transparencia\/wp-content\/uploads\/sites\/8\/2025\/11\/Plan-de-ordenacion-de-RRHH.pdf\" target=\"_blank\" rel=\"noopener\">Plan espec\u00edfico de ordenaci\u00f3n de Recursos Humanos del Ayuntamiento de Las Gabias<\/a><\/li>\n<li><a href=\"https:\/\/www.lasgabias.es\/portal-transparencia\/informacion-institucional\/integrantes-organos-representacion-del-personal\/\">Integrantes \u00f3rganos representaci\u00f3n del personal<\/a><\/li>\n<li><a href=\"\/portal-transparencia\/wp-content\/uploads\/sites\/8\/2024\/10\/PLAN-DE-IGUALDAD-DILIGENCIADO.pdf\" target=\"_blank\" rel=\"noopener\">Plan de Igualdad del Ayuntamiento de Las Gabias<\/a><\/li>\n<li><a href=\"https:\/\/www.lasgabias.es\/portal-transparencia\/wp-content\/uploads\/sites\/8\/2023\/03\/Protocolo-de-acoso-laboral-sexual-diligenciado.pdf\" target=\"_blank\" rel=\"noopener\">Protocolo de acoso laboral-sexual<\/a><\/li>\n<li><a href=\"https:\/\/www.lasgabias.es\/portal-transparencia\/informacion-institucional\/compatibilidades-empleados-publicos\/\">Compatibilidades empleados p\u00fablicos<\/a><\/li>\n<li><a href=\"https:\/\/www.lasgabias.es\/portal-transparencia\/informacion-institucional\/regulacion-condiciones-de-trabajo\/\">Regulaci\u00f3n condiciones de trabajo<\/a><\/li>\n<li><a href=\"https:\/\/www.lasgabias.es\/portal-transparencia\/informacion-institucional\/masa-salarial-personal-laboral\/\">Masa salarial del Personal Laboral<\/a><\/li>\n<li><a href=\"https:\/\/www.lasgabias.es\/portal-transparencia\/informacion-institucional\/relacion-de-puestos-de-trabajo\/\">Relaci\u00f3n Puestos de Trabajo<\/a><\/li>\n<li><strong>Personal Eventual<\/strong>\n<ul>\n<li><a href=\"https:\/\/www.lasgabias.es\/portal-transparencia\/informacion-institucional\/nombramiento-del-personal-eventual\/\">Nombramiento del Personal Eventual<\/a><\/li>\n<li><a href=\"https:\/\/www.lasgabias.es\/portal-transparencia\/wp-content\/uploads\/sites\/8\/2023\/12\/Certificado-acuerdo-pleno-27.nov_.23-Reconocimiento-compatib-personal-eventual-J.pdf\" target=\"_blank\" rel=\"noopener\">Reconocimiento de compatibilidad del Personal Eventual<\/a><\/li>\n<li><a href=\"https:\/\/www.lasgabias.es\/portal-transparencia\/wp-content\/uploads\/sites\/8\/2024\/03\/Certificado-pleno-06.07.23-aprobacion-num_caracter_retribu-personal-eventual.pdf\" target=\"_blank\" rel=\"noopener\">N\u00famero, caracter\u00edsticas y retribuciones del personal eventual<\/a><\/li>\n<\/ul>\n<\/li>\n<li><a href=\"https:\/\/www.lasgabias.es\/portal-transparencia\/informacion-institucional\/autorizaciones-de-ejercicio-de-actividad-privada-con-motivo-del-cese\/\" rel=\"noopener\">Autorizaciones de ejercicio de actividad privada con motivo del cese<\/a><\/li>\n<li><a href=\"https:\/\/www.lasgabias.es\/portal-transparencia\/provision-puestos-de-trabajo\/\">Provisi\u00f3n puestos de trabajo<\/a><\/li>\n<li><a href=\"https:\/\/www.lasgabias.es\/portal-transparencia\/comisiones-de-servicio\/\">Comisiones de servicio<\/a><\/li>\n<li><a href=\"https:\/\/www.lasgabias.es\/portal-transparencia\/informacion-institucional\/bolsas-de-trabajo-vigentes\/\">Bolsas de Trabajo Vigentes<\/a><\/li>\n<\/ul>\n<\/div>[\/vc_column][\/vc_row][vc_row][vc_column width=\u00bb1\/2&#8243;]<div class=\"standard-arrow bullet-top\"><h3>Informaci\u00f3n sobre la estructura del Ayuntamiento<\/h3>\n<ul>\n<li><a href=\"https:\/\/www.lasgabias.es\/portal-transparencia\/informacion-institucional\/normativa-que-le-sea-de-aplicacion\/\">Normativa que le sea de aplicaci\u00f3n<\/a><\/li>\n<li><a href=\"https:\/\/www.lasgabias.es\/portal-transparencia\/informacion-institucional\/informacion-de-interes-estadistico-social-economico-etc\/\">Informaci\u00f3n de inter\u00e9s estad\u00edstico, social, econ\u00f3mico, etc.<\/a><\/li>\n<\/ul>\n<\/div>[vc_empty_space height=\u00bb25px\u00bb]<div class=\"standard-arrow bullet-top\"><h3>Inventario general de bienes y derechos<\/h3>\n<ul>\n<li>Alteraci\u00f3n de la calificaci\u00f3n jur\u00eddica de la Casa de los Blasco<\/li>\n<\/ul>\n<\/div>[vc_column_text css=\u00bb\u00bb][\/vc_column_text][\/vc_column][vc_column width=\u00bb1\/2&#8243;]<div class=\"standard-arrow bullet-top\"><h3>Informaci\u00f3n sobre \u00f3rganos colegiados<\/h3>\n<ul>\n<li><strong>Plenos Municipales<\/strong>\n<ul>\n<li><a href=\"https:\/\/www.lasgabias.es\/portal-transparencia\/wp-content\/uploads\/sites\/8\/2024\/03\/Certificado-pleno-06.07.23-periodicidad-sesiones-pleno.pdf\" target=\"_blank\" rel=\"noopener\">Periodicidad de las sesiones de Pleno<\/a><\/li>\n<li><a href=\"https:\/\/www.lasgabias.es\/portal-transparencia\/informacion-institucional\/convocatorias-plenos-municipales\/\">Convocatorias<\/a><\/li>\n<li><a href=\"https:\/\/www.lasgabias.es\/portal-transparencia\/informacion-institucional\/actas-de-plenos\/\">Actas<\/a><\/li>\n<\/ul>\n<\/li>\n<li><strong>Juntas de Gobierno Local<\/strong>\n<ul>\n<li><a href=\"https:\/\/www.lasgabias.es\/portal-transparencia\/wp-content\/uploads\/sites\/8\/2025\/03\/CERTIFICADO-MARZO-2025.pdf\" target=\"_blank\" rel=\"noopener\">Organizaci\u00f3n y miembros<\/a><\/li>\n<li><a href=\"\/portal-transparencia\/wp-content\/uploads\/sites\/8\/2025\/02\/CERTIFICADO-COMPETENCIAS-JGL.pdf\" target=\"_blank\" rel=\"noopener\">Competencias<\/a><\/li>\n<li><a href=\"https:\/\/www.lasgabias.es\/portal-transparencia\/informacion-institucional\/convocatorias-juntas-de-gobierno-local\/\">Convocatorias<\/a><\/li>\n<li><a href=\"https:\/\/www.lasgabias.es\/portal-transparencia\/informacion-institucional\/acuerdos-adoptados\/\">Acuerdos adoptados<\/a><\/li>\n<\/ul>\n<\/li>\n<li><a href=\"https:\/\/www.lasgabias.es\/portal-transparencia\/wp-content\/uploads\/sites\/8\/2024\/11\/REGLAS-ESPECIALES-DE-FUNCIONAMIENTO-TELEMATICO-MIXTO-DE-LOS-ORGANOS-COLEGIADOS-DE-GOBIERNO.pdf\" target=\"_blank\" rel=\"noopener\">Reglas de funcionamiento telem\u00e1tico de los \u00d3rganos Colegiados de Gobierno<\/a><\/li>\n<\/ul>\n<\/div>[\/vc_column][\/vc_row][vc_row][vc_column width=\u00bb1\/2&#8243;][\/vc_column][vc_column width=\u00bb1\/2&#8243;][vc_column_text][\/vc_column_text]<div class=\"standard-arrow bullet-top\"><h3>Informaci\u00f3n sobre normas municipales<\/h3>\n<ul>\n<li><a href=\"https:\/\/www.lasgabias.es\/portal-transparencia\/informacion-institucional\/plan-anual-normativo\/\">Plan Anual Normativo<\/a><\/li>\n<li><a href=\"https:\/\/www.lasgabias.es\/portal-transparencia\/informacion-institucional\/ordenanzas-y-reglamentos-municipales\/\">Ordenanzas y Reglamentos Municipales<\/a><\/li>\n<li><a href=\"https:\/\/www.lasgabias.es\/portal-transparencia\/informacion-institucional\/normativa-en-elaboracion\/\">Normativa en elaboraci\u00f3n<\/a><\/li>\n<\/ul>\n<\/div>[\/vc_column][\/vc_row]<\/p>\n<\/div>","protected":false},"excerpt":{"rendered":"<p>[vc_row][vc_column width=\u00bb1\/2&#8243;][vc_empty_space height=\u00bb25px\u00bb][vc_empty_space height=\u00bb25px\u00bb][\/vc_column][vc_column width=\u00bb1\/2&#8243;][\/vc_column][\/vc_row][vc_row][vc_column width=\u00bb1\/2&#8243;][vc_empty_space height=\u00bb25px\u00bb][vc_column_text css=\u00bb\u00bb][\/vc_column_text][\/vc_column][vc_column width=\u00bb1\/2&#8243;][\/vc_column][\/vc_row][vc_row][vc_column width=\u00bb1\/2&#8243;][\/vc_column][vc_column width=\u00bb1\/2&#8243;][vc_column_text][\/vc_column_text][\/vc_column][\/vc_row]<\/p>\n","protected":false},"author":141,"featured_media":0,"parent":0,"menu_order":0,"comment_status":"closed","ping_status":"closed","template":"","meta":{"_acf_changed":false,"footnotes":""},"class_list":["post-1860","page","type-page","status-publish","hentry","description-off"],"acf":[],"_links":{"self":[{"href":"https:\/\/www.lasgabias.es\/portal-transparencia\/wp-json\/wp\/v2\/pages\/1860","targetHints":{"allow":["GET"]}}],"collection":[{"href":"https:\/\/www.lasgabias.es\/portal-transparencia\/wp-json\/wp\/v2\/pages"}],"about":[{"href":"https:\/\/www.lasgabias.es\/portal-transparencia\/wp-json\/wp\/v2\/types\/page"}],"author":[{"embeddable":true,"href":"https:\/\/www.lasgabias.es\/portal-transparencia\/wp-json\/wp\/v2\/users\/141"}],"replies":[{"embeddable":true,"href":"https:\/\/www.lasgabias.es\/portal-transparencia\/wp-json\/wp\/v2\/comments?post=1860"}],"version-history":[{"count":95,"href":"https:\/\/www.lasgabias.es\/portal-transparencia\/wp-json\/wp\/v2\/pages\/1860\/revisions"}],"predecessor-version":[{"id":8733,"href":"https:\/\/www.lasgabias.es\/portal-transparencia\/wp-json\/wp\/v2\/pages\/1860\/revisions\/8733"}],"wp:attachment":[{"href":"https:\/\/www.lasgabias.es\/portal-transparencia\/wp-json\/wp\/v2\/media?parent=1860"}],"curies":[{"name":"wp","href":"https:\/\/api.w.org\/{rel}","templated":true}]}}