{"id":2078,"date":"2022-05-18T10:35:35","date_gmt":"2022-05-18T08:35:35","guid":{"rendered":"https:\/\/www.lasgabias.es\/portal-transparencia\/?page_id=2078"},"modified":"2026-04-14T12:10:19","modified_gmt":"2026-04-14T10:10:19","slug":"planeamiento-general-de-las-gabias","status":"publish","type":"page","link":"https:\/\/www.lasgabias.es\/portal-transparencia\/transparencia-en-materia-de-urbanismo-obras-publicas-y-medioambiente\/planeamiento-general-de-las-gabias\/","title":{"rendered":"Planeamiento General de Las Gabias"},"content":{"rendered":"<div class=\"wpb-content-wrapper\"><p>[vc_row][vc_column]<div id=\"ultimate-heading-372069f5caf7ee726\" class=\"uvc-heading ult-adjust-bottom-margin ultimate-heading-372069f5caf7ee726 uvc-3769  uvc-heading-default-font-sizes\" data-hspacer=\"no_spacer\"  data-halign=\"left\" style=\"text-align:left\"><div class=\"uvc-heading-spacer no_spacer\" style=\"top\"><\/div><div class=\"uvc-main-heading ult-responsive\"  data-ultimate-target='.uvc-heading.ultimate-heading-372069f5caf7ee726 h2'  data-responsive-json-new='{\"font-size\":\"\",\"line-height\":\"\"}' ><h2 style=\"font-weight:bold;margin-bottom:25px;\">Planeamiento General de Las Gabias<\/h2><\/div><\/div>[vc_column_text]Consulta del Planeamiento Urban\u00edstico de Las Gabias en la Consejer\u00eda de Obras P\u00fablicas y Vivienda &#8211; Junta de Andaluc\u00eda<\/p>\n<p>Enlace: <a href=\"https:\/\/ws132.juntadeandalucia.es\/situadifusion\/pages\/search.jsf\" target=\"_blank\" rel=\"noopener noreferrer\">Consulta de planes urban\u00edsticos y territoriales de Andaluc\u00eda<\/a><\/p>\n<p><strong>Manual explicativo para realizar la consulta:<\/strong><\/p>\n<p><a href=\"https:\/\/www.lasgabias.es\/portal-transparencia\/wp-content\/uploads\/sites\/8\/2023\/03\/textoexplicativo_consulta_planes_urbanisticos.png\"><img loading=\"lazy\" decoding=\"async\" class=\"alignnone wp-image-15574 size-full\" src=\"https:\/\/www.lasgabias.es\/portal-transparencia\/wp-content\/uploads\/sites\/8\/2023\/03\/textoexplicativo_consulta_planes_urbanisticos.png\" alt=\"\" width=\"1010\" height=\"427\" \/><\/a>[\/vc_column_text][\/vc_column][\/vc_row][vc_row][vc_column][vc_empty_space height=\u00bb22px\u00bb]<div id=\"ultimate-heading-584969f5caf7ee7bd\" class=\"uvc-heading ult-adjust-bottom-margin ultimate-heading-584969f5caf7ee7bd uvc-6189  uvc-heading-default-font-sizes\" data-hspacer=\"line_only\"  data-halign=\"left\" style=\"text-align:left\"><div class=\"uvc-main-heading ult-responsive\"  data-ultimate-target='.uvc-heading.ultimate-heading-584969f5caf7ee7bd h4'  data-responsive-json-new='{\"font-size\":\"\",\"line-height\":\"\"}' ><h4 style=\"--font-weight:theme;\">PGOU ADAPTACION PARCIAL Noviembre 2.009 II<\/h4><\/div><div class=\"uvc-heading-spacer line_only\" style=\"topheight:2px;\"><span class=\"uvc-headings-line\" style=\"border-style:solid;border-bottom-width:2px;border-color:#ccc;width:autopx;\"><\/span><\/div><\/div>[vc_empty_space height=\u00bb12px\u00bb][vc_tta_tabs][vc_tta_section title=\u00bbCARTOGRAFIA\u00bb tab_id=\u00bb1685533357784-4eb6bb71-7171&#8243;]<div class=\"standard-arrow list-divider bullet-top\"><ul>\n<li><a href=\"https:\/\/www.lasgabias.es\/portal-transparencia\/wp-content\/uploads\/sites\/8\/2023\/05\/A-1A-PLANEAMIENTO-VIGENTE-NNSS.pdf\">A-1A-PLANEAMIENTO VIGENTE NNSS<\/a><\/li>\n<li><a href=\"https:\/\/www.lasgabias.es\/portal-transparencia\/wp-content\/uploads\/sites\/8\/2023\/05\/A-1B-PLANEAMIENTO-VIGENTE-NNSS.pdf\" target=\"_blank\" rel=\"noopener\">A-1B-PLANEAMIENTO VIGENTE NNSS<\/a><\/li>\n<li><a href=\"https:\/\/www.lasgabias.es\/portal-transparencia\/wp-content\/uploads\/sites\/8\/2023\/05\/A-2A-GRADO-DE-EJECUCION-NNSS.pdf\" target=\"_blank\" rel=\"noopener\">A-2A-GRADO DE EJECUCION NNSS<\/a><\/li>\n<li><a href=\"https:\/\/www.lasgabias.es\/portal-transparencia\/wp-content\/uploads\/sites\/8\/2023\/05\/A-2B-GRADO-DE-EJECUCION-NNSS.pdf\" target=\"_blank\" rel=\"noopener\">A-2B-GRADO DE EJECUCION NNSS<\/a><\/li>\n<li><a href=\"https:\/\/www.lasgabias.es\/portal-transparencia\/wp-content\/uploads\/sites\/8\/2023\/05\/A-3A-ADAPTACION-PARCIAL-A-LA-LOUA.pdf\" target=\"_blank\" rel=\"noopener\">A-3A-ADAPTACION PARCIAL A LA LOUA<\/a><\/li>\n<li><a href=\"https:\/\/www.lasgabias.es\/portal-transparencia\/wp-content\/uploads\/sites\/8\/2023\/05\/A-3B-ADAPTACION-PARCIAL-A-LA-LOUA.pdf\" target=\"_blank\" rel=\"noopener\">A-3B-ADAPTACION PARCIAL A LA LOUA<\/a><\/li>\n<li><a href=\"https:\/\/www.lasgabias.es\/portal-transparencia\/wp-content\/uploads\/sites\/8\/2023\/05\/B-1A-PROTECCION-NNSS.pdf\" target=\"_blank\" rel=\"noopener\">B-1A-PROTECCION-NNSS<\/a><\/li>\n<li><a href=\"https:\/\/www.lasgabias.es\/portal-transparencia\/wp-content\/uploads\/sites\/8\/2023\/05\/B-1B-PROTECCION-NNSS.pdf\" target=\"_blank\" rel=\"noopener\">B-1B-PROTECCION-NNSS<\/a><\/li>\n<li><a href=\"https:\/\/www.lasgabias.es\/portal-transparencia\/wp-content\/uploads\/sites\/8\/2023\/05\/B-2A-PROTECCION-SOBREVENIDA.pdf\" target=\"_blank\" rel=\"noopener\">B-2A-PROTECCION-SOBREVENIDA<\/a><\/li>\n<li><a href=\"https:\/\/www.lasgabias.es\/portal-transparencia\/wp-content\/uploads\/sites\/8\/2023\/05\/B-2B-PROTECCION-SOBREVENIDA.pdf\" target=\"_blank\" rel=\"noopener\">B-2B-PROTECCION-SOBREVENIDA<\/a><\/li>\n<li><a href=\"https:\/\/www.lasgabias.es\/portal-transparencia\/wp-content\/uploads\/sites\/8\/2023\/05\/B-3A-PROTECCION-APT-LOUA.pdf\" target=\"_blank\" rel=\"noopener\">B-3A-PROTECCION-APT LOUA<\/a><\/li>\n<li><a href=\"https:\/\/www.lasgabias.es\/portal-transparencia\/wp-content\/uploads\/sites\/8\/2023\/05\/B-3B-PROTECCION-APT-LOUA.pdf\" target=\"_blank\" rel=\"noopener\">B-3B-PROTECCION-APT LOUA<\/a><\/li>\n<li><a href=\"https:\/\/www.lasgabias.es\/portal-transparencia\/wp-content\/uploads\/sites\/8\/2023\/05\/C-1A-SISTEMAS-GENERALES-NNSS.pdf\" target=\"_blank\" rel=\"noopener\">C-1A-SISTEMAS GENERALES NNSS<\/a><\/li>\n<li><a href=\"https:\/\/www.lasgabias.es\/portal-transparencia\/wp-content\/uploads\/sites\/8\/2023\/05\/C-1B-SISTEMAS-GENERALES-NNSS.pdf\" target=\"_blank\" rel=\"noopener\">C-1B-SISTEMAS GENERALES NNSS<\/a><\/li>\n<li><a href=\"https:\/\/www.lasgabias.es\/portal-transparencia\/wp-content\/uploads\/sites\/8\/2023\/05\/C-2A-SISTEMAS-GENERALES.pdf\" target=\"_blank\" rel=\"noopener\">C-2A-SISTEMAS GENERALES<\/a><\/li>\n<li><a href=\"https:\/\/www.lasgabias.es\/portal-transparencia\/wp-content\/uploads\/sites\/8\/2023\/05\/C-2B-SISTEMAS-GENERALES.pdf\" target=\"_blank\" rel=\"noopener\">C-2B-SISTEMAS GENERALES<\/a><\/li>\n<li><a href=\"https:\/\/www.lasgabias.es\/portal-transparencia\/wp-content\/uploads\/sites\/8\/2023\/05\/D-1A-USOS-DENSIDADES-Y-EDIFICABILIDADES-NNSS.pdf\" target=\"_blank\" rel=\"noopener\">D-1A-USOS, DENSIDADES Y EDIFICABILIDADES-NNSS<\/a><\/li>\n<li><a href=\"https:\/\/www.lasgabias.es\/portal-transparencia\/wp-content\/uploads\/sites\/8\/2023\/05\/D-1B-USOS-DENSIDADES-Y-EDIFICABILIDADES-NNSS.pdf\" target=\"_blank\" rel=\"noopener\">D-1B-USOS, DENSIDADES Y EDIFICABILIDADES-NNSS<\/a><\/li>\n<li><a href=\"https:\/\/www.lasgabias.es\/portal-transparencia\/wp-content\/uploads\/sites\/8\/2023\/05\/D-2A-USOS-DENSIDADES-Y-EDIFICABILIDADES-APT-LOUA.pdf\" target=\"_blank\" rel=\"noopener\">D-2A-USOS, DENSIDADES Y EDIFICABILIDADES-APT LOUA<\/a><\/li>\n<li><a href=\"https:\/\/www.lasgabias.es\/portal-transparencia\/wp-content\/uploads\/sites\/8\/2023\/05\/D-2B-USOS-DENSIDADES-Y-EDIFICABILIDADES-APT-LOUA.pdf\" target=\"_blank\" rel=\"noopener\">D-2B-USOS, DENSIDADES Y EDIFICABILIDADES-APT LOUA<\/a><\/li>\n<li><a href=\"https:\/\/www.lasgabias.es\/portal-transparencia\/wp-content\/uploads\/sites\/8\/2023\/05\/E-1A-RED-DE-TRAFICO-MUNICIPAL-Y-SUPRAMUNICIPAL.-ADAP-PARCIAL.pdf\" target=\"_blank\" rel=\"noopener\">E-1A-RED DE TRAFICO MUNICIPAL Y SUPRAMUNICIPAL. ADAP PARCIAL<\/a><\/li>\n<li><a href=\"https:\/\/www.lasgabias.es\/portal-transparencia\/wp-content\/uploads\/sites\/8\/2023\/05\/E-1B-RED-DE-TRAFICO-MUNICIPAL-Y-SUPRAMUNICIPAL.-ADAP-PARCIAL.pdf\" target=\"_blank\" rel=\"noopener\">E-1B-RED DE TRAFICO MUNICIPAL Y SUPRAMUNICIPAL. ADAP PARCIAL<\/a><\/li>\n<li><a href=\"https:\/\/www.lasgabias.es\/portal-transparencia\/wp-content\/uploads\/sites\/8\/2023\/05\/F-1A-AFECCIONES-TERRITORIALES.pdf\" target=\"_blank\" rel=\"noopener\">F-1A-AFECCIONES TERRITORIALES<\/a><\/li>\n<li><a href=\"https:\/\/www.lasgabias.es\/portal-transparencia\/wp-content\/uploads\/sites\/8\/2023\/05\/F-1B-AFECCIONES-TERRITORIALES.pdf\" target=\"_blank\" rel=\"noopener\">F-1B-AFECCIONES TERRITORIALES<\/a><\/li>\n<\/ul>\n<\/div>[\/vc_tta_section][vc_tta_section title=\u00bbMEMORIA\u00bb tab_id=\u00bb1685533357793-1e2b300d-62cd\u00bb]<div class=\"standard-arrow list-divider bullet-top\"><ul>\n<li><a href=\"https:\/\/www.lasgabias.es\/portal-transparencia\/wp-content\/uploads\/sites\/8\/2023\/06\/MEMORIA-Adaptacion-Parcial-a-la-LOUA-Las-Gabias-091123.pdf\" target=\"_blank\" rel=\"noopener\">MEMORIA ADAPTACI\u00d3N PARCIAL A LA LOUA<\/a><\/li>\n<li><a href=\"https:\/\/www.lasgabias.es\/portal-transparencia\/wp-content\/uploads\/sites\/8\/2023\/06\/NORMATIVA-Adaptacion-Parcial-a-la-LOUA-Las-Gabias.pdf\" target=\"_blank\" rel=\"noopener\">NORMATIVA ADAPTACI\u00d3N PARCIALA LA LOUA<\/a><\/li>\n<\/ul>\n<\/div>[\/vc_tta_section][vc_tta_section title=\u00bbPLANOS NNSS\u00bb tab_id=\u00bb1685533435434-f592e099-305d\u00bb]<div class=\"standard-arrow list-divider bullet-top\"><ul>\n<li>ALINEACIONES\n<ul>\n<li><a href=\"https:\/\/www.lasgabias.es\/portal-transparencia\/wp-content\/uploads\/sites\/8\/2023\/06\/AP1.pdf\" target=\"_blank\" rel=\"noopener\">AP1<\/a><\/li>\n<li><a href=\"https:\/\/www.lasgabias.es\/portal-transparencia\/wp-content\/uploads\/sites\/8\/2023\/06\/AP2.pdf\" target=\"_blank\" rel=\"noopener\">AP2<\/a><\/li>\n<li><a href=\"https:\/\/www.lasgabias.es\/portal-transparencia\/wp-content\/uploads\/sites\/8\/2023\/06\/AP3.pdf\" target=\"_blank\" rel=\"noopener\">AP3<\/a><\/li>\n<li><a href=\"https:\/\/www.lasgabias.es\/portal-transparencia\/wp-content\/uploads\/sites\/8\/2023\/06\/AP4.pdf\" target=\"_blank\" rel=\"noopener\">AP4<\/a><\/li>\n<li><a href=\"https:\/\/www.lasgabias.es\/portal-transparencia\/wp-content\/uploads\/sites\/8\/2023\/06\/AP5.pdf\" target=\"_blank\" rel=\"noopener\">AP5<\/a><\/li>\n<\/ul>\n<\/li>\n<li>USOS\n<ul>\n<li><a href=\"https:\/\/www.lasgabias.es\/portal-transparencia\/wp-content\/uploads\/sites\/8\/2023\/06\/USOS-P1.pdf\" target=\"_blank\" rel=\"noopener\">P1<\/a><\/li>\n<li><a href=\"https:\/\/www.lasgabias.es\/portal-transparencia\/wp-content\/uploads\/sites\/8\/2023\/06\/USOS-P2.pdf\" target=\"_blank\" rel=\"noopener\">P2<\/a><\/li>\n<li><a href=\"https:\/\/www.lasgabias.es\/portal-transparencia\/wp-content\/uploads\/sites\/8\/2023\/06\/USOS-P3.pdf\" target=\"_blank\" rel=\"noopener\">P3<\/a><\/li>\n<li><a href=\"https:\/\/www.lasgabias.es\/portal-transparencia\/wp-content\/uploads\/sites\/8\/2023\/06\/USOS-P4.pdf\" target=\"_blank\" rel=\"noopener\">P4<\/a><\/li>\n<li><a href=\"https:\/\/www.lasgabias.es\/portal-transparencia\/wp-content\/uploads\/sites\/8\/2023\/06\/USOS-P5.pdf\" target=\"_blank\" rel=\"noopener\">P5<\/a><\/li>\n<\/ul>\n<\/li>\n<\/ul>\n<\/div>[\/vc_tta_section][vc_tta_section title=\u00bbNORMAS GENERALES DE EDIFICACI\u00d3N\u00bb tab_id=\u00bb1776160890187-7aa43f09-21ae\u00bb]<div class=\"standard-arrow list-divider bullet-top\"><ul>\n<li><a href=\"https:\/\/www.lasgabias.es\/portal-transparencia\/wp-content\/uploads\/sites\/8\/2026\/04\/bop-ordenanzas.pdf\" target=\"_blank\" rel=\"noopener\">Normas Generales de Edificaci\u00f3n (BOP)<\/a><\/li>\n<\/ul>\n<\/div>[\/vc_tta_section][\/vc_tta_tabs][\/vc_column][\/vc_row]<\/p>\n<\/div>","protected":false},"excerpt":{"rendered":"<p>[vc_row][vc_column][vc_column_text]Consulta del Planeamiento Urban\u00edstico de Las Gabias en la Consejer\u00eda de Obras P\u00fablicas y Vivienda &#8211; Junta de Andaluc\u00eda Enlace: Consulta de planes urban\u00edsticos y territoriales de Andaluc\u00eda Manual explicativo para realizar la consulta: [\/vc_column_text][\/vc_column][\/vc_row][vc_row][vc_column][vc_empty_space height=\u00bb22px\u00bb][vc_empty_space height=\u00bb12px\u00bb][vc_tta_tabs][vc_tta_section title=\u00bbCARTOGRAFIA\u00bb tab_id=\u00bb1685533357784-4eb6bb71-7171&#8243;][\/vc_tta_section][vc_tta_section title=\u00bbMEMORIA\u00bb tab_id=\u00bb1685533357793-1e2b300d-62cd\u00bb][\/vc_tta_section][vc_tta_section title=\u00bbPLANOS NNSS\u00bb tab_id=\u00bb1685533435434-f592e099-305d\u00bb][\/vc_tta_section][vc_tta_section title=\u00bbNORMAS GENERALES DE EDIFICACI\u00d3N\u00bb tab_id=\u00bb1776160890187-7aa43f09-21ae\u00bb][\/vc_tta_section][\/vc_tta_tabs][\/vc_column][\/vc_row]<\/p>\n","protected":false},"author":141,"featured_media":0,"parent":1942,"menu_order":0,"comment_status":"closed","ping_status":"closed","template":"","meta":{"_acf_changed":false,"footnotes":""},"class_list":["post-2078","page","type-page","status-publish","hentry","description-off"],"acf":[],"_links":{"self":[{"href":"https:\/\/www.lasgabias.es\/portal-transparencia\/wp-json\/wp\/v2\/pages\/2078","targetHints":{"allow":["GET"]}}],"collection":[{"href":"https:\/\/www.lasgabias.es\/portal-transparencia\/wp-json\/wp\/v2\/pages"}],"about":[{"href":"https:\/\/www.lasgabias.es\/portal-transparencia\/wp-json\/wp\/v2\/types\/page"}],"author":[{"embeddable":true,"href":"https:\/\/www.lasgabias.es\/portal-transparencia\/wp-json\/wp\/v2\/users\/141"}],"replies":[{"embeddable":true,"href":"https:\/\/www.lasgabias.es\/portal-transparencia\/wp-json\/wp\/v2\/comments?post=2078"}],"version-history":[{"count":11,"href":"https:\/\/www.lasgabias.es\/portal-transparencia\/wp-json\/wp\/v2\/pages\/2078\/revisions"}],"predecessor-version":[{"id":8693,"href":"https:\/\/www.lasgabias.es\/portal-transparencia\/wp-json\/wp\/v2\/pages\/2078\/revisions\/8693"}],"up":[{"embeddable":true,"href":"https:\/\/www.lasgabias.es\/portal-transparencia\/wp-json\/wp\/v2\/pages\/1942"}],"wp:attachment":[{"href":"https:\/\/www.lasgabias.es\/portal-transparencia\/wp-json\/wp\/v2\/media?parent=2078"}],"curies":[{"name":"wp","href":"https:\/\/api.w.org\/{rel}","templated":true}]}}