{"id":2362,"date":"2022-02-22T12:18:44","date_gmt":"2022-02-22T11:18:44","guid":{"rendered":"https:\/\/www.lasgabias.es\/portal-transparencia\/?page_id=2362"},"modified":"2026-02-23T12:09:18","modified_gmt":"2026-02-23T11:09:18","slug":"plan-anual-de-contratacion","status":"publish","type":"page","link":"https:\/\/www.lasgabias.es\/portal-transparencia\/transparencia-en-contrataciones-convenios-y-subvenciones\/plan-anual-de-contratacion\/","title":{"rendered":"Plan anual de contrataci\u00f3n"},"content":{"rendered":"<div class=\"wpb-content-wrapper\"><p>[vc_row][vc_column]<div id=\"ultimate-heading-29516a01ca2451eec\" class=\"uvc-heading ult-adjust-bottom-margin ultimate-heading-29516a01ca2451eec uvc-1991  uvc-heading-default-font-sizes\" data-hspacer=\"no_spacer\"  data-halign=\"left\" style=\"text-align:left\"><div class=\"uvc-heading-spacer no_spacer\" style=\"top\"><\/div><div class=\"uvc-main-heading ult-responsive\"  data-ultimate-target='.uvc-heading.ultimate-heading-29516a01ca2451eec h2'  data-responsive-json-new='{\"font-size\":\"\",\"line-height\":\"\"}' ><h2 style=\"font-weight:bold;margin-bottom:25px;\">Plan anual de contrataci\u00f3n<\/h2><\/div><\/div>[vc_tta_tabs section_title_tag=\u00bbh5&#8243; style=\u00bbmodern\u00bb color=\u00bbmulled-wine\u00bb active_section=\u00bb1&#8243;][vc_tta_section title=\u00bb2026&#8243; tab_id=\u00bb1672740787896-fc38f521-dd7e\u00bb][vc_empty_space]<div class=\"standard-arrow bullet-top\"><ul>\n<li><a href=\"https:\/\/www.lasgabias.es\/portal-transparencia\/wp-content\/uploads\/sites\/8\/2026\/02\/Anuncio-Plan-Anual-de-Contratacion-2026.pdf\" target=\"_blank\" rel=\"noopener\">Plan anual de contrataci\u00f3n 2026<\/a><\/li>\n<\/ul>\n<\/div>[\/vc_tta_section][vc_tta_section title=\u00bb2025&#8243; tab_id=\u00bb1771839431051-5deeb36f-39db\u00bb][vc_empty_space]<div class=\"standard-arrow bullet-top\"><ul>\n<li><a href=\"https:\/\/www.lasgabias.es\/portal-transparencia\/wp-content\/uploads\/sites\/8\/2025\/01\/ANUNCIO-PLAN-ANUAL-CONTRATACION-2025.pdf\" target=\"_blank\" rel=\"noopener\">Plan anual de contrataci\u00f3n 2025<\/a><\/li>\n<\/ul>\n<\/div>[\/vc_tta_section][vc_tta_section title=\u00bb2024&#8243; tab_id=\u00bb1735810402869-744ed706-a3a4&#8243;][vc_empty_space]<div class=\"standard-arrow bullet-top\"><ul>\n<li><a href=\"https:\/\/www.lasgabias.es\/portal-transparencia\/wp-content\/uploads\/sites\/8\/2023\/12\/ANUNCIO-PLAN-ANUAL-DE-CONTRATACION-2024.pdf\" target=\"_blank\" rel=\"noopener\">Plan anual de contrataci\u00f3n 2024<\/a><\/li>\n<\/ul>\n<\/div>[\/vc_tta_section][vc_tta_section title=\u00bb2023&#8243; tab_id=\u00bb1703763061719-3450982d-266c\u00bb][vc_empty_space]<div class=\"standard-arrow bullet-top\"><ul>\n<li><a href=\"https:\/\/www.lasgabias.es\/portal-transparencia\/wp-content\/uploads\/sites\/8\/2023\/03\/ANUNCIO-PLAN-CONTRATACION-2023.pdf\" target=\"_blank\" rel=\"noopener\">Plan anual de contrataci\u00f3n 2023<\/a><\/li>\n<li><a href=\"https:\/\/www.lasgabias.es\/portal-transparencia\/wp-content\/uploads\/sites\/8\/2024\/06\/INFORME-EVALUCACION-PLAN-ANUAL-CONTRATACION-2023-1.pdf\" target=\"_blank\" rel=\"noopener\">Informe de evaluaci\u00f3n y resultados del desarrollo y ejecuci\u00f3n del Plan Anual de Contrataci\u00f3n 2023<\/a><\/li>\n<\/ul>\n<\/div>[\/vc_tta_section][vc_tta_section title=\u00bb2022&#8243; tab_id=\u00bb1645614703376-8ccb0aab-ccb6&#8243;][vc_empty_space]<div class=\"standard-arrow list-divider bullet-top\"><ul>\n<li><a href=\"https:\/\/www.lasgabias.es\/portal-transparencia\/wp-content\/uploads\/sites\/8\/2023\/03\/Plan-anual-de-contratacion-2022.pdf\" target=\"_blank\" rel=\"noopener\">Plan anual de contrataci\u00f3n 2022<\/a><\/li>\n<li><a href=\"https:\/\/www.lasgabias.es\/portal-transparencia\/wp-content\/uploads\/sites\/8\/2023\/05\/informe-de-evaluacion.pdf\" target=\"_blank\" rel=\"noopener\">Informe de evaluaci\u00f3n y resultados del desarrollo y ejecuci\u00f3n del Plan Anual de Contrataci\u00f3n 2022<\/a><\/li>\n<\/ul>\n<\/div>[\/vc_tta_section][vc_tta_section title=\u00bb2021&#8243; tab_id=\u00bb1645614703364-325335fa-a338&#8243;][vc_empty_space]<div class=\"standard-arrow list-divider bullet-top\"><ul>\n<li><a href=\"https:\/\/www.lasgabias.es\/portal-transparencia\/wp-content\/uploads\/sites\/8\/2023\/03\/PLAN-ANUAL-CONTRATACION-2021.pdf\" target=\"_blank\" rel=\"noopener\">Plan anual de contrataci\u00f3n 2021<\/a><\/li>\n<\/ul>\n<\/div>[\/vc_tta_section][\/vc_tta_tabs][\/vc_column][\/vc_row]<\/p>\n<\/div>","protected":false},"excerpt":{"rendered":"<p>[vc_row][vc_column][vc_tta_tabs section_title_tag=\u00bbh5&#8243; style=\u00bbmodern\u00bb color=\u00bbmulled-wine\u00bb active_section=\u00bb1&#8243;][vc_tta_section title=\u00bb2026&#8243; tab_id=\u00bb1672740787896-fc38f521-dd7e\u00bb][vc_empty_space][\/vc_tta_section][vc_tta_section title=\u00bb2025&#8243; tab_id=\u00bb1771839431051-5deeb36f-39db\u00bb][vc_empty_space][\/vc_tta_section][vc_tta_section title=\u00bb2024&#8243; tab_id=\u00bb1735810402869-744ed706-a3a4&#8243;][vc_empty_space][\/vc_tta_section][vc_tta_section title=\u00bb2023&#8243; tab_id=\u00bb1703763061719-3450982d-266c\u00bb][vc_empty_space][\/vc_tta_section][vc_tta_section title=\u00bb2022&#8243; tab_id=\u00bb1645614703376-8ccb0aab-ccb6&#8243;][vc_empty_space][\/vc_tta_section][vc_tta_section title=\u00bb2021&#8243; tab_id=\u00bb1645614703364-325335fa-a338&#8243;][vc_empty_space][\/vc_tta_section][\/vc_tta_tabs][\/vc_column][\/vc_row]<\/p>\n","protected":false},"author":141,"featured_media":0,"parent":1940,"menu_order":0,"comment_status":"closed","ping_status":"closed","template":"","meta":{"_acf_changed":false,"footnotes":""},"class_list":["post-2362","page","type-page","status-publish","hentry","description-off"],"acf":[],"_links":{"self":[{"href":"https:\/\/www.lasgabias.es\/portal-transparencia\/wp-json\/wp\/v2\/pages\/2362","targetHints":{"allow":["GET"]}}],"collection":[{"href":"https:\/\/www.lasgabias.es\/portal-transparencia\/wp-json\/wp\/v2\/pages"}],"about":[{"href":"https:\/\/www.lasgabias.es\/portal-transparencia\/wp-json\/wp\/v2\/types\/page"}],"author":[{"embeddable":true,"href":"https:\/\/www.lasgabias.es\/portal-transparencia\/wp-json\/wp\/v2\/users\/141"}],"replies":[{"embeddable":true,"href":"https:\/\/www.lasgabias.es\/portal-transparencia\/wp-json\/wp\/v2\/comments?post=2362"}],"version-history":[{"count":18,"href":"https:\/\/www.lasgabias.es\/portal-transparencia\/wp-json\/wp\/v2\/pages\/2362\/revisions"}],"predecessor-version":[{"id":8543,"href":"https:\/\/www.lasgabias.es\/portal-transparencia\/wp-json\/wp\/v2\/pages\/2362\/revisions\/8543"}],"up":[{"embeddable":true,"href":"https:\/\/www.lasgabias.es\/portal-transparencia\/wp-json\/wp\/v2\/pages\/1940"}],"wp:attachment":[{"href":"https:\/\/www.lasgabias.es\/portal-transparencia\/wp-json\/wp\/v2\/media?parent=2362"}],"curies":[{"name":"wp","href":"https:\/\/api.w.org\/{rel}","templated":true}]}}