{"id":2423,"date":"2023-03-12T20:04:42","date_gmt":"2023-03-12T19:04:42","guid":{"rendered":"https:\/\/www.lasgabias.es\/portal-transparencia\/?page_id=2423"},"modified":"2026-04-21T09:35:34","modified_gmt":"2026-04-21T07:35:34","slug":"anuncios-de-licitaciones","status":"publish","type":"page","link":"https:\/\/www.lasgabias.es\/portal-transparencia\/transparencia-en-contrataciones-convenios-y-subvenciones\/anuncios-de-licitaciones\/","title":{"rendered":"Anuncios de licitaciones"},"content":{"rendered":"<div class=\"wpb-content-wrapper\"><p>[vc_row][vc_column]<div id=\"ultimate-heading-92369f209d33aa20\" class=\"uvc-heading ult-adjust-bottom-margin ultimate-heading-92369f209d33aa20 uvc-543  uvc-heading-default-font-sizes\" data-hspacer=\"no_spacer\"  data-halign=\"left\" style=\"text-align:left\"><div class=\"uvc-heading-spacer no_spacer\" style=\"top\"><\/div><div class=\"uvc-main-heading ult-responsive\"  data-ultimate-target='.uvc-heading.ultimate-heading-92369f209d33aa20 h2'  data-responsive-json-new='{\"font-size\":\"\",\"line-height\":\"\"}' ><h2 style=\"font-weight:bold;margin-bottom:25px;\">Anuncios de licitaciones<\/h2><\/div><\/div><div class=\"standard-arrow bullet-top\"><ul>\n<li><a href=\"https:\/\/www.lasgabias.es\/portal-transparencia\/wp-content\/uploads\/sites\/8\/2025\/12\/ANUNCIO-DE-LICITACION.pdf\" target=\"_blank\" rel=\"noopener\">Contrato menor para la conformaci\u00f3n de un Consejo Local de Infancia y Adolescencia. Exp. 2025 22 25000231<\/a><\/li>\n<li><a href=\"https:\/\/www.lasgabias.es\/portal-transparencia\/wp-content\/uploads\/sites\/8\/2026\/03\/Anuncio-de-licitacion.pdf\" target=\"_blank\" rel=\"noopener\">Contrato menor de obra para llevar a cabo la reparaci\u00f3n y la completa impermeabilizaci\u00f3n de la cubierta de la piscina municipal de Las Gabias. Exp. 2026 22 26000061<\/a><\/li>\n<li><a href=\"https:\/\/www.lasgabias.es\/portal-transparencia\/wp-content\/uploads\/sites\/8\/2026\/04\/03_ANUNCIO_DE_LICITACION.pdf\" target=\"_blank\" rel=\"noopener\">Contrato menor de organizaci\u00f3n y gesti\u00f3n del Concurso Drag \u201cLas Gabias Drag Show\u00bb. Exp. 2026 22 26000093<\/a><\/li>\n<li><a href=\"https:\/\/www.lasgabias.es\/portal-transparencia\/wp-content\/uploads\/sites\/8\/2026\/04\/05_ANUNCIO_PORTAL_TRANSPARENCIAFId1392849_1392849_f.pdf\" target=\"_blank\" rel=\"noopener\">Contrato menor de servicio de dise\u00f1o, planificaci\u00f3n, coordinaci\u00f3n, organizaci\u00f3n, ejecuci\u00f3n y evaluaci\u00f3n de un programa formativo y de dinamizaci\u00f3n juvenil en el \u00e1mbito musical. Exp. 2026 22 26000088<\/a><\/li>\n<\/ul>\n<\/div>[\/vc_column][\/vc_row]<\/p>\n<\/div>","protected":false},"excerpt":{"rendered":"<p>[vc_row][vc_column][\/vc_column][\/vc_row]<\/p>\n","protected":false},"author":141,"featured_media":0,"parent":1940,"menu_order":0,"comment_status":"closed","ping_status":"closed","template":"","meta":{"_acf_changed":false,"footnotes":""},"class_list":["post-2423","page","type-page","status-publish","hentry","description-off"],"acf":[],"_links":{"self":[{"href":"https:\/\/www.lasgabias.es\/portal-transparencia\/wp-json\/wp\/v2\/pages\/2423","targetHints":{"allow":["GET"]}}],"collection":[{"href":"https:\/\/www.lasgabias.es\/portal-transparencia\/wp-json\/wp\/v2\/pages"}],"about":[{"href":"https:\/\/www.lasgabias.es\/portal-transparencia\/wp-json\/wp\/v2\/types\/page"}],"author":[{"embeddable":true,"href":"https:\/\/www.lasgabias.es\/portal-transparencia\/wp-json\/wp\/v2\/users\/141"}],"replies":[{"embeddable":true,"href":"https:\/\/www.lasgabias.es\/portal-transparencia\/wp-json\/wp\/v2\/comments?post=2423"}],"version-history":[{"count":160,"href":"https:\/\/www.lasgabias.es\/portal-transparencia\/wp-json\/wp\/v2\/pages\/2423\/revisions"}],"predecessor-version":[{"id":8712,"href":"https:\/\/www.lasgabias.es\/portal-transparencia\/wp-json\/wp\/v2\/pages\/2423\/revisions\/8712"}],"up":[{"embeddable":true,"href":"https:\/\/www.lasgabias.es\/portal-transparencia\/wp-json\/wp\/v2\/pages\/1940"}],"wp:attachment":[{"href":"https:\/\/www.lasgabias.es\/portal-transparencia\/wp-json\/wp\/v2\/media?parent=2423"}],"curies":[{"name":"wp","href":"https:\/\/api.w.org\/{rel}","templated":true}]}}