{"id":2703,"date":"2021-01-05T12:50:37","date_gmt":"2021-01-05T11:50:37","guid":{"rendered":"https:\/\/www.lasgabias.es\/portal-transparencia\/?page_id=2703"},"modified":"2023-04-18T13:37:00","modified_gmt":"2023-04-18T11:37:00","slug":"oposicion-libre-de-una-plaza-de-auxiliar-administrativo","status":"publish","type":"page","link":"https:\/\/www.lasgabias.es\/portal-transparencia\/oposicion-libre-de-una-plaza-de-auxiliar-administrativo\/","title":{"rendered":"Oposici\u00f3n libre de una plaza de Auxiliar Administrativo"},"content":{"rendered":"<div class=\"wpb-content-wrapper\"><p>[vc_row][vc_column]<div id=\"ultimate-heading-997169f7b67bd3559\" class=\"uvc-heading ult-adjust-bottom-margin ultimate-heading-997169f7b67bd3559 uvc-1865  uvc-heading-default-font-sizes\" data-hspacer=\"line_only\"  data-halign=\"left\" style=\"text-align:left\"><div class=\"uvc-main-heading ult-responsive\"  data-ultimate-target='.uvc-heading.ultimate-heading-997169f7b67bd3559 h3'  data-responsive-json-new='{\"font-size\":\"\",\"line-height\":\"\"}' ><h3 style=\"font-weight:bold;margin-bottom:10px;\">OPOSICI\u00d3N LIBRE DE UNA PLAZA DE AUXILIAR ADMINISTRATIVO<\/h3><\/div><div class=\"uvc-sub-heading ult-responsive\"  data-ultimate-target='.uvc-heading.ultimate-heading-997169f7b67bd3559 .uvc-sub-heading '  data-responsive-json-new='{\"font-size\":\"\",\"line-height\":\"\"}'  style=\"font-style:italic;font-weight:normal;margin-bottom:10px;\"><\/p>\n<p class=\"vc_custom_heading\">Documentaci\u00f3n relativa a las bases para provisi\u00f3n en propiedad, mediante oposici\u00f3n libre, de una plaza de Auxiliar Administrativo.<\/p>\n<p><\/div><div class=\"uvc-heading-spacer line_only\" style=\"topheight:1px;\"><span class=\"uvc-headings-line\" style=\"border-style:solid;border-bottom-width:1px;border-color:#828282;width:480px;\"><\/span><\/div><\/div>[vc_empty_space height=\u00bb22px\u00bb][vc_message color=\u00bbinfo\u00bb]<strong>Estado del proceso selectivo:<\/strong> Resoluci\u00f3n y acta definitiva aprobados para una plaza de auxiliar administrativo oposici\u00f3n libre. Nota aclaratoria.[\/vc_message][vc_empty_space height=\u00bb22px\u00bb][\/vc_column][\/vc_row][vc_row][vc_column][vc_tta_tabs title_tag=\u00bbh5&#8243; style=\u00bbmodern\u00bb color=\u00bbmulled-wine\u00bb active_section=\u00bb1&#8243; title=\u00bbDocumentaci\u00f3n adjunta:\u00bb][vc_tta_section i_icon_fontawesome=\u00bbfas fa-file-pdf\u00bb add_icon=\u00bbtrue\u00bb title=\u00bbBases y anuncios\u00bb tab_id=\u00bb1679074197028-2291d4ea-5b4a\u00bb][vc_row_inner][vc_column_inner]<div class=\"standard-number-list bullet-top\"><ul>\n<li><a href=\"https:\/\/www.lasgabias.es\/wp-content\/uploads\/sites\/8\/2021\/01\/1-Bases-aprobadas-en-JGL-Auxiliar-Administrativo.pdf\" target=\"_blank\" rel=\"noopener\">Bases aprobadas en Junta de Gobierno Local de Auxiliar Administrativo<\/a><\/li>\n<li><a href=\"https:\/\/www.lasgabias.es\/wp-content\/uploads\/sites\/8\/2021\/01\/2-Publicacion-en-BOP-de-las-bases-de-Auxiliar-Administrativo.pdf\" target=\"_blank\" rel=\"noopener\">Publicaci\u00f3n en BOP de las bases de Auxiliar Administrativo<\/a><\/li>\n<li><a href=\"https:\/\/www.lasgabias.es\/wp-content\/uploads\/sites\/8\/2021\/01\/BOP-14-01-2021-correcion-de-errores-Auxiliar-Administrativo.pdf\" target=\"_blank\" rel=\"noopener\">Correcci\u00f3n en BOP de bases de Auxiliar Administrativo<\/a><\/li>\n<li><a href=\"https:\/\/www.lasgabias.es\/wp-content\/uploads\/sites\/8\/2021\/01\/BOJA-publicacion-26-01-2021-Auxiliar-Administrativo.pdf\" target=\"_blank\" rel=\"noopener\">Publicaci\u00f3n en BOJA de las bases de plaza de Auxiliar Administrativo<\/a><\/li>\n<li><a href=\"https:\/\/www.lasgabias.es\/wp-content\/uploads\/sites\/8\/2021\/01\/Anuncio-BOE-plaza-Auxiliar-Administrativo.pdf\" target=\"_blank\" rel=\"noopener\">Anuncio BOE plaza Auxiliar Administrativo<\/a><\/li>\n<li><a href=\"https:\/\/www.lasgabias.es\/wp-content\/uploads\/sites\/8\/2021\/01\/Anuncio-listado-provisional-admitidos-y-excluidos-aux.-administrativo.pdf\" target=\"_blank\" rel=\"noopener\">Anuncio del listado provisional de admitidos y excluidos Aux. administrativo<\/a><\/li>\n<li><a href=\"https:\/\/www.lasgabias.es\/wp-content\/uploads\/sites\/8\/2021\/01\/Publicaci%C3%B3n-BOP-listado-definitivo-admitidos-y-fecha-de-examen-una-plaza-Auxiliar-Administrativo.pdf\" target=\"_blank\" rel=\"noopener\">Publicaci\u00f3n BOP listado definitivo admitidos y fecha de examen una plaza Auxiliar Administrativo<\/a><\/li>\n<li><a href=\"https:\/\/www.lasgabias.es\/wp-content\/uploads\/sites\/8\/2021\/01\/Publicaci%C3%B3n-BOP-rectificaci%C3%B3n-listado-definitivo-Aux.-Administ.pdf\" target=\"_blank\" rel=\"noopener\">Publicaci\u00f3n BOP rectificaci\u00f3n listado definitivo Aux. Administrativo<\/a><\/li>\n<li><a href=\"https:\/\/www.lasgabias.es\/wp-content\/uploads\/sites\/8\/2021\/01\/Anuncio-con-examen-y-plantilla-Auxiliar-Administrativo.pdf\" target=\"_blank\" rel=\"noopener\">Anuncio con examen y plantilla Auxiliar Administrativo<\/a><\/li>\n<li><a href=\"https:\/\/www.lasgabias.es\/wp-content\/uploads\/sites\/8\/2021\/01\/Resoluci%C3%B3n-alegaciones-y-prueba-test-de-la-fase-oposici%C3%B3n-Auxiliar-Administrativo.pdf\" target=\"_blank\" rel=\"noopener\">Resoluci\u00f3n alegaciones de la prueba test y calificaci\u00f3n de aprobados de la fase oposici\u00f3n Auxiliar Administrativo<\/a><\/li>\n<li><a href=\"https:\/\/www.lasgabias.es\/wp-content\/uploads\/sites\/8\/2021\/01\/Resoluci%C3%B3n-de-alegaciones-a-las-calificaciones-de-aprobados-primer-ejercicio-de-la-prueba-escrita-tipo-test-auxiliar-advo.pdf\" target=\"_blank\" rel=\"noopener\">Resoluci\u00f3n de alegaciones a las calificaciones de aprobados primer ejercicio de la prueba escrita tipo test auxiliar advo.<\/a><\/li>\n<li><a href=\"https:\/\/www.lasgabias.es\/wp-content\/uploads\/sites\/8\/2021\/01\/Resoluci%C3%B3n-calificaciones-segundo-ejercicio-fase-oposici%C3%B3n-Auxiliar-Administrativo.pdf\" target=\"_blank\" rel=\"noopener\">Resoluci\u00f3n calificaciones segundo ejercicio fase oposici\u00f3n Auxiliar Administrativo<\/a><\/li>\n<li><a href=\"https:\/\/www.lasgabias.es\/wp-content\/uploads\/sites\/8\/2021\/01\/Acta-calificaciones-definitivas-segundo-ejercicio-y-fecha-tercer-ejercicio.pdf\" target=\"_blank\" rel=\"noopener\">Acta calificaciones definitivas segundo ejercicio y fecha tercer ejercicio<\/a><\/li>\n<li><a href=\"https:\/\/www.lasgabias.es\/wp-content\/uploads\/sites\/8\/2021\/01\/Criterios-de-valoraci%C3%B3n-para-el-tercer-ejercicio-auxiliar-adminsitrativo.pdf\" target=\"_blank\" rel=\"noopener\">Criterios de valoraci\u00f3n para el tercer ejercicio auxiliar administrativo<\/a><\/li>\n<li><a href=\"https:\/\/www.lasgabias.es\/wp-content\/uploads\/sites\/8\/2021\/01\/Resoluci%C3%B3n-tercer-ejercicio-Auxiliar-Administrativo.pdf\" target=\"_blank\" rel=\"noopener\">Resoluci\u00f3n Tercer Ejercicio<\/a><\/li>\n<li><a href=\"https:\/\/www.lasgabias.es\/wp-content\/uploads\/sites\/8\/2021\/01\/Nota-tercer-ejercicio-Auxiliar-Administrativo.pdf\" target=\"_blank\" rel=\"noopener\">Calificaciones del Tercer Ejercicio<\/a><\/li>\n<li><a href=\"https:\/\/www.lasgabias.es\/wp-content\/uploads\/sites\/8\/2021\/01\/PDFsam_merge.pdf\" target=\"_blank\" rel=\"noopener\">Resoluci\u00f3n y acta definitiva aprobados para una plaza de auxiliar administrativo<\/a><\/li>\n<li><a href=\"https:\/\/www.lasgabias.es\/wp-content\/uploads\/sites\/8\/2021\/01\/DOC.pdf\" target=\"_blank\" rel=\"noopener\">Nota aclaratoria<\/a><\/li>\n<\/ul>\n<\/div>[\/vc_column_inner][\/vc_row_inner][\/vc_tta_section][vc_tta_section i_icon_fontawesome=\u00bbfar fa-file-alt\u00bb add_icon=\u00bbtrue\u00bb title=\u00bbSolicitud\u00bb tab_id=\u00bb1679074328015-641a4d7b-8df2&#8243;]<div class=\"standard-arrow list-divider bullet-top\"><ul>\n<li><a href=\"https:\/\/www.lasgabias.es\/wp-content\/uploads\/sites\/8\/2021\/01\/ANEXO-AuxiliarAdministrativo.pdf\" target=\"_blank\" rel=\"noopener\">Modelo de solicitud Autorellenable Auxiliar Administrativo<\/a><\/li>\n<\/ul>\n<\/div>[\/vc_tta_section][\/vc_tta_tabs][\/vc_column][\/vc_row][vc_row][vc_column][\/vc_column][\/vc_row]<\/p>\n<\/div>","protected":false},"excerpt":{"rendered":"<p>[vc_row][vc_column][vc_empty_space height=\u00bb22px\u00bb][vc_message color=\u00bbinfo\u00bb]Estado del proceso selectivo: Resoluci\u00f3n y acta definitiva aprobados para una plaza de auxiliar administrativo oposici\u00f3n libre. Nota aclaratoria.[\/vc_message][vc_empty_space height=\u00bb22px\u00bb][\/vc_column][\/vc_row][vc_row][vc_column][vc_tta_tabs title_tag=\u00bbh5&#8243; style=\u00bbmodern\u00bb color=\u00bbmulled-wine\u00bb active_section=\u00bb1&#8243; title=\u00bbDocumentaci\u00f3n adjunta:\u00bb][vc_tta_section i_icon_fontawesome=\u00bbfas fa-file-pdf\u00bb add_icon=\u00bbtrue\u00bb title=\u00bbBases y anuncios\u00bb tab_id=\u00bb1679074197028-2291d4ea-5b4a\u00bb][vc_row_inner][vc_column_inner][\/vc_column_inner][\/vc_row_inner][\/vc_tta_section][vc_tta_section i_icon_fontawesome=\u00bbfar fa-file-alt\u00bb add_icon=\u00bbtrue\u00bb title=\u00bbSolicitud\u00bb tab_id=\u00bb1679074328015-641a4d7b-8df2&#8243;][\/vc_tta_section][\/vc_tta_tabs][\/vc_column][\/vc_row][vc_row][vc_column][\/vc_column][\/vc_row]<\/p>\n","protected":false},"author":141,"featured_media":0,"parent":0,"menu_order":0,"comment_status":"closed","ping_status":"closed","template":"","meta":{"_acf_changed":false,"footnotes":""},"class_list":["post-2703","page","type-page","status-publish","hentry","description-off"],"acf":[],"_links":{"self":[{"href":"https:\/\/www.lasgabias.es\/portal-transparencia\/wp-json\/wp\/v2\/pages\/2703","targetHints":{"allow":["GET"]}}],"collection":[{"href":"https:\/\/www.lasgabias.es\/portal-transparencia\/wp-json\/wp\/v2\/pages"}],"about":[{"href":"https:\/\/www.lasgabias.es\/portal-transparencia\/wp-json\/wp\/v2\/types\/page"}],"author":[{"embeddable":true,"href":"https:\/\/www.lasgabias.es\/portal-transparencia\/wp-json\/wp\/v2\/users\/141"}],"replies":[{"embeddable":true,"href":"https:\/\/www.lasgabias.es\/portal-transparencia\/wp-json\/wp\/v2\/comments?post=2703"}],"version-history":[{"count":17,"href":"https:\/\/www.lasgabias.es\/portal-transparencia\/wp-json\/wp\/v2\/pages\/2703\/revisions"}],"predecessor-version":[{"id":3247,"href":"https:\/\/www.lasgabias.es\/portal-transparencia\/wp-json\/wp\/v2\/pages\/2703\/revisions\/3247"}],"wp:attachment":[{"href":"https:\/\/www.lasgabias.es\/portal-transparencia\/wp-json\/wp\/v2\/media?parent=2703"}],"curies":[{"name":"wp","href":"https:\/\/api.w.org\/{rel}","templated":true}]}}