{"id":2915,"date":"2021-01-05T13:24:10","date_gmt":"2021-01-05T12:24:10","guid":{"rendered":"https:\/\/www.lasgabias.es\/portal-transparencia\/?page_id=2915"},"modified":"2023-04-18T13:37:40","modified_gmt":"2023-04-18T11:37:40","slug":"concurso-oposicion-de-dos-plazas-de-administrativo-por-promocion-interna","status":"publish","type":"page","link":"https:\/\/www.lasgabias.es\/portal-transparencia\/concurso-oposicion-de-dos-plazas-de-administrativo-por-promocion-interna\/","title":{"rendered":"Promoci\u00f3n interna, concurso-oposici\u00f3n de dos plazas Administrativo"},"content":{"rendered":"<div class=\"wpb-content-wrapper\"><p>[vc_row][vc_column]<div id=\"ultimate-heading-607969f7b8aa859f3\" class=\"uvc-heading ult-adjust-bottom-margin ultimate-heading-607969f7b8aa859f3 uvc-2252  uvc-heading-default-font-sizes\" data-hspacer=\"line_only\"  data-halign=\"left\" style=\"text-align:left\"><div class=\"uvc-main-heading ult-responsive\"  data-ultimate-target='.uvc-heading.ultimate-heading-607969f7b8aa859f3 h3'  data-responsive-json-new='{\"font-size\":\"\",\"line-height\":\"\"}' ><h3 style=\"font-weight:bold;margin-bottom:10px;\">Concurso-oposici\u00f3n de dos plazas de Administrativo por promoci\u00f3n interna<\/h3><\/div><div class=\"uvc-sub-heading ult-responsive\"  data-ultimate-target='.uvc-heading.ultimate-heading-607969f7b8aa859f3 .uvc-sub-heading '  data-responsive-json-new='{\"font-size\":\"\",\"line-height\":\"\"}'  style=\"font-style:italic;font-weight:normal;margin-bottom:10px;\"><\/p>\n<p style=\"text-align: justify;\">Documentaci\u00f3n relativa a las bases para la provisi\u00f3n en propiedad por promoci\u00f3n interna, mediante concurso-oposici\u00f3n, de dos plazas de Administrativo.<\/p>\n<p><\/div><div class=\"uvc-heading-spacer line_only\" style=\"topheight:1px;\"><span class=\"uvc-headings-line\" style=\"border-style:solid;border-bottom-width:1px;border-color:#242424;width:480px;\"><\/span><\/div><\/div>[vc_empty_space height=\u00bb22px\u00bb][vc_message color=\u00bbinfo\u00bb]<strong>Estado del proceso selectivo:<\/strong> Resoluci\u00f3n del Tribunal[\/vc_message][vc_empty_space height=\u00bb22px\u00bb][\/vc_column][\/vc_row][vc_row][vc_column][vc_tta_tabs title_tag=\u00bbh5&#8243; style=\u00bbmodern\u00bb color=\u00bbmulled-wine\u00bb active_section=\u00bb1&#8243; title=\u00bbDocumentaci\u00f3n adjunta:\u00bb][vc_tta_section i_icon_fontawesome=\u00bbfas fa-file-pdf\u00bb add_icon=\u00bbtrue\u00bb title=\u00bbBases y anuncios\u00bb tab_id=\u00bb1679074197028-2291d4ea-5b4a\u00bb][vc_row_inner][vc_column_inner]<div class=\"standard-number-list bullet-top\"><ul>\n<li><a href=\"https:\/\/www.lasgabias.es\/wp-content\/uploads\/sites\/8\/2021\/01\/1-Bases-aprobadas-en-JGL-Administrativo-promocion-interna.pdf\" target=\"_blank\" rel=\"noopener\">Bases aprobadas en Junta de Gobierno Local de Administrativo promoci\u00f3n interna<\/a><\/li>\n<li><a href=\"https:\/\/www.lasgabias.es\/wp-content\/uploads\/sites\/8\/2021\/01\/2-Publicacion-en-BOP-de-las-bases-de-Administrativo-promocion-interna.pdf\" target=\"_blank\" rel=\"noopener\">Publicaci\u00f3n en BOP de las bases de Administrativo promoci\u00f3n interna<\/a><\/li>\n<li><a href=\"https:\/\/www.lasgabias.es\/wp-content\/uploads\/sites\/8\/2021\/01\/BOP-14-01-2021-correcion-de-errores-Administrativo-Promocion-interna.pdf\" target=\"_blank\" rel=\"noopener\">Correcci\u00f3n en BOP de las bases de Adminsitrativo promoci\u00f3n interna<\/a><\/li>\n<li><a href=\"https:\/\/www.lasgabias.es\/wp-content\/uploads\/sites\/8\/2021\/01\/BOJA-publicacion-26-01-2021-Administrativo-Promocion-interna.pdf\" target=\"_blank\" rel=\"noopener\">Publicaci\u00f3n en BOJA de las bases de Administrativo promoci\u00f3n interna<\/a><\/li>\n<li><a href=\"https:\/\/www.lasgabias.es\/wp-content\/uploads\/sites\/8\/2021\/01\/Anuncio-BOE-plazas-Administrativo-Promocion-interna.pdf\" target=\"_blank\" rel=\"noopener\">Anuncio BOE plazas Administrativo Promoci\u00f3n interna<\/a><\/li>\n<li><a href=\"https:\/\/www.lasgabias.es\/wp-content\/uploads\/sites\/8\/2021\/01\/Anuncio-listado-provisional-admitidos-y-exlcuidos-Administrativo-promoci%C3%B3n-interna.pdf\" target=\"_blank\" rel=\"noopener\">Anuncio listado provisional de admitidos y excluidos plazas de administrativo promoci\u00f3n interna<\/a><\/li>\n<li><a href=\"https:\/\/www.lasgabias.es\/wp-content\/uploads\/sites\/8\/2021\/01\/Anuncio-Listado-definitivo-dos-plazas-de-Administrativo-promoci%C3%B3n-interna.pdf\" target=\"_blank\" rel=\"noopener\">Anuncio Listado definitivo dos plazas de administrativo promoci\u00f3n interna<\/a><\/li>\n<li><a href=\"https:\/\/www.lasgabias.es\/wp-content\/uploads\/sites\/8\/2021\/01\/NORMAS-FUNCIONAMIENTO-TRIBUNAL-CALIFICADOR.pdf\" target=\"_blank\" rel=\"noopener\">Normas Funcionamiento del Tribunal Calificador<\/a><\/li>\n<li><a href=\"https:\/\/www.lasgabias.es\/wp-content\/uploads\/sites\/8\/2021\/01\/ANUNCIO-FASE-DE-CONCURSO.pdf\" target=\"_blank\" rel=\"noopener\">Anuncio fase de concurso<\/a><\/li>\n<li><a href=\"https:\/\/www.lasgabias.es\/wp-content\/uploads\/sites\/8\/2021\/01\/ANUNCIO-FASE-CONCURSO-DEFINITIVO.pdf\" target=\"_blank\" rel=\"noopener\">Anuncio fase de concurso definitivo<\/a><\/li>\n<li><a href=\"https:\/\/www.lasgabias.es\/wp-content\/uploads\/sites\/8\/2021\/01\/ANUNCIO-EXAMEN-Y-PLANTILLA.pdf\" target=\"_blank\" rel=\"noopener\">Anuncio Examen y Plantilla<\/a><\/li>\n<li><a href=\"https:\/\/www.lasgabias.es\/wp-content\/uploads\/sites\/8\/2021\/01\/ANUNCIO-CALIFICACIONES-PRIMER-EJERCICIO-OPOSICI%C3%93N.pdf\" target=\"_blank\" rel=\"noopener\">Anuncio calificaciones primer ejercicio oposici\u00f3n<\/a><\/li>\n<li><a href=\"https:\/\/www.lasgabias.es\/wp-content\/uploads\/sites\/8\/2021\/01\/CRITERIOS-DE-CORRECCI%C3%93N-1.pdf\" target=\"_blank\" rel=\"noopener\">Criterios de correcci\u00f3n del segundo ejercicio<\/a><\/li>\n<li><a href=\"https:\/\/www.lasgabias.es\/wp-content\/uploads\/sites\/8\/2021\/01\/ANUNCIO-CALIFICACIONES-SEGUNDO-EJERCICIO-ADMINISTRATIVO-1.pdf\" target=\"_blank\" rel=\"noopener\">Anuncio de calificaciones segundo ejercicio oposici\u00f3n<\/a><\/li>\n<li><a href=\"https:\/\/www.lasgabias.es\/wp-content\/uploads\/sites\/8\/2021\/01\/RESOLUCI%C3%93N-plaza-administrativo.pdf\" target=\"_blank\" rel=\"noopener\">Resoluci\u00f3n del tribunal<\/a><\/li>\n<\/ul>\n<\/div>[\/vc_column_inner][\/vc_row_inner][\/vc_tta_section][vc_tta_section i_icon_fontawesome=\u00bbfar fa-file-alt\u00bb add_icon=\u00bbtrue\u00bb title=\u00bbSolicitud\u00bb tab_id=\u00bb1679074328015-641a4d7b-8df2&#8243;]<div class=\"standard-arrow list-divider bullet-top\"><ul>\n<li><a href=\"https:\/\/www.lasgabias.es\/wp-content\/uploads\/sites\/8\/2021\/01\/ANEXO-Administrativos.pdf\" target=\"_blank\" rel=\"noopener\">Modelo de solicitud Autorrellenable Administrativo promoci\u00f3n interna<\/a><\/li>\n<\/ul>\n<\/div>[\/vc_tta_section][\/vc_tta_tabs][\/vc_column][\/vc_row][vc_row][vc_column][\/vc_column][\/vc_row]<\/p>\n<\/div>","protected":false},"excerpt":{"rendered":"<p>[vc_row][vc_column][vc_empty_space height=\u00bb22px\u00bb][vc_message color=\u00bbinfo\u00bb]Estado del proceso selectivo: Resoluci\u00f3n del Tribunal[\/vc_message][vc_empty_space height=\u00bb22px\u00bb][\/vc_column][\/vc_row][vc_row][vc_column][vc_tta_tabs title_tag=\u00bbh5&#8243; style=\u00bbmodern\u00bb color=\u00bbmulled-wine\u00bb active_section=\u00bb1&#8243; title=\u00bbDocumentaci\u00f3n adjunta:\u00bb][vc_tta_section i_icon_fontawesome=\u00bbfas fa-file-pdf\u00bb add_icon=\u00bbtrue\u00bb title=\u00bbBases y anuncios\u00bb tab_id=\u00bb1679074197028-2291d4ea-5b4a\u00bb][vc_row_inner][vc_column_inner][\/vc_column_inner][\/vc_row_inner][\/vc_tta_section][vc_tta_section i_icon_fontawesome=\u00bbfar fa-file-alt\u00bb add_icon=\u00bbtrue\u00bb title=\u00bbSolicitud\u00bb tab_id=\u00bb1679074328015-641a4d7b-8df2&#8243;][\/vc_tta_section][\/vc_tta_tabs][\/vc_column][\/vc_row][vc_row][vc_column][\/vc_column][\/vc_row]<\/p>\n","protected":false},"author":141,"featured_media":0,"parent":0,"menu_order":0,"comment_status":"closed","ping_status":"closed","template":"","meta":{"_acf_changed":false,"footnotes":""},"class_list":["post-2915","page","type-page","status-publish","hentry","description-off"],"acf":[],"_links":{"self":[{"href":"https:\/\/www.lasgabias.es\/portal-transparencia\/wp-json\/wp\/v2\/pages\/2915","targetHints":{"allow":["GET"]}}],"collection":[{"href":"https:\/\/www.lasgabias.es\/portal-transparencia\/wp-json\/wp\/v2\/pages"}],"about":[{"href":"https:\/\/www.lasgabias.es\/portal-transparencia\/wp-json\/wp\/v2\/types\/page"}],"author":[{"embeddable":true,"href":"https:\/\/www.lasgabias.es\/portal-transparencia\/wp-json\/wp\/v2\/users\/141"}],"replies":[{"embeddable":true,"href":"https:\/\/www.lasgabias.es\/portal-transparencia\/wp-json\/wp\/v2\/comments?post=2915"}],"version-history":[{"count":4,"href":"https:\/\/www.lasgabias.es\/portal-transparencia\/wp-json\/wp\/v2\/pages\/2915\/revisions"}],"predecessor-version":[{"id":3244,"href":"https:\/\/www.lasgabias.es\/portal-transparencia\/wp-json\/wp\/v2\/pages\/2915\/revisions\/3244"}],"wp:attachment":[{"href":"https:\/\/www.lasgabias.es\/portal-transparencia\/wp-json\/wp\/v2\/media?parent=2915"}],"curies":[{"name":"wp","href":"https:\/\/api.w.org\/{rel}","templated":true}]}}