{"id":2917,"date":"2021-01-29T13:02:12","date_gmt":"2021-01-29T12:02:12","guid":{"rendered":"https:\/\/www.lasgabias.es\/portal-transparencia\/?page_id=2917"},"modified":"2023-04-18T13:37:13","modified_gmt":"2023-04-18T11:37:13","slug":"oposicion-libre-plaza-de-arquitecto","status":"publish","type":"page","link":"https:\/\/www.lasgabias.es\/portal-transparencia\/oposicion-libre-plaza-de-arquitecto\/","title":{"rendered":"Oposici\u00f3n libre plaza de Arquitecto"},"content":{"rendered":"<div class=\"wpb-content-wrapper\"><p>[vc_row][vc_column]<div id=\"ultimate-heading-50069f7b85f43157\" class=\"uvc-heading ult-adjust-bottom-margin ultimate-heading-50069f7b85f43157 uvc-5427  uvc-heading-default-font-sizes\" data-hspacer=\"no_spacer\"  data-halign=\"left\" style=\"text-align:left\"><div class=\"uvc-heading-spacer no_spacer\" style=\"top\"><\/div><div class=\"uvc-main-heading ult-responsive\"  data-ultimate-target='.uvc-heading.ultimate-heading-50069f7b85f43157 h3'  data-responsive-json-new='{\"font-size\":\"\",\"line-height\":\"\"}' ><h3 style=\"font-weight:bold;margin-bottom:10px;\">Oposici\u00f3n libre plaza de Arquitecto<\/h3><\/div><div class=\"uvc-sub-heading ult-responsive\"  data-ultimate-target='.uvc-heading.ultimate-heading-50069f7b85f43157 .uvc-sub-heading '  data-responsive-json-new='{\"font-size\":\"\",\"line-height\":\"\"}'  style=\"font-style:italic;font-weight:normal;margin-bottom:10px;\"><\/p>\n<p style=\"text-align: justify;\">Documentaci\u00f3n relativa para la provisi\u00f3n en propiedad de una plaza de Arquitecto Superior, vacante en la plantilla de personal funcionario del Ayuntamiento de Las Gabias, puesto de trabajo clasificado en la Escala de Administraci\u00f3n Especial, Subescala T\u00e9cnica, Clase Superior, encuadrado en el Subgrupo A1<\/p>\n<p><\/div><\/div>[vc_empty_space height=\u00bb22px\u00bb][vc_message color=\u00bbinfo\u00bb]<strong>Estado del proceso selectivo:<\/strong> Resoluci\u00f3n del Tribunal[\/vc_message][vc_empty_space height=\u00bb22px\u00bb][\/vc_column][\/vc_row][vc_row][vc_column][vc_tta_tabs title_tag=\u00bbh5&#8243; style=\u00bbmodern\u00bb color=\u00bbmulled-wine\u00bb active_section=\u00bb1&#8243; title=\u00bbDocumentaci\u00f3n adjunta:\u00bb][vc_tta_section i_icon_fontawesome=\u00bbfas fa-file-pdf\u00bb add_icon=\u00bbtrue\u00bb title=\u00bbBases y anuncios\u00bb tab_id=\u00bb1679074197028-2291d4ea-5b4a\u00bb][vc_row_inner][vc_column_inner]<div class=\"standard-number-list bullet-top\"><ul>\n<li><a href=\"https:\/\/www.lasgabias.es\/wp-content\/uploads\/sites\/8\/2021\/01\/Arquitecto-bases-aprobadas-en-JGL.pdf\" target=\"_blank\" rel=\"noopener\">Bases aprobadas en JGL plaza Arquitecto<\/a><\/li>\n<li><a href=\"https:\/\/www.lasgabias.es\/wp-content\/uploads\/sites\/8\/2021\/01\/Publicacion-BOP-bases-Arquitecto.pdf\" target=\"_blank\" rel=\"noopener\">Publicaci\u00f3n en BOP bases plaza Arquitecto<\/a><\/li>\n<li><a href=\"https:\/\/www.lasgabias.es\/wp-content\/uploads\/sites\/8\/2021\/01\/Publicacion-BOJA-Arquitecto.pdf\" target=\"_blank\" rel=\"noopener\">Publicaci\u00f3n en BOJA bases Arquitecto<\/a><\/li>\n<li><a href=\"https:\/\/www.lasgabias.es\/wp-content\/uploads\/sites\/8\/2021\/01\/Publicacion-BOE-Arquitecto.pdf\" target=\"_blank\" rel=\"noopener\">Publicaci\u00f3n en BOE bases Arquitecto<\/a><\/li>\n<li><a href=\"https:\/\/www.lasgabias.es\/wp-content\/uploads\/sites\/8\/2021\/01\/Solicitud-autorellenable-Arquitecto.pdf\" target=\"_blank\" rel=\"noopener\">Solicitud autorrellenable de admisi\u00f3n a la convocatoria<\/a><\/li>\n<li><a href=\"https:\/\/www.lasgabias.es\/wp-content\/uploads\/sites\/8\/2021\/01\/Anuncio-Listado-provisional-admitidos-y-excluidos-plaza-Arquitecto.pdf\" target=\"_blank\" rel=\"noopener\">Anuncio Listado provisional admitidos y excluidos plaza Arquitecto<\/a><\/li>\n<li><a href=\"https:\/\/www.lasgabias.es\/wp-content\/uploads\/sites\/8\/2021\/01\/Publicaci%C3%B3n-BOP-listado-definitivo-y-fecha-primer-ejercicio-para-una-plaza-de-Arquitecto.pdf\" target=\"_blank\" rel=\"noopener\">Anuncio listado definitivo y fecha primer ejercicio plaza de Arquitecto<\/a><\/li>\n<li><a href=\"https:\/\/www.lasgabias.es\/wp-content\/uploads\/sites\/8\/2021\/01\/Publicaci%C3%B3n-BOP-de-la-ampliaci%C3%B3n-del-listado-de-admitidos-Arquitecto.pdf\" target=\"_blank\" rel=\"noopener\">Publicaci\u00f3n BOP de la ampliaci\u00f3n del listado de admitidos Arquitecto<\/a><\/li>\n<li><a href=\"https:\/\/www.lasgabias.es\/wp-content\/uploads\/sites\/8\/2021\/01\/EXAMEN-Y-PLANTILLA.pdf\" target=\"_blank\" rel=\"noopener\">Anuncio de examen y plantilla de correcci\u00f3n plaza de Arquitecto<\/a><\/li>\n<li><a href=\"https:\/\/www.lasgabias.es\/wp-content\/uploads\/sites\/8\/2021\/01\/RESOLUCI%C3%93N-ALEGACIONES-PRIMER-EJERCICIO.pdf\" target=\"_blank\" rel=\"noopener\">Resoluci\u00f3n de alegaciones al primer ejercicio plaza de Arquitecto<\/a><\/li>\n<li><a href=\"https:\/\/www.lasgabias.es\/wp-content\/uploads\/sites\/8\/2021\/01\/ANUNCIO-CALIFICACIONES-PRIMER-EJERCICIO.pdf\" target=\"_blank\" rel=\"noopener\">Anuncio calificaciones primer ejercicio<\/a><\/li>\n<li><a href=\"https:\/\/www.lasgabias.es\/wp-content\/uploads\/sites\/8\/2021\/01\/CALIFICACIONES-DEFINITIVAS-PRIMER-EJERCICIO-ARQUITECTO-.pdf\" target=\"_blank\" rel=\"noopener\">Calificaciones definitivas primer ejercicio arquitecto y fecha celebraci\u00f3n segundo ejercicio<\/a><\/li>\n<li><a href=\"https:\/\/www.lasgabias.es\/wp-content\/uploads\/sites\/8\/2021\/01\/ANUNCIO-LECTURA-SEGUNDO-EJERCICIO.pdf\" target=\"_blank\" rel=\"noopener\">Anuncio Lectura Segundo Ejercicio<\/a><\/li>\n<li><a href=\"https:\/\/www.lasgabias.es\/wp-content\/uploads\/sites\/8\/2021\/01\/CRITERIOS-CORRECCION-SEGUNDO-EJERCICIO-ARQUITECTO.pdf\" target=\"_blank\" rel=\"noopener\">Criterios de correcci\u00f3n segundo ejercicio<\/a><\/li>\n<li><a href=\"https:\/\/www.lasgabias.es\/wp-content\/uploads\/sites\/8\/2021\/01\/SEGUNDO-EJERCICIO-ARQUITECTO.pdf\" target=\"_blank\" rel=\"noopener\">Segundo ejercicio<\/a><\/li>\n<li><a href=\"https:\/\/www.lasgabias.es\/wp-content\/uploads\/sites\/8\/2021\/01\/ANUNCIO-CALIFICACIONES-SEGUNDO-EJERCICIO-ARQUITECTO.pdf\" target=\"_blank\" rel=\"noopener\">Anuncio calificaciones segundo ejercicio<\/a><\/li>\n<li><a href=\"https:\/\/www.lasgabias.es\/wp-content\/uploads\/sites\/8\/2021\/01\/ANUNCIO-AMPLIACI%C3%93N-PLAZO-ALEGACIONES-SEGUNDO-EJERCICIO.pdf\" target=\"_blank\" rel=\"noopener\">Ampliaci\u00f3n del Plazo de Alegaciones segundo ejercicio<\/a><\/li>\n<li><a href=\"https:\/\/www.lasgabias.es\/wp-content\/uploads\/sites\/8\/2021\/01\/ANUNCIO-CALIFICACION-DEFINITIVA-SEGUNDO-EJERCICIO-Y-PROVISION-DE-MATERIALES-PARA-EL-TERCER-EJERCICIO.pdf\" target=\"_blank\" rel=\"noopener\">Anuncio calificaci\u00f3n definitiva segundo ejercicio y provisi\u00f3n de materiales para el tercer ejercicio de la oposici\u00f3n.<\/a><\/li>\n<li><a href=\"https:\/\/www.lasgabias.es\/wp-content\/uploads\/sites\/8\/2021\/01\/CRITERIOS-DE-CORRECCI%C3%93N-TERCER-EJERCICIO.pdf\" target=\"_blank\" rel=\"noopener\">Criterios de correcci\u00f3n del tercer ejercicio<\/a><\/li>\n<li><a href=\"https:\/\/www.lasgabias.es\/wp-content\/uploads\/sites\/8\/2021\/01\/SUPUESTO-PR%C3%81CTICO-TERCER-EJERCICIO.pdf\" target=\"_blank\" rel=\"noopener\">Supuesto pr\u00e1ctico del tercer ejercicio<\/a><\/li>\n<li><a href=\"https:\/\/www.lasgabias.es\/wp-content\/uploads\/sites\/8\/2021\/01\/ANUNCIO-CALIFICACIONES-TERCER-EJERCICIO.pdf\" target=\"_blank\" rel=\"noopener\">Anuncio de calificaciones del tercer ejercicio y plazo de alegaciones<\/a><\/li>\n<li><a href=\"https:\/\/www.lasgabias.es\/wp-content\/uploads\/sites\/8\/2021\/01\/ANUNCIO-CALIFICACI%C3%93N-FINAL-ARQUITECTO.pdf\" target=\"_blank\" rel=\"noopener\">Anuncio calificaci\u00f3n final arquitecto<\/a><\/li>\n<li><a href=\"https:\/\/www.lasgabias.es\/wp-content\/uploads\/sites\/8\/2021\/01\/RESOLUCI%C3%93N-TRIBUNAL-ARQUITECTO.pdf\" target=\"_blank\" rel=\"noopener\">Resoluci\u00f3n del tribunal plaza de arquitecto<\/a><\/li>\n<\/ul>\n<\/div>[\/vc_column_inner][\/vc_row_inner][\/vc_tta_section][vc_tta_section i_icon_fontawesome=\u00bbfar fa-file-alt\u00bb add_icon=\u00bbtrue\u00bb title=\u00bbSolicitud\u00bb tab_id=\u00bb1679074328015-641a4d7b-8df2&#8243;]<div class=\"standard-arrow list-divider bullet-top\"><ul>\n<li><a href=\"https:\/\/www.lasgabias.es\/wp-content\/uploads\/sites\/8\/2021\/01\/Solicitud-autorellenable-Arquitecto.pdf\" target=\"_blank\" rel=\"noopener\">Solicitud autorrellenable de admisi\u00f3n a la convocatoria<\/a><\/li>\n<\/ul>\n<\/div>[\/vc_tta_section][\/vc_tta_tabs][\/vc_column][\/vc_row][vc_row][vc_column][\/vc_column][\/vc_row]<\/p>\n<\/div>","protected":false},"excerpt":{"rendered":"<p>[vc_row][vc_column][vc_empty_space height=\u00bb22px\u00bb][vc_message color=\u00bbinfo\u00bb]Estado del proceso selectivo: Resoluci\u00f3n del Tribunal[\/vc_message][vc_empty_space height=\u00bb22px\u00bb][\/vc_column][\/vc_row][vc_row][vc_column][vc_tta_tabs title_tag=\u00bbh5&#8243; style=\u00bbmodern\u00bb color=\u00bbmulled-wine\u00bb active_section=\u00bb1&#8243; title=\u00bbDocumentaci\u00f3n adjunta:\u00bb][vc_tta_section i_icon_fontawesome=\u00bbfas fa-file-pdf\u00bb add_icon=\u00bbtrue\u00bb title=\u00bbBases y anuncios\u00bb tab_id=\u00bb1679074197028-2291d4ea-5b4a\u00bb][vc_row_inner][vc_column_inner][\/vc_column_inner][\/vc_row_inner][\/vc_tta_section][vc_tta_section i_icon_fontawesome=\u00bbfar fa-file-alt\u00bb add_icon=\u00bbtrue\u00bb title=\u00bbSolicitud\u00bb tab_id=\u00bb1679074328015-641a4d7b-8df2&#8243;][\/vc_tta_section][\/vc_tta_tabs][\/vc_column][\/vc_row][vc_row][vc_column][\/vc_column][\/vc_row]<\/p>\n","protected":false},"author":141,"featured_media":0,"parent":0,"menu_order":0,"comment_status":"closed","ping_status":"closed","template":"","meta":{"_acf_changed":false,"footnotes":""},"class_list":["post-2917","page","type-page","status-publish","hentry","description-off"],"acf":[],"_links":{"self":[{"href":"https:\/\/www.lasgabias.es\/portal-transparencia\/wp-json\/wp\/v2\/pages\/2917","targetHints":{"allow":["GET"]}}],"collection":[{"href":"https:\/\/www.lasgabias.es\/portal-transparencia\/wp-json\/wp\/v2\/pages"}],"about":[{"href":"https:\/\/www.lasgabias.es\/portal-transparencia\/wp-json\/wp\/v2\/types\/page"}],"author":[{"embeddable":true,"href":"https:\/\/www.lasgabias.es\/portal-transparencia\/wp-json\/wp\/v2\/users\/141"}],"replies":[{"embeddable":true,"href":"https:\/\/www.lasgabias.es\/portal-transparencia\/wp-json\/wp\/v2\/comments?post=2917"}],"version-history":[{"count":4,"href":"https:\/\/www.lasgabias.es\/portal-transparencia\/wp-json\/wp\/v2\/pages\/2917\/revisions"}],"predecessor-version":[{"id":3245,"href":"https:\/\/www.lasgabias.es\/portal-transparencia\/wp-json\/wp\/v2\/pages\/2917\/revisions\/3245"}],"wp:attachment":[{"href":"https:\/\/www.lasgabias.es\/portal-transparencia\/wp-json\/wp\/v2\/media?parent=2917"}],"curies":[{"name":"wp","href":"https:\/\/api.w.org\/{rel}","templated":true}]}}