{"id":2921,"date":"2021-01-29T13:17:45","date_gmt":"2021-01-29T12:17:45","guid":{"rendered":"https:\/\/www.lasgabias.es\/portal-transparencia\/?page_id=2921"},"modified":"2023-04-18T13:37:18","modified_gmt":"2023-04-18T11:37:18","slug":"oposicion-tecnico-administracion-especial","status":"publish","type":"page","link":"https:\/\/www.lasgabias.es\/portal-transparencia\/oposicion-tecnico-administracion-especial\/","title":{"rendered":"Oposici\u00f3n T\u00e9cnico Administraci\u00f3n Especial"},"content":{"rendered":"<div class=\"wpb-content-wrapper\"><p>[vc_row][vc_column]<div id=\"ultimate-heading-285169f7b68236215\" class=\"uvc-heading ult-adjust-bottom-margin ultimate-heading-285169f7b68236215 uvc-9392  uvc-heading-default-font-sizes\" data-hspacer=\"no_spacer\"  data-halign=\"left\" style=\"text-align:left\"><div class=\"uvc-heading-spacer no_spacer\" style=\"top\"><\/div><div class=\"uvc-main-heading ult-responsive\"  data-ultimate-target='.uvc-heading.ultimate-heading-285169f7b68236215 h3'  data-responsive-json-new='{\"font-size\":\"\",\"line-height\":\"\"}' ><h3 style=\"font-weight:bold;margin-bottom:10px;\">Provisi\u00f3n en propiedad, por oposici\u00f3n libre, de una plaza de T\u00e9cnico de Administraci\u00f3n Especial<\/h3><\/div><div class=\"uvc-sub-heading ult-responsive\"  data-ultimate-target='.uvc-heading.ultimate-heading-285169f7b68236215 .uvc-sub-heading '  data-responsive-json-new='{\"font-size\":\"\",\"line-height\":\"\"}'  style=\"font-style:italic;font-weight:normal;margin-bottom:10px;\"><\/p>\n<p style=\"text-align: justify;\">Documentaci\u00f3n relativa a las bases para la provisi\u00f3n en propiedad, mediante oposici\u00f3n libre, de una plaza de T\u00e9cnico\/a de Administraci\u00f3n Especial, vacante en la plantilla de personal funcionario del Ayuntamiento de Las Gabias<\/p>\n<p><\/div><\/div>[vc_empty_space height=\u00bb22px\u00bb][vc_message color=\u00bbinfo\u00bb]<strong>Estado del proceso selectivo:<\/strong> Acta definitiva con propuesta de nombramiento TAE[\/vc_message][vc_empty_space height=\u00bb22px\u00bb][\/vc_column][\/vc_row][vc_row][vc_column][vc_tta_tabs title_tag=\u00bbh5&#8243; style=\u00bbmodern\u00bb color=\u00bbmulled-wine\u00bb active_section=\u00bb1&#8243; title=\u00bbDocumentaci\u00f3n adjunta:\u00bb][vc_tta_section i_icon_fontawesome=\u00bbfas fa-file-pdf\u00bb add_icon=\u00bbtrue\u00bb title=\u00bbBases y anuncios\u00bb tab_id=\u00bb1679074197028-2291d4ea-5b4a\u00bb][vc_row_inner][vc_column_inner]<div class=\"standard-number-list bullet-top\"><ul>\n<li><a href=\"https:\/\/www.lasgabias.es\/wp-content\/uploads\/sites\/8\/2021\/01\/Bases-aprobadas-en-JGL-Tecnico-de-Administracion-Especial.pdf\" target=\"_blank\" rel=\"noopener\">Bases aprobadas en JGL T\u00e9cnico de Administraci\u00f3n Especial<\/a><\/li>\n<li><a href=\"https:\/\/www.lasgabias.es\/wp-content\/uploads\/sites\/8\/2021\/01\/Publicacion-BOP-Tecnico-Administracion-Especial.pdf\" target=\"_blank\" rel=\"noopener\">Publicaci\u00f3n BOP T\u00e9cnico Administraci\u00f3n Especial<\/a><\/li>\n<li><a href=\"https:\/\/www.lasgabias.es\/wp-content\/uploads\/sites\/8\/2021\/01\/Publicacion-BOJA-Tecnico-Administracion-Especial.pdf\" target=\"_blank\" rel=\"noopener\">Publicaci\u00f3n en BOJA T\u00e9cnico Administraci\u00f3n Especial<\/a><\/li>\n<li><a href=\"https:\/\/www.lasgabias.es\/wp-content\/uploads\/sites\/8\/2021\/01\/Publicacion-BOE-Tecnico-Administracion-Especial.pdf\" target=\"_blank\" rel=\"noopener\">Publicaci\u00f3n en BOE T\u00e9cnico Administraci\u00f3n Especial<\/a><\/li>\n<li><a href=\"https:\/\/www.lasgabias.es\/wp-content\/uploads\/sites\/8\/2021\/01\/Anuncio-Listado-provisional-admitidos-y-excluidos-T%C3%A9cnico-de-Administraci%C3%B3n-Especial.pdf\" target=\"_blank\" rel=\"noopener\">Anuncio listado provisional admitidos y excluidos plaza de T\u00e9cnico de Administraci\u00f3n Especial<\/a><\/li>\n<li><a href=\"https:\/\/www.lasgabias.es\/wp-content\/uploads\/sites\/8\/2021\/01\/Publicaci%C3%B3n-BOP-listado-definitivo-y-fecha-examen-TAE.pdf\" target=\"_blank\" rel=\"noopener\">Publicaci\u00f3n en BOP del listado definitivo y fecha examen TAE<\/a><\/li>\n<li><a href=\"https:\/\/www.lasgabias.es\/wp-content\/uploads\/sites\/8\/2021\/01\/Anuncio-examen-y-plantilla-correcci%C3%B3n-T%C3%A9cnico-Administraci%C3%B3n-Especial.pdf\" target=\"_blank\" rel=\"noopener\">Anuncio examen y plantilla correcci\u00f3n T\u00e9cnico Administraci\u00f3n Especial<\/a><\/li>\n<li><a href=\"https:\/\/www.lasgabias.es\/wp-content\/uploads\/sites\/8\/2021\/01\/Resoluci%C3%B3n-alegaciones-y-valoraci%C3%B3n-primer-ejercicio-T%C3%A9cnico-Administraci%C3%B3n-Especial.pdf\" target=\"_blank\" rel=\"noopener\">Resoluci\u00f3n de alegaciones y valoraci\u00f3n primer ejercicio T\u00e9cnico Administraci\u00f3n Especial<\/a><\/li>\n<li><a href=\"https:\/\/www.lasgabias.es\/wp-content\/uploads\/sites\/8\/2021\/01\/TERCER-ACTA-PROCESO-SELECTIVO-DE-T%C3%89CNICO-DE-ADMISITRACI%C3%93N-ESPECIAL-1.pdf\" target=\"_blank\" rel=\"noopener\">Resoluci\u00f3n definitiva alegaciones listado provisional primer ejercicio y fecha del segundo ejercicio<\/a><\/li>\n<li><a href=\"https:\/\/www.lasgabias.es\/wp-content\/uploads\/sites\/8\/2021\/01\/ACTA-ACLARACI%C3%93N-A-ALEGACI%C3%93N-PRESENTADA-PROCESO-SELECTIVO-TECNICO-DE-ADMINISTRACIO%C3%ACN-ESPECIAL-las-gabias.pdf\" target=\"_blank\" rel=\"noopener\">Aclaraci\u00f3n a alegaci\u00f3n presentada al listado definitivo de la calificacion del primer ejercicio<\/a><\/li>\n<li><a href=\"https:\/\/www.lasgabias.es\/wp-content\/uploads\/sites\/8\/2021\/01\/Resoluci%C3%B3n-segundo-ejercicio-T%C3%A9cnico-de-Administraci%C3%B3n-Especial-1.pdf\" target=\"_blank\" rel=\"noopener\">Resoluci\u00f3n del segundo ejercicio<\/a><\/li>\n<li><a href=\"https:\/\/www.lasgabias.es\/wp-content\/uploads\/sites\/8\/2021\/01\/SEXTA-ACTA-RESOLVER-ALEGACIONES-AL-SEGUNDO-EJERCICIO-Y-CONVOCATORIA-TERCER-EJERCICIO-TECNICO-DE-ADMINISTRACION-ESPECIAL-1.pdf\" target=\"_blank\" rel=\"noopener\">Constituci\u00f3n del tribunal, resoluci\u00f3n de alegaciones al segundo ejercicio y convocatoria del tercer ejercicio<\/a><\/li>\n<li><a href=\"https:\/\/www.lasgabias.es\/wp-content\/uploads\/sites\/8\/2021\/01\/novena-acta-resolucion-tercer-ejercicio-TAE.pdf\" target=\"_blank\" rel=\"noopener\">Constituci\u00f3n del tribunal, y resoluci\u00f3n del tercer ejercicio<\/a><\/li>\n<li><a href=\"https:\/\/www.lasgabias.es\/wp-content\/uploads\/sites\/8\/2021\/01\/Acta-definitiva-con-propuesta-de-nombramiento-TAE.pdf\" target=\"_blank\" rel=\"noopener\">Acta definitiva con propuesta de nombramiento TAE<\/a><\/li>\n<\/ul>\n<\/div>[\/vc_column_inner][\/vc_row_inner][\/vc_tta_section][vc_tta_section i_icon_fontawesome=\u00bbfar fa-file-alt\u00bb add_icon=\u00bbtrue\u00bb title=\u00bbSolicitud\u00bb tab_id=\u00bb1679074328015-641a4d7b-8df2&#8243;]<div class=\"standard-arrow list-divider bullet-top\"><ul>\n<li><a href=\"https:\/\/www.lasgabias.es\/wp-content\/uploads\/sites\/8\/2021\/01\/Solicitud-autorellenable-Tecnico-de-Administracion-Especial.pdf\" target=\"_blank\" rel=\"noopener\">Solicitud autorrellenable de admisi\u00f3n a la convocatoria<\/a><\/li>\n<\/ul>\n<\/div>[\/vc_tta_section][\/vc_tta_tabs][\/vc_column][\/vc_row][vc_row][vc_column][\/vc_column][\/vc_row]<\/p>\n<\/div>","protected":false},"excerpt":{"rendered":"<p>[vc_row][vc_column][vc_empty_space height=\u00bb22px\u00bb][vc_message color=\u00bbinfo\u00bb]Estado del proceso selectivo: Acta definitiva con propuesta de nombramiento TAE[\/vc_message][vc_empty_space height=\u00bb22px\u00bb][\/vc_column][\/vc_row][vc_row][vc_column][vc_tta_tabs title_tag=\u00bbh5&#8243; style=\u00bbmodern\u00bb color=\u00bbmulled-wine\u00bb active_section=\u00bb1&#8243; title=\u00bbDocumentaci\u00f3n adjunta:\u00bb][vc_tta_section i_icon_fontawesome=\u00bbfas fa-file-pdf\u00bb add_icon=\u00bbtrue\u00bb title=\u00bbBases y anuncios\u00bb tab_id=\u00bb1679074197028-2291d4ea-5b4a\u00bb][vc_row_inner][vc_column_inner][\/vc_column_inner][\/vc_row_inner][\/vc_tta_section][vc_tta_section i_icon_fontawesome=\u00bbfar fa-file-alt\u00bb add_icon=\u00bbtrue\u00bb title=\u00bbSolicitud\u00bb tab_id=\u00bb1679074328015-641a4d7b-8df2&#8243;][\/vc_tta_section][\/vc_tta_tabs][\/vc_column][\/vc_row][vc_row][vc_column][\/vc_column][\/vc_row]<\/p>\n","protected":false},"author":141,"featured_media":0,"parent":0,"menu_order":0,"comment_status":"closed","ping_status":"closed","template":"","meta":{"_acf_changed":false,"footnotes":""},"class_list":["post-2921","page","type-page","status-publish","hentry","description-off"],"acf":[],"_links":{"self":[{"href":"https:\/\/www.lasgabias.es\/portal-transparencia\/wp-json\/wp\/v2\/pages\/2921","targetHints":{"allow":["GET"]}}],"collection":[{"href":"https:\/\/www.lasgabias.es\/portal-transparencia\/wp-json\/wp\/v2\/pages"}],"about":[{"href":"https:\/\/www.lasgabias.es\/portal-transparencia\/wp-json\/wp\/v2\/types\/page"}],"author":[{"embeddable":true,"href":"https:\/\/www.lasgabias.es\/portal-transparencia\/wp-json\/wp\/v2\/users\/141"}],"replies":[{"embeddable":true,"href":"https:\/\/www.lasgabias.es\/portal-transparencia\/wp-json\/wp\/v2\/comments?post=2921"}],"version-history":[{"count":3,"href":"https:\/\/www.lasgabias.es\/portal-transparencia\/wp-json\/wp\/v2\/pages\/2921\/revisions"}],"predecessor-version":[{"id":3246,"href":"https:\/\/www.lasgabias.es\/portal-transparencia\/wp-json\/wp\/v2\/pages\/2921\/revisions\/3246"}],"wp:attachment":[{"href":"https:\/\/www.lasgabias.es\/portal-transparencia\/wp-json\/wp\/v2\/media?parent=2921"}],"curies":[{"name":"wp","href":"https:\/\/api.w.org\/{rel}","templated":true}]}}