{"id":2956,"date":"2021-05-17T13:46:54","date_gmt":"2021-05-17T11:46:54","guid":{"rendered":"https:\/\/www.lasgabias.es\/portal-transparencia\/?page_id=2956"},"modified":"2023-04-18T13:35:46","modified_gmt":"2023-04-18T11:35:46","slug":"concurso-oposicion-libre-agente-verde","status":"publish","type":"page","link":"https:\/\/www.lasgabias.es\/portal-transparencia\/concurso-oposicion-libre-agente-verde\/","title":{"rendered":"Concurso-oposici\u00f3n libre, Agente Verde"},"content":{"rendered":"<div class=\"wpb-content-wrapper\"><p>[vc_row][vc_column]<div id=\"ultimate-heading-141669f2bdd49418f\" class=\"uvc-heading ult-adjust-bottom-margin ultimate-heading-141669f2bdd49418f uvc-69  uvc-heading-default-font-sizes\" data-hspacer=\"line_only\"  data-halign=\"left\" style=\"text-align:left\"><div class=\"uvc-main-heading ult-responsive\"  data-ultimate-target='.uvc-heading.ultimate-heading-141669f2bdd49418f h3'  data-responsive-json-new='{\"font-size\":\"\",\"line-height\":\"\"}' ><h3 style=\"font-weight:bold;margin-bottom:10px;\">Concurso-oposici\u00f3n libre, Agente Verde<\/h3><\/div><div class=\"uvc-sub-heading ult-responsive\"  data-ultimate-target='.uvc-heading.ultimate-heading-141669f2bdd49418f .uvc-sub-heading '  data-responsive-json-new='{\"font-size\":\"\",\"line-height\":\"\"}'  style=\"font-style:italic;font-weight:normal;margin-bottom:10px;\"><\/p>\n<p style=\"text-align: justify;\">Documentaci\u00f3n relativa a las bases para la provisi\u00f3n en propiedad de una plaza de agente verde como personal laboral fijo, a jornada completa, por el procedimiento de concurso-oposici\u00f3n libre<\/p>\n<p><\/div><div class=\"uvc-heading-spacer line_only\" style=\"topheight:1px;\"><span class=\"uvc-headings-line\" style=\"border-style:solid;border-bottom-width:1px;border-color:#828282;width:480px;\"><\/span><\/div><\/div>[vc_empty_space height=\u00bb22px\u00bb][vc_message color=\u00bbinfo\u00bb]<\/p>\n<p style=\"text-align: justify;\"><strong>Estado del proceso selectivo: <\/strong>Resoluci\u00f3n fase de concurso y propuesta de nombramiento<\/p>\n<p>[\/vc_message][vc_empty_space height=\u00bb22px\u00bb][\/vc_column][\/vc_row][vc_row][vc_column][vc_tta_tabs title_tag=\u00bbh5&#8243; style=\u00bbmodern\u00bb color=\u00bbmulled-wine\u00bb active_section=\u00bb1&#8243; title=\u00bbDocumentaci\u00f3n adjunta:\u00bb][vc_tta_section i_icon_fontawesome=\u00bbfas fa-file-pdf\u00bb add_icon=\u00bbtrue\u00bb title=\u00bbBases y anuncios\u00bb tab_id=\u00bb1679074197028-2291d4ea-5b4a\u00bb][vc_row_inner][vc_column_inner]<div class=\"standard-number-list bullet-top\"><ul>\n<li><a href=\"https:\/\/www.lasgabias.es\/wp-content\/uploads\/sites\/8\/2021\/05\/Bases-aprobadas-Agente-Verde.pdf\" target=\"_blank\" rel=\"noopener\">Bases aprobadas JGL plaza Agente Verde<\/a><\/li>\n<li><a href=\"https:\/\/www.lasgabias.es\/wp-content\/uploads\/sites\/8\/2021\/05\/Publicaci%C3%B3n-bases-BOP-Agente-Verde.pdf\" target=\"_blank\" rel=\"noopener\">Publicaci\u00f3n en BOP<\/a><\/li>\n<li><a href=\"https:\/\/www.lasgabias.es\/wp-content\/uploads\/sites\/8\/2021\/05\/Publicaci%C3%B3n-BOJA-Agente-Verde.pdf\" target=\"_blank\" rel=\"noopener\">Publicaci\u00f3n en BOJA<\/a><\/li>\n<li><a href=\"https:\/\/www.lasgabias.es\/wp-content\/uploads\/sites\/8\/2021\/05\/Publicaci%C3%B3n-BOE-Agente-Verde.pdf\" target=\"_blank\" rel=\"noopener\">Publicaci\u00f3n en BOE<\/a><\/li>\n<li><a href=\"https:\/\/www.lasgabias.es\/wp-content\/uploads\/sites\/8\/2021\/05\/1-Anuncio-listado-provisional-de-admitidos-excluidos-Agente-Verde.docx\" target=\"_blank\" rel=\"noopener\">Listado Provisional de admitidos-excluidos Agente Verde<\/a><\/li>\n<li><a href=\"https:\/\/www.lasgabias.es\/wp-content\/uploads\/sites\/8\/2021\/05\/Anuncio-listado-definitivo-y-fecha-de-examen-Agente-verde.pdf\" target=\"_blank\" rel=\"noopener\">Anuncio listado definitivo y fecha de examen Agente verde<\/a><\/li>\n<li><a href=\"https:\/\/www.lasgabias.es\/wp-content\/uploads\/sites\/8\/2021\/05\/Cuestionario-tipo-test-y-plantilla-una-plaza-Agente-Verde.pdf\" target=\"_blank\" rel=\"noopener\">Cuestionario tipo test y plantilla una plaza Agente Verde<\/a><\/li>\n<li><a href=\"https:\/\/www.lasgabias.es\/wp-content\/uploads\/sites\/8\/2021\/05\/ACTA-N%C2%BA-3.-ESCRITO-ALEGACIONES-Y-NOTAS-EXAMEN-TIPO-TEST-AGENTE-VERDE.pdf\" target=\"_blank\" rel=\"noopener\">Resoluci\u00f3n de alegaciones y calificaci\u00f3n provisional examen tipo test<\/a><\/li>\n<li><a href=\"https:\/\/www.lasgabias.es\/wp-content\/uploads\/sites\/8\/2021\/05\/ACTA-N%C2%BA-4.-RESOLUCI%C3%93N-CALIFICACIONES-DEFINITIVAS-AGENTE-VERDE.pdf\" target=\"_blank\" rel=\"noopener\">Resoluci\u00f3n notas definitivas, fases oposici\u00f3n tipo test, para la provisi\u00f3n en propiedad de una plaza de Agente Verde<\/a><\/li>\n<li><a href=\"https:\/\/www.lasgabias.es\/wp-content\/uploads\/sites\/8\/2021\/05\/ACTA-N%C2%BA-5-.-RESOLUCI%C3%93N-FASE-DE-CONCURSO-PARA-LA-VALORACI%C3%93N-M%C3%89RITOS-1.pdf\" target=\"_blank\" rel=\"noopener\">Resoluci\u00f3n fase de concurso en la valoraci\u00f3n m\u00e9ritos, para la provisi\u00f3n en propiedad de una plaza de Agente Verde<\/a><\/li>\n<li><a href=\"https:\/\/www.lasgabias.es\/wp-content\/uploads\/sites\/8\/2021\/05\/ACTA-N%C2%BA-6-.-RESOLUCI%C3%93N-FASE-DE-CONCURSO-Y-PROPUESTA-DE-NOMBRAMIENTO-PARA-UNA-PLAZA-DE-AGENTE-VERDE.pdf\" target=\"_blank\" rel=\"noopener\">Resoluci\u00f3n fase de concurso y propuesta de nombramiento<\/a><\/li>\n<\/ul>\n<\/div>[\/vc_column_inner][\/vc_row_inner][\/vc_tta_section][vc_tta_section i_icon_fontawesome=\u00bbfar fa-edit\u00bb add_icon=\u00bbtrue\u00bb title=\u00bbSolicitud\u00bb tab_id=\u00bb1679074328015-641a4d7b-8df2&#8243;]<div class=\"standard-arrow list-divider bullet-top\"><ul>\n<li><a href=\"https:\/\/www.lasgabias.es\/wp-content\/uploads\/sites\/8\/2021\/05\/Solicitud-Anexo-II-Autorrellenable-Agente-Verde.pdf\" target=\"_blank\" rel=\"noopener\">Solicitud Anexo II Modelo autorrellenable<\/a><\/li>\n<\/ul>\n<\/div>[\/vc_tta_section][\/vc_tta_tabs][\/vc_column][\/vc_row][vc_row][vc_column][\/vc_column][\/vc_row]<\/p>\n<\/div>","protected":false},"excerpt":{"rendered":"<p>[vc_row][vc_column][vc_empty_space height=\u00bb22px\u00bb][vc_message color=\u00bbinfo\u00bb] Estado del proceso selectivo: Resoluci\u00f3n fase de concurso y propuesta de nombramiento [\/vc_message][vc_empty_space height=\u00bb22px\u00bb][\/vc_column][\/vc_row][vc_row][vc_column][vc_tta_tabs title_tag=\u00bbh5&#8243; style=\u00bbmodern\u00bb color=\u00bbmulled-wine\u00bb active_section=\u00bb1&#8243; title=\u00bbDocumentaci\u00f3n adjunta:\u00bb][vc_tta_section i_icon_fontawesome=\u00bbfas fa-file-pdf\u00bb add_icon=\u00bbtrue\u00bb title=\u00bbBases y anuncios\u00bb tab_id=\u00bb1679074197028-2291d4ea-5b4a\u00bb][vc_row_inner][vc_column_inner][\/vc_column_inner][\/vc_row_inner][\/vc_tta_section][vc_tta_section i_icon_fontawesome=\u00bbfar fa-edit\u00bb add_icon=\u00bbtrue\u00bb title=\u00bbSolicitud\u00bb tab_id=\u00bb1679074328015-641a4d7b-8df2&#8243;][\/vc_tta_section][\/vc_tta_tabs][\/vc_column][\/vc_row][vc_row][vc_column][\/vc_column][\/vc_row]<\/p>\n","protected":false},"author":141,"featured_media":0,"parent":0,"menu_order":0,"comment_status":"closed","ping_status":"closed","template":"","meta":{"_acf_changed":false,"footnotes":""},"class_list":["post-2956","page","type-page","status-publish","hentry","description-off"],"acf":[],"_links":{"self":[{"href":"https:\/\/www.lasgabias.es\/portal-transparencia\/wp-json\/wp\/v2\/pages\/2956","targetHints":{"allow":["GET"]}}],"collection":[{"href":"https:\/\/www.lasgabias.es\/portal-transparencia\/wp-json\/wp\/v2\/pages"}],"about":[{"href":"https:\/\/www.lasgabias.es\/portal-transparencia\/wp-json\/wp\/v2\/types\/page"}],"author":[{"embeddable":true,"href":"https:\/\/www.lasgabias.es\/portal-transparencia\/wp-json\/wp\/v2\/users\/141"}],"replies":[{"embeddable":true,"href":"https:\/\/www.lasgabias.es\/portal-transparencia\/wp-json\/wp\/v2\/comments?post=2956"}],"version-history":[{"count":3,"href":"https:\/\/www.lasgabias.es\/portal-transparencia\/wp-json\/wp\/v2\/pages\/2956\/revisions"}],"predecessor-version":[{"id":3257,"href":"https:\/\/www.lasgabias.es\/portal-transparencia\/wp-json\/wp\/v2\/pages\/2956\/revisions\/3257"}],"wp:attachment":[{"href":"https:\/\/www.lasgabias.es\/portal-transparencia\/wp-json\/wp\/v2\/media?parent=2956"}],"curies":[{"name":"wp","href":"https:\/\/api.w.org\/{rel}","templated":true}]}}