{"id":2959,"date":"2021-05-17T14:21:23","date_gmt":"2021-05-17T12:21:23","guid":{"rendered":"https:\/\/www.lasgabias.es\/portal-transparencia\/?page_id=2959"},"modified":"2023-04-18T13:35:11","modified_gmt":"2023-04-18T11:35:11","slug":"concurso-oposicion-2-plazas-peon-barrendero","status":"publish","type":"page","link":"https:\/\/www.lasgabias.es\/portal-transparencia\/concurso-oposicion-2-plazas-peon-barrendero\/","title":{"rendered":"Concurso-oposici\u00f3n 2 plazas Pe\u00f3n Barrendero"},"content":{"rendered":"<div class=\"wpb-content-wrapper\"><p>[vc_row][vc_column]<div id=\"ultimate-heading-831469f7b67c53a78\" class=\"uvc-heading ult-adjust-bottom-margin ultimate-heading-831469f7b67c53a78 uvc-6706  uvc-heading-default-font-sizes\" data-hspacer=\"line_only\"  data-halign=\"left\" style=\"text-align:left\"><div class=\"uvc-main-heading ult-responsive\"  data-ultimate-target='.uvc-heading.ultimate-heading-831469f7b67c53a78 h3'  data-responsive-json-new='{\"font-size\":\"\",\"line-height\":\"\"}' ><h3 style=\"font-weight:bold;margin-bottom:10px;\">Concurso-oposici\u00f3n 2 plazas Pe\u00f3n Barrendero<\/h3><\/div><div class=\"uvc-sub-heading ult-responsive\"  data-ultimate-target='.uvc-heading.ultimate-heading-831469f7b67c53a78 .uvc-sub-heading '  data-responsive-json-new='{\"font-size\":\"\",\"line-height\":\"\"}'  style=\"font-style:italic;font-weight:normal;margin-bottom:10px;\"><\/p>\n<p style=\"text-align: justify;\">Documentaci\u00f3n relativa a las bases para la provisi\u00f3n en propiedad de dos plazas de pe\u00f3n barrendero, a jornada completa, mediante proceso de estabilizaci\u00f3n de empleo, vacantes en la plantilla de personal laboral fijo del Ayuntamiento de Las Gabias, por el procedimiento de concurso oposici\u00f3n libre.<\/p>\n<p><\/div><div class=\"uvc-heading-spacer line_only\" style=\"topheight:1px;\"><span class=\"uvc-headings-line\" style=\"border-style:solid;border-bottom-width:1px;border-color:#828282;width:480px;\"><\/span><\/div><\/div>[vc_empty_space height=\u00bb22px\u00bb][vc_message color=\u00bbinfo\u00bb]<\/p>\n<p style=\"text-align: justify;\"><strong>Estado del proceso selectivo: <\/strong>ACTA N\u00ba 6. Resoluci\u00f3n final de valoraci\u00f3n fase de concurso y propuesta nombramiento de dos plazas de pe\u00f3n barrendero<\/p>\n<p>[\/vc_message][vc_empty_space height=\u00bb22px\u00bb][\/vc_column][\/vc_row][vc_row][vc_column][vc_tta_tabs title_tag=\u00bbh5&#8243; style=\u00bbmodern\u00bb color=\u00bbmulled-wine\u00bb active_section=\u00bb1&#8243; title=\u00bbDocumentaci\u00f3n adjunta:\u00bb][vc_tta_section i_icon_fontawesome=\u00bbfas fa-file-pdf\u00bb add_icon=\u00bbtrue\u00bb title=\u00bbBases y anuncios\u00bb tab_id=\u00bb1679074197028-2291d4ea-5b4a\u00bb][vc_row_inner][vc_column_inner]<div class=\"standard-number-list bullet-top\"><ul>\n<li><a href=\"https:\/\/www.lasgabias.es\/wp-content\/uploads\/sites\/8\/2021\/05\/Bases-aprobadas-Pe%C3%B3n-Barrendero.pdf\" target=\"_blank\" rel=\"noopener\">Bases aprobadas JGL Pe\u00f3n Barrendero<\/a><\/li>\n<li><a href=\"https:\/\/www.lasgabias.es\/wp-content\/uploads\/sites\/8\/2021\/05\/Publicaci%C3%B3n-bases-BOP-Pe%C3%B3n-Barrendero.pdf\" target=\"_blank\" rel=\"noopener\">Publicaci\u00f3n en BOP<\/a><\/li>\n<li><a href=\"https:\/\/www.lasgabias.es\/wp-content\/uploads\/sites\/8\/2021\/05\/Publicaci%C3%B3n-BOJA-Pe%C3%B3n-Barrendero.pdf\" target=\"_blank\" rel=\"noopener\">Publicaci\u00f3n en BOJA<\/a><\/li>\n<li><a href=\"https:\/\/www.lasgabias.es\/wp-content\/uploads\/sites\/8\/2021\/05\/Publicaci%C3%B3n-BOE-Pe%C3%B3n-Barrendero.pdf\" target=\"_blank\" rel=\"noopener\">Publicaci\u00f3n BOE<\/a><\/li>\n<li><a href=\"https:\/\/www.lasgabias.es\/wp-content\/uploads\/sites\/8\/2021\/05\/1-Anuncio-listado-provisional-de-admitidos-excluidos-Pe%C3%B3n-Barrendero.docx\" target=\"_blank\" rel=\"noopener\">Listado provisional de admitidos excluidos pe\u00f3n barrendero<\/a><\/li>\n<li><a href=\"https:\/\/www.lasgabias.es\/wp-content\/uploads\/sites\/8\/2021\/05\/Anuncio-listado-definitivo-y-fecha-examen-barrendero.pdf\" target=\"_blank\" rel=\"noopener\">Anuncio Listado definitivo de admitidos y excluidos y fecha de examen pe\u00f3n barrendero<\/a><\/li>\n<li><a href=\"https:\/\/www.lasgabias.es\/wp-content\/uploads\/sites\/8\/2021\/05\/Cuestionario-tipo-test-y-plantilla-dos-plazas-Barrenderos.pdf\" target=\"_blank\" rel=\"noopener\">Cuestionario tipo test y plantilla dos plazas Barrenderos<\/a><\/li>\n<li><a href=\"https:\/\/www.lasgabias.es\/wp-content\/uploads\/sites\/8\/2021\/05\/Acta-realizaci%C3%B3n-de-la-fase-de-oposici%C3%B3n-de-dos-plazas-Pe%C3%B3n-Barrendero.pdf\" target=\"_blank\" rel=\"noopener\">Acta realizaci\u00f3n de la fase de oposici\u00f3n de dos plazas Pe\u00f3n Barrendero<\/a><\/li>\n<li><a href=\"https:\/\/www.lasgabias.es\/wp-content\/uploads\/sites\/8\/2021\/05\/Acta-n%C2%BA3.-Resoluci%C3%B3n-de-alegaciones-test-y-calificaciones-provisionales-dos-plazas-pe%C3%B3n-barrenero-Alegaciones-5-d%C3%ADas-naturales-.pdf\" target=\"_blank\" rel=\"noopener\">Acta n\u00ba3. Resoluci\u00f3n de alegaciones test, y calificaciones provisionales dos plazas Pe\u00f3n barrendero (04\/11\/2021)<\/a><\/li>\n<li><a href=\"https:\/\/www.lasgabias.es\/wp-content\/uploads\/sites\/8\/2021\/05\/ACTA-N%C2%BA-4.CALIFICACIONES-DEFINITIVAS-PEON-BARRENDERO.pdf\" target=\"_blank\" rel=\"noopener\">Acta n\u00ba 4. Calificaciones definitivas dos plazas de Pe\u00f3n Barrendero<\/a><\/li>\n<li><a href=\"https:\/\/www.lasgabias.es\/wp-content\/uploads\/sites\/8\/2021\/05\/ACTA-N%C2%BA-5.-Resoluci%C3%B3n-provisional-de-la-fase-de-concurso-para-dos-plazas-de-Pe%C3%B3n-Barrendero.pdf\" target=\"_blank\" rel=\"noopener\">ACTA N\u00ba 5. Resoluci\u00f3n provisional de la fase de concurso para dos plazas de Pe\u00f3n Barrendero<\/a><\/li>\n<li><a href=\"https:\/\/www.lasgabias.es\/wp-content\/uploads\/sites\/8\/2021\/05\/ACTA-N%C2%BA-6.-RESOLUCI%C3%93N-FINAL-DE-VALORACI%C3%93N-FASE-DE-CONCURSO-PEON-BARRENDERO-2.pdf\" target=\"_blank\" rel=\"noopener\">ACTA N\u00ba 6. Resoluci\u00f3n final de valoraci\u00f3n fase de concurso y propuesta nombramiento de dos plazas de pe\u00f3n barrendero<\/a><\/li>\n<\/ul>\n<\/div>[\/vc_column_inner][\/vc_row_inner][\/vc_tta_section][vc_tta_section i_icon_fontawesome=\u00bbfar fa-edit\u00bb add_icon=\u00bbtrue\u00bb title=\u00bbSolicitud\u00bb tab_id=\u00bb1679074328015-641a4d7b-8df2&#8243;]<div class=\"standard-arrow list-divider bullet-top\"><ul>\n<li><a href=\"https:\/\/www.lasgabias.es\/wp-content\/uploads\/sites\/8\/2021\/05\/Solicitud-Anexo-II-Autorrellenable-Pe%C3%B3n-Barrendero.pdf\" target=\"_blank\" rel=\"noopener\">Solicitud Anexo II Modelo autorrellenable<\/a><\/li>\n<\/ul>\n<\/div>[\/vc_tta_section][\/vc_tta_tabs][\/vc_column][\/vc_row][vc_row][vc_column][\/vc_column][\/vc_row]<\/p>\n<\/div>","protected":false},"excerpt":{"rendered":"<p>[vc_row][vc_column][vc_empty_space height=\u00bb22px\u00bb][vc_message color=\u00bbinfo\u00bb] Estado del proceso selectivo: ACTA N\u00ba 6. Resoluci\u00f3n final de valoraci\u00f3n fase de concurso y propuesta nombramiento de dos plazas de pe\u00f3n barrendero [\/vc_message][vc_empty_space height=\u00bb22px\u00bb][\/vc_column][\/vc_row][vc_row][vc_column][vc_tta_tabs title_tag=\u00bbh5&#8243; style=\u00bbmodern\u00bb color=\u00bbmulled-wine\u00bb active_section=\u00bb1&#8243; title=\u00bbDocumentaci\u00f3n adjunta:\u00bb][vc_tta_section i_icon_fontawesome=\u00bbfas fa-file-pdf\u00bb add_icon=\u00bbtrue\u00bb title=\u00bbBases y anuncios\u00bb tab_id=\u00bb1679074197028-2291d4ea-5b4a\u00bb][vc_row_inner][vc_column_inner][\/vc_column_inner][\/vc_row_inner][\/vc_tta_section][vc_tta_section i_icon_fontawesome=\u00bbfar fa-edit\u00bb add_icon=\u00bbtrue\u00bb title=\u00bbSolicitud\u00bb tab_id=\u00bb1679074328015-641a4d7b-8df2&#8243;][\/vc_tta_section][\/vc_tta_tabs][\/vc_column][\/vc_row][vc_row][vc_column][\/vc_column][\/vc_row]<\/p>\n","protected":false},"author":141,"featured_media":0,"parent":0,"menu_order":0,"comment_status":"closed","ping_status":"closed","template":"","meta":{"_acf_changed":false,"footnotes":""},"class_list":["post-2959","page","type-page","status-publish","hentry","description-off"],"acf":[],"_links":{"self":[{"href":"https:\/\/www.lasgabias.es\/portal-transparencia\/wp-json\/wp\/v2\/pages\/2959","targetHints":{"allow":["GET"]}}],"collection":[{"href":"https:\/\/www.lasgabias.es\/portal-transparencia\/wp-json\/wp\/v2\/pages"}],"about":[{"href":"https:\/\/www.lasgabias.es\/portal-transparencia\/wp-json\/wp\/v2\/types\/page"}],"author":[{"embeddable":true,"href":"https:\/\/www.lasgabias.es\/portal-transparencia\/wp-json\/wp\/v2\/users\/141"}],"replies":[{"embeddable":true,"href":"https:\/\/www.lasgabias.es\/portal-transparencia\/wp-json\/wp\/v2\/comments?post=2959"}],"version-history":[{"count":3,"href":"https:\/\/www.lasgabias.es\/portal-transparencia\/wp-json\/wp\/v2\/pages\/2959\/revisions"}],"predecessor-version":[{"id":3258,"href":"https:\/\/www.lasgabias.es\/portal-transparencia\/wp-json\/wp\/v2\/pages\/2959\/revisions\/3258"}],"wp:attachment":[{"href":"https:\/\/www.lasgabias.es\/portal-transparencia\/wp-json\/wp\/v2\/media?parent=2959"}],"curies":[{"name":"wp","href":"https:\/\/api.w.org\/{rel}","templated":true}]}}