{"id":2963,"date":"2021-10-13T08:33:31","date_gmt":"2021-10-13T06:33:31","guid":{"rendered":"https:\/\/www.lasgabias.es\/portal-transparencia\/?page_id=2963"},"modified":"2023-04-18T13:36:28","modified_gmt":"2023-04-18T11:36:28","slug":"oposicion-libre-de-1-plaza-concurso-oposicion-de-ingeniero-tecnico-industrial","status":"publish","type":"page","link":"https:\/\/www.lasgabias.es\/portal-transparencia\/oposicion-libre-de-1-plaza-concurso-oposicion-de-ingeniero-tecnico-industrial\/","title":{"rendered":"Oposici\u00f3n libre de 1 plaza (concurso-oposici\u00f3n) de Ingeniero T\u00e9cnico Industrial"},"content":{"rendered":"<div class=\"wpb-content-wrapper\"><p>[vc_row][vc_column]<div id=\"ultimate-heading-673369f7b8a4cbbde\" class=\"uvc-heading ult-adjust-bottom-margin ultimate-heading-673369f7b8a4cbbde uvc-7615  uvc-heading-default-font-sizes\" data-hspacer=\"no_spacer\"  data-halign=\"left\" style=\"text-align:left\"><div class=\"uvc-heading-spacer no_spacer\" style=\"top\"><\/div><div class=\"uvc-main-heading ult-responsive\"  data-ultimate-target='.uvc-heading.ultimate-heading-673369f7b8a4cbbde h3'  data-responsive-json-new='{\"font-size\":\"\",\"line-height\":\"\"}' ><h3 style=\"font-weight:bold;margin-bottom:10px;\">Oposici\u00f3n libre de 1 plaza (concurso-oposici\u00f3n) de Ingeniero T\u00e9cnico Industrial<\/h3><\/div><div class=\"uvc-sub-heading ult-responsive\"  data-ultimate-target='.uvc-heading.ultimate-heading-673369f7b8a4cbbde .uvc-sub-heading '  data-responsive-json-new='{\"font-size\":\"\",\"line-height\":\"\"}'  style=\"font-style:italic;font-weight:normal;margin-bottom:10px;\"><\/p>\n<p style=\"text-align: justify;\">Documentaci\u00f3n relativa para la provisi\u00f3n en propiedad de una plaza de Ingeniero T\u00e9cnico Industrial, a jornada completa, vacante en la plantilla de personal funcionario del Ayuntamiento de Las Gabias, puesto de trabajo clasificado en la Escala de Administraci\u00f3n Especial, subescala T\u00e9cnica, encuadrado en el grupo A2, por el<br \/>\nprocedimiento de concurso-oposici\u00f3n libre.<\/p>\n<p><\/div><\/div>[vc_empty_space height=\u00bb22px\u00bb][vc_message color=\u00bbinfo\u00bb]<strong>Estado del proceso selectivo:<\/strong> RESOLUCI\u00d3N FINAL. PROCESO SELECTIVO FINALIZADO.[\/vc_message][vc_empty_space height=\u00bb22px\u00bb][\/vc_column][\/vc_row][vc_row][vc_column][vc_tta_tabs title_tag=\u00bbh5&#8243; style=\u00bbmodern\u00bb color=\u00bbmulled-wine\u00bb active_section=\u00bb1&#8243; title=\u00bbDocumentaci\u00f3n adjunta:\u00bb][vc_tta_section i_icon_fontawesome=\u00bbfas fa-file-pdf\u00bb add_icon=\u00bbtrue\u00bb title=\u00bbBases y anuncios\u00bb tab_id=\u00bb1679074197028-2291d4ea-5b4a\u00bb][vc_row_inner][vc_column_inner]<div class=\"standard-number-list bullet-top\"><ul>\n<li><a href=\"https:\/\/www.lasgabias.es\/wp-content\/uploads\/sites\/8\/2021\/10\/Bases-aprobadas-y-diligenciadas-Ingeniero-T%C3%A9cnico-Industrial.pdf\" target=\"_blank\" rel=\"noopener\">Bases aprobadas y diligenciadas Ingeniero T\u00e9cnico Industrial<\/a><\/li>\n<li><a href=\"https:\/\/www.lasgabias.es\/wp-content\/uploads\/sites\/8\/2021\/10\/Publicaci%C3%B3n-BOP-Ingeniero-T%C3%A9cnico-Industrial.pdf\" target=\"_blank\" rel=\"noopener\">Publicaci\u00f3n BOP Ingeniero T\u00e9cnico Industrial<\/a><\/li>\n<li><a href=\"https:\/\/www.lasgabias.es\/wp-content\/uploads\/sites\/8\/2021\/10\/Publicaci%C3%B3n-BOJA-Ingeniero-T%C3%A9cnico-Industrial.pdf\" target=\"_blank\" rel=\"noopener\">Publicaci\u00f3n BOJA Ingeniero T\u00e9cnico Industrial<\/a><\/li>\n<li><a href=\"https:\/\/www.lasgabias.es\/wp-content\/uploads\/sites\/8\/2021\/10\/Publicaci%C3%B3n-BOE-Ingeniero-T%C3%A9cnico-Industrial.pdf\" target=\"_blank\" rel=\"noopener\">Publicaci\u00f3n BOE Ingeniero T\u00e9cnico Industrial<\/a><\/li>\n<li><a href=\"https:\/\/www.lasgabias.es\/wp-content\/uploads\/sites\/8\/2021\/10\/Anuncio-listado-admitidos-excluidos.pdf\" target=\"_blank\" rel=\"noopener\">Listado provisional de admitidos y excluidos<\/a><\/li>\n<li><a href=\"https:\/\/www.lasgabias.es\/wp-content\/uploads\/sites\/8\/2021\/10\/Anuncio-listado-definitivo-y-fecha-examen.pdf\" target=\"_blank\" rel=\"noopener\">Listado definitivo de admitidos y excluidos y fecha de examen<\/a><\/li>\n<li><a href=\"https:\/\/www.lasgabias.es\/wp-content\/uploads\/sites\/8\/2021\/10\/NORMAS-DE-FUNCIONAMIENTO-DEL-TRIBUNAL.pdf\" target=\"_blank\" rel=\"noopener\">Normas de funcionamiento del tribunal<\/a><\/li>\n<li><a href=\"https:\/\/www.lasgabias.es\/wp-content\/uploads\/sites\/8\/2021\/10\/ANUNCIO-PUNTUACION-POVISIONAL-FASE-CONCURSO.pdf\" target=\"_blank\" rel=\"noopener\">Anuncio de puntuaci\u00f3n provisional de la fase de concurso<\/a><\/li>\n<li><a href=\"https:\/\/www.lasgabias.es\/wp-content\/uploads\/sites\/8\/2021\/10\/ANUNCIO-PUNTUACI%C3%93N-DEFINITIVA-FASE-CONCURSO.pdf\" target=\"_blank\" rel=\"noopener\">Anuncio de puntaci\u00f3n definitiva de la fase de concurso<\/a><\/li>\n<li><a href=\"https:\/\/www.lasgabias.es\/wp-content\/uploads\/sites\/8\/2021\/10\/ANUNCIO-EXAMEN-Y-PLANTILLA.pdf\" target=\"_blank\" rel=\"noopener\">Anuncio examen y plantilla<\/a><\/li>\n<li><a href=\"https:\/\/www.lasgabias.es\/wp-content\/uploads\/sites\/8\/2021\/10\/ANUNCIO-APERTURA-SOBRES-PRIMER-EJERCICIO.pdf\" target=\"_blank\" rel=\"noopener\">Anuncio de apertura de sobres del primer ejercicio<\/a><\/li>\n<li><a href=\"https:\/\/www.lasgabias.es\/wp-content\/uploads\/sites\/8\/2021\/10\/ANUNCIO-CALIFICACI%C3%93N-PROVISIONAL-PRIMER-EJECICIO-OPOSICI%C3%93N.pdf\" target=\"_blank\" rel=\"noopener\">Anuncio calificaci\u00f3n provisional primer ejercicio oposici\u00f3n<\/a><\/li>\n<li><a href=\"https:\/\/www.lasgabias.es\/wp-content\/uploads\/sites\/8\/2021\/10\/ANUNCIO-CALIFICACI%C3%93N-DEFINITIVA-PRIMER-EJERCICIO.pdf\" target=\"_blank\" rel=\"noopener\">Anuncio calificaci\u00f3n definitiva primer ejercicio oposici\u00f3n<\/a><\/li>\n<li><a href=\"https:\/\/www.lasgabias.es\/wp-content\/uploads\/sites\/8\/2021\/10\/ANUNCIO-CALIFICACIONES-PROVISIONALES-SEGUNDO-EJERCICIO.pdf\" target=\"_blank\" rel=\"noopener\">Anuncio calificaciones provisionales segundo ejercicio<\/a><\/li>\n<li><a href=\"https:\/\/www.lasgabias.es\/wp-content\/uploads\/sites\/8\/2021\/10\/ANUNCIO-CALIFICACI%C3%93N-DEFINITIVA-SEGUNDO-EJERCICIO-OPOSICI%C3%93N.pdf\" target=\"_blank\" rel=\"noopener\">Anuncio calificaci\u00f3n definitiva segundo ejercicio<\/a><\/li>\n<li><a href=\"https:\/\/www.lasgabias.es\/wp-content\/uploads\/sites\/8\/2021\/10\/RESOLUCI%C3%93N-FINAL.pdf\" target=\"_blank\" rel=\"noopener\">Resoluci\u00f3n final<\/a><\/li>\n<\/ul>\n<\/div>[\/vc_column_inner][\/vc_row_inner][\/vc_tta_section][vc_tta_section i_icon_fontawesome=\u00bbfar fa-file-alt\u00bb add_icon=\u00bbtrue\u00bb title=\u00bbSolicitud\u00bb tab_id=\u00bb1679074328015-641a4d7b-8df2&#8243;]<div class=\"standard-arrow list-divider bullet-top\"><ul>\n<li><a href=\"https:\/\/www.lasgabias.es\/wp-content\/uploads\/sites\/8\/2021\/10\/Solicitud-autorrellenable-Ingeniero-T%C3%A9cnico-Industrial.pdf\" target=\"_blank\" rel=\"noopener\">Anexo II. Modelo de solicitud autorrellenable<\/a><\/li>\n<\/ul>\n<\/div>[\/vc_tta_section][\/vc_tta_tabs][\/vc_column][\/vc_row][vc_row][vc_column][\/vc_column][\/vc_row]<\/p>\n<\/div>","protected":false},"excerpt":{"rendered":"<p>[vc_row][vc_column][vc_empty_space height=\u00bb22px\u00bb][vc_message color=\u00bbinfo\u00bb]Estado del proceso selectivo: RESOLUCI\u00d3N FINAL. PROCESO SELECTIVO FINALIZADO.[\/vc_message][vc_empty_space height=\u00bb22px\u00bb][\/vc_column][\/vc_row][vc_row][vc_column][vc_tta_tabs title_tag=\u00bbh5&#8243; style=\u00bbmodern\u00bb color=\u00bbmulled-wine\u00bb active_section=\u00bb1&#8243; title=\u00bbDocumentaci\u00f3n adjunta:\u00bb][vc_tta_section i_icon_fontawesome=\u00bbfas fa-file-pdf\u00bb add_icon=\u00bbtrue\u00bb title=\u00bbBases y anuncios\u00bb tab_id=\u00bb1679074197028-2291d4ea-5b4a\u00bb][vc_row_inner][vc_column_inner][\/vc_column_inner][\/vc_row_inner][\/vc_tta_section][vc_tta_section i_icon_fontawesome=\u00bbfar fa-file-alt\u00bb add_icon=\u00bbtrue\u00bb title=\u00bbSolicitud\u00bb tab_id=\u00bb1679074328015-641a4d7b-8df2&#8243;][\/vc_tta_section][\/vc_tta_tabs][\/vc_column][\/vc_row][vc_row][vc_column][\/vc_column][\/vc_row]<\/p>\n","protected":false},"author":141,"featured_media":0,"parent":0,"menu_order":0,"comment_status":"closed","ping_status":"closed","template":"","meta":{"_acf_changed":false,"footnotes":""},"class_list":["post-2963","page","type-page","status-publish","hentry","description-off"],"acf":[],"_links":{"self":[{"href":"https:\/\/www.lasgabias.es\/portal-transparencia\/wp-json\/wp\/v2\/pages\/2963","targetHints":{"allow":["GET"]}}],"collection":[{"href":"https:\/\/www.lasgabias.es\/portal-transparencia\/wp-json\/wp\/v2\/pages"}],"about":[{"href":"https:\/\/www.lasgabias.es\/portal-transparencia\/wp-json\/wp\/v2\/types\/page"}],"author":[{"embeddable":true,"href":"https:\/\/www.lasgabias.es\/portal-transparencia\/wp-json\/wp\/v2\/users\/141"}],"replies":[{"embeddable":true,"href":"https:\/\/www.lasgabias.es\/portal-transparencia\/wp-json\/wp\/v2\/comments?post=2963"}],"version-history":[{"count":2,"href":"https:\/\/www.lasgabias.es\/portal-transparencia\/wp-json\/wp\/v2\/pages\/2963\/revisions"}],"predecessor-version":[{"id":3259,"href":"https:\/\/www.lasgabias.es\/portal-transparencia\/wp-json\/wp\/v2\/pages\/2963\/revisions\/3259"}],"wp:attachment":[{"href":"https:\/\/www.lasgabias.es\/portal-transparencia\/wp-json\/wp\/v2\/media?parent=2963"}],"curies":[{"name":"wp","href":"https:\/\/api.w.org\/{rel}","templated":true}]}}