{"id":2977,"date":"2021-01-05T12:55:26","date_gmt":"2021-01-05T11:55:26","guid":{"rendered":"https:\/\/www.lasgabias.es\/portal-transparencia\/?page_id=2977"},"modified":"2023-04-18T13:36:52","modified_gmt":"2023-04-18T11:36:52","slug":"oposicion-libre-de-dos-plazas-de-policia-local","status":"publish","type":"page","link":"https:\/\/www.lasgabias.es\/portal-transparencia\/oposicion-libre-de-dos-plazas-de-policia-local\/","title":{"rendered":"Oposici\u00f3n libre de dos plazas de Polic\u00eda Local"},"content":{"rendered":"<div class=\"wpb-content-wrapper\"><p>[vc_row][vc_column]<div id=\"ultimate-heading-962469f7b8026ebe8\" class=\"uvc-heading ult-adjust-bottom-margin ultimate-heading-962469f7b8026ebe8 uvc-5457  uvc-heading-default-font-sizes\" data-hspacer=\"no_spacer\"  data-halign=\"left\" style=\"text-align:left\"><div class=\"uvc-heading-spacer no_spacer\" style=\"top\"><\/div><div class=\"uvc-main-heading ult-responsive\"  data-ultimate-target='.uvc-heading.ultimate-heading-962469f7b8026ebe8 h3'  data-responsive-json-new='{\"font-size\":\"\",\"line-height\":\"\"}' ><h3 style=\"font-weight:bold;margin-bottom:10px;\">Oposici\u00f3n libre de dos plazas de Polic\u00eda Local<\/h3><\/div><div class=\"uvc-sub-heading ult-responsive\"  data-ultimate-target='.uvc-heading.ultimate-heading-962469f7b8026ebe8 .uvc-sub-heading '  data-responsive-json-new='{\"font-size\":\"\",\"line-height\":\"\"}'  style=\"font-style:italic;font-weight:normal;margin-bottom:10px;\"><\/p>\n<p style=\"text-align: justify;\">Documentaci\u00f3n relativa a las bases para provisi\u00f3n en propiedad, mediante oposici\u00f3n libre, de dos plazas de Polic\u00eda Local.<\/p>\n<p><\/div><\/div>[vc_empty_space height=\u00bb22px\u00bb][vc_message color=\u00bbinfo\u00bb]<strong>Estado del proceso selectivo: <\/strong>Propuesta de nombramiento. PROCESO SELECTIVO FINALIZADO.[\/vc_message][vc_empty_space height=\u00bb22px\u00bb][\/vc_column][\/vc_row][vc_row][vc_column][vc_tta_tabs title_tag=\u00bbh5&#8243; style=\u00bbmodern\u00bb color=\u00bbmulled-wine\u00bb active_section=\u00bb1&#8243; title=\u00bbDocumentaci\u00f3n adjunta:\u00bb][vc_tta_section i_icon_fontawesome=\u00bbfas fa-file-pdf\u00bb add_icon=\u00bbtrue\u00bb title=\u00bbBases y anuncios\u00bb tab_id=\u00bb1679074197028-2291d4ea-5b4a\u00bb][vc_row_inner][vc_column_inner]<div class=\"standard-number-list bullet-top\"><ul>\n<li><a href=\"https:\/\/www.lasgabias.es\/wp-content\/uploads\/sites\/8\/2021\/01\/1-Publicacion-en-BOP-de-las-bases-de-Policia-Local.pdf\" target=\"_blank\" rel=\"noopener\">Publicaci\u00f3n en BOP de las bases de Polic\u00eda Local<\/a><\/li>\n<li><a href=\"https:\/\/www.lasgabias.es\/wp-content\/uploads\/sites\/8\/2021\/01\/Bases-corregidas-Policia-Local.pdf\" target=\"_blank\" rel=\"noopener\">Bases corregidas Polic\u00eda Local en JGL<\/a><\/li>\n<li><a href=\"https:\/\/www.lasgabias.es\/wp-content\/uploads\/sites\/8\/2021\/01\/Publicacion-BOP-bases-corregidas-Policia-Local.pdf\" target=\"_blank\" rel=\"noopener\">Publicaci\u00f3n BOP bases corregidas Polic\u00eda Local<\/a><\/li>\n<li><a href=\"https:\/\/www.lasgabias.es\/wp-content\/uploads\/sites\/8\/2021\/01\/Publicacion-BOJA-Policia-Local.pdf\" target=\"_blank\" rel=\"noopener\">Publicaci\u00f3n en BOJA bases Polic\u00eda Local<\/a><\/li>\n<li><a href=\"https:\/\/www.lasgabias.es\/wp-content\/uploads\/sites\/8\/2021\/01\/Publicacion-BOE-Policia-Local.pdf\" target=\"_blank\" rel=\"noopener\">Publicaci\u00f3n en BOE bases Polic\u00eda Local<\/a><\/li>\n<li><a href=\"https:\/\/www.lasgabias.es\/wp-content\/uploads\/sites\/8\/2021\/01\/2%C2%AA-Modificaci%C3%B3n-bases-dos-plazas-Polic%C3%ADa-Local.pdf\" target=\"_blank\" rel=\"noopener\">2\u00aa Modificaci\u00f3n de las bases dos plazas de Polic\u00eda Local<\/a><\/li>\n<li><a href=\"https:\/\/www.lasgabias.es\/wp-content\/uploads\/sites\/8\/2021\/01\/Publicaci%C3%B3n-en-BOE-bases-Polic%C3%ADa-Local.pdf\" target=\"_blank\" rel=\"noopener\">Segunda Publicaci\u00f3n en BOE bases Polic\u00eda Local<\/a><\/li>\n<li><a href=\"https:\/\/www.lasgabias.es\/wp-content\/uploads\/sites\/8\/2021\/01\/Anuncio-BOP-listado-provisional-admitidos-excluidos-Polic%C3%ADa-Local.pdf\" target=\"_blank\" rel=\"noopener\">Anuncio BOP listado provisional admitidos-excluidos Polic\u00eda Local<\/a><\/li>\n<li><a href=\"https:\/\/www.lasgabias.es\/wp-content\/uploads\/sites\/8\/2021\/01\/Anuncio-Listado-Definitivo-Polic%C3%ADa-Local.pdf\" target=\"_blank\" rel=\"noopener\">La lista definitiva de admitidos y excluidos para la provisi\u00f3n en propiedad de dos plazas de Polic\u00eda Local.<\/a><\/li>\n<li><a href=\"https:\/\/www.lasgabias.es\/wp-content\/uploads\/sites\/8\/2021\/01\/Anuncio-rectificaci%C3%B3n-y-horario-proceso-selectivo-Polic%C3%ADa-Local.pdf\" target=\"_blank\" rel=\"noopener\">Anuncio rectificaci\u00f3n listado definitivo y horario proceso selectivo Polic\u00eda Local<\/a><\/li>\n<li><a href=\"https:\/\/www.lasgabias.es\/wp-content\/uploads\/sites\/8\/2021\/01\/ACTA-PRIMERA-PRUEBA-SELECTIVA-POLICIA-LOCAL-DIA-26-DE-JULIO.pdf\" target=\"_blank\" rel=\"noopener\">Acta primera prueba selectiva polic\u00eda local del d\u00eda 26 de julio<\/a><\/li>\n<li><a href=\"https:\/\/www.lasgabias.es\/wp-content\/uploads\/sites\/8\/2021\/01\/ACTA-PRIMERA-PRUEBA-SELECTIVA-POLICIA-LOCAL-DIA-27-DE-JULIO.pdf\" target=\"_blank\" rel=\"noopener\">Acta primera prueba selectiva polic\u00eda local del d\u00eda 27 de julio<\/a><\/li>\n<li><a href=\"https:\/\/www.lasgabias.es\/wp-content\/uploads\/sites\/8\/2021\/01\/ACTA-PRIMERA-PRUEBA-SELECTIVA-POLICIA-LOCAL-DIA-28-DE-JULIO.pdf\" target=\"_blank\" rel=\"noopener\">Acta primera prueba selectiva polic\u00eda local del d\u00eda 28 de julio<\/a><\/li>\n<li><a href=\"https:\/\/www.lasgabias.es\/wp-content\/uploads\/sites\/8\/2021\/01\/SEGUNDA-ACTA-DOS-PLAZAS-DE-POLICIA-LOCAL-RELACI%C3%93N-DE-ASPIRANTES-DEFINITIVOS-DE-LA-PRIMERA-PRUEBA-Y-CONVOCATORIA-DE-LA-SEGUNDA-PRUEBA.pdf\" target=\"_blank\" rel=\"noopener\">Acta relaci\u00f3n definitiva de aspirantes de la primera prueba y convocatoria de la segunda prueba<\/a><\/li>\n<li><a href=\"https:\/\/www.lasgabias.es\/wp-content\/uploads\/sites\/8\/2021\/01\/3%C2%BA-Acta-listado-presentados-a-prueba-psicot%C3%A9cnicos-y-convocatoria-entrevistas-Polic%C3%ADa-Local.pdf\" target=\"_blank\" rel=\"noopener\">3\u00aa Acta listado presentados a prueba psicot\u00e9cnicos y convocatoria entrevistas Polic\u00eda Loca<\/a><\/li>\n<li><a href=\"https:\/\/www.lasgabias.es\/wp-content\/uploads\/sites\/8\/2021\/01\/CUARTA-ACTA-RECTIFICACIO%CC%81N-DE-ERRORES-DE-LA-TERCERA-ACTA.-DOS-PLAZAS-DE-POLICI%CC%81A-LOCAL..pdf\" target=\"_blank\" rel=\"noopener\">Cuarta acta rectificaci\u00f3n de errores de la tercera acta, dos plazas de polic\u00eda local.<\/a><\/li>\n<li><a href=\"https:\/\/www.lasgabias.es\/wp-content\/uploads\/sites\/8\/2021\/01\/ACTA-SEGUNDA-DOS-PLAZAS-DE-POLICIA-LOCAL-ENTREVISTA-DIA-4-DE-OCTUBRE.pdf\" target=\"_blank\" rel=\"noopener\">Acta segunda dos plazas de polic\u00eda local entrevista d\u00eda 4 de octubre<\/a><\/li>\n<li><a href=\"https:\/\/www.lasgabias.es\/wp-content\/uploads\/sites\/8\/2021\/01\/ACTA-SEGUNDA-DOS-PLAZAS-DE-POLICIA-LOCAL-ENTREVISTA-DIA-5-DE-OCTUBRE-1.pdf\" target=\"_blank\" rel=\"noopener\">Acta segunda dos plazas de polic\u00eda local entrevista d\u00eda 5 de octubre<\/a><\/li>\n<li><a href=\"https:\/\/www.lasgabias.es\/wp-content\/uploads\/sites\/8\/2021\/01\/ACTA-SEGUNDA-DOS-PLAZAS-DE-POLICIA-LOCAL-ENTREVISTA-DIA-6-DE-OCTUBRE-1.pdf\" target=\"_blank\" rel=\"noopener\">Acta segunda dos plazas de polic\u00eda local entrevista d\u00eda 6 de octubre<\/a><\/li>\n<li><a href=\"https:\/\/www.lasgabias.es\/wp-content\/uploads\/sites\/8\/2021\/01\/ACTA-SEGUNDA-DOS-PLAZAS-DE-POLICIA-LOCAL-ENTREVISTA-DIA-7-DE-OCTUBRE-1.pdf\" target=\"_blank\" rel=\"noopener\">Acta segunda dos plazas de polic\u00eda local entrevista d\u00eda 7 de octubre<\/a><\/li>\n<li><a href=\"https:\/\/www.lasgabias.es\/wp-content\/uploads\/sites\/8\/2021\/01\/NOVENA-ACTA-CALIFICACION-PROVISIONAL-SEGUNDA-PRUEBA-POLIC%C3%8DA-LOCAL.pdf\" target=\"_blank\" rel=\"noopener\">Acta calificaci\u00f3n provisional segunda prueba de polic\u00eda local<\/a><\/li>\n<li><a href=\"https:\/\/www.lasgabias.es\/wp-content\/uploads\/sites\/8\/2021\/01\/DECIMA-ACTA-CALIFICACION-DEFINTIVA-DEL-SEGUNDO-EJERCICIO-Y-CONVOCATORIA-DEL-TERCER-EJERCICIO-1.pdf\" target=\"_blank\" rel=\"noopener\">Acta definitiva de la prueba psicot\u00e9cnica con entrevista de polic\u00eda local y fecha del examen te\u00f3rico<\/a><\/li>\n<li><a href=\"https:\/\/www.lasgabias.es\/wp-content\/uploads\/sites\/8\/2021\/01\/Undecima-Acta-realizaci%C3%B3n-3a-prueba-selectiva.pdf\" target=\"_blank\" rel=\"noopener\">Acta realizaci\u00f3n 3a prueba selectiva<\/a><\/li>\n<li><a href=\"https:\/\/www.lasgabias.es\/wp-content\/uploads\/sites\/8\/2021\/01\/CUESTIONARIO-y-PLANTILLA-DEL-TERCER-EJERCICIO-PARA-DOS-PLAZAS-POLIC%C3%8DA-LOCAL-LAS-GABIAS.pdf\" target=\"_blank\" rel=\"noopener\">Cuestionario y plantilla de correcci\u00f3n del tercer ejercicio para dos plazas de polic\u00eda local de Las Gabias<\/a><\/li>\n<li><a href=\"https:\/\/www.lasgabias.es\/wp-content\/uploads\/sites\/8\/2021\/01\/Duod%C3%A9cima-Acta.-Constituci%C3%B3n-Correcci%C3%B3n-Tercera-Prueba-Selectiva.pdf\" target=\"_blank\" rel=\"noopener\">Acta. Constituci\u00f3n, Correcci\u00f3n Tercera Prueba Selectiva (04\/11\/2021)<\/a><\/li>\n<li><a href=\"https:\/\/www.lasgabias.es\/wp-content\/uploads\/sites\/8\/2021\/01\/DECIMOTERCERA-ACTA-DOS-PLAZAS-POLICIA-LOCAL.-RESOLUCION-DE-ALEGACIO%CC%81N-A-LA-CALIFICACIO%CC%81N-DEL-TERCER-EJERCICIO.-CONVOCATORIA-DE-LA-CUARTA-PRUEBA-Y-SU-LECTURA.-1.pdf\" target=\"_blank\" rel=\"noopener\">Acta notas definitivas tercer ejercicio, resoluci\u00f3n alegaciones, fecha examen y lectura cuarto ejercicio (supuesto pr\u00e1ctico)<\/a><\/li>\n<li><a href=\"https:\/\/www.lasgabias.es\/wp-content\/uploads\/sites\/8\/2021\/01\/D%C3%A9cimo-4%C2%AA-acta-Polic%C3%ADa-Local.pdf\" target=\"_blank\" rel=\"noopener\">Decimocuarta acta. Constituci\u00f3n y realizaci\u00f3n de la cuarta prueba selectiva.<\/a><\/li>\n<li><a href=\"https:\/\/www.lasgabias.es\/wp-content\/uploads\/sites\/8\/2021\/01\/Decimoquinta-acta-calificaci%C3%B3n-provisional-cuarto-ejercicio-para-dos-plazas-Polic%C3%ADa-Local-.pdf\" target=\"_blank\" rel=\"noopener\">Decimoquinta acta calificaci\u00f3n provisional cuarto ejercicio para dos plazas Polic\u00eda Local.<\/a><\/li>\n<li><a href=\"https:\/\/www.lasgabias.es\/wp-content\/uploads\/sites\/8\/2021\/01\/DECIMO-SEXTA-ACTA.-RESOLUCIO%CC%81N-DE-ALEGACIONES-CUARTO-EJERCICIO-Y-CONVOCATORIA-QUINTA-PRUEBA-1.pdf\" target=\"_blank\" rel=\"noopener\">Decimosexta resoluci\u00f3n de alegaciones cuatro ejercicio y convocatoria quinta prueba para dos plazas de Polic\u00eda Local.<\/a><\/li>\n<li><a href=\"https:\/\/www.lasgabias.es\/wp-content\/uploads\/sites\/8\/2021\/01\/DECIMOSEPTIMO-ACTA.-CONSTITUCI%C3%93N-CELEBRACI%C3%93N-Y-RESULTADOS-DEL-QUINTO-EJERCICIO-2.pdf\" target=\"_blank\" rel=\"noopener\">Decimos\u00e9ptima acta. Constituci\u00f3n, celebraci\u00f3n y resultado del quinto ejercicio.<\/a><\/li>\n<li><a href=\"https:\/\/www.lasgabias.es\/wp-content\/uploads\/sites\/8\/2021\/01\/Propuesta-Nombramiento-2-policias.pdf\" target=\"_blank\" rel=\"noopener\">Decimooctava acta. Propuesta de nombramiento<\/a><\/li>\n<\/ul>\n<\/div>[\/vc_column_inner][\/vc_row_inner][\/vc_tta_section][vc_tta_section i_icon_fontawesome=\u00bbfar fa-edit\u00bb add_icon=\u00bbtrue\u00bb title=\u00bbSolicitud\u00bb tab_id=\u00bb1679074328015-641a4d7b-8df2&#8243;]<div class=\"standard-arrow list-divider bullet-top\"><ul>\n<li><a href=\"https:\/\/www.lasgabias.es\/wp-content\/uploads\/sites\/8\/2021\/01\/Solicitud-autorellenable-Policia-Local.pdf\" target=\"_blank\" rel=\"noopener\">Solicitud autorrellenable de admisi\u00f3n a la covocatoria<\/a><\/li>\n<\/ul>\n<\/div>[\/vc_tta_section][\/vc_tta_tabs][\/vc_column][\/vc_row][vc_row][vc_column][\/vc_column][\/vc_row]<\/p>\n<\/div>","protected":false},"excerpt":{"rendered":"<p>[vc_row][vc_column][vc_empty_space height=\u00bb22px\u00bb][vc_message color=\u00bbinfo\u00bb]Estado del proceso selectivo: Propuesta de nombramiento. PROCESO SELECTIVO FINALIZADO.[\/vc_message][vc_empty_space height=\u00bb22px\u00bb][\/vc_column][\/vc_row][vc_row][vc_column][vc_tta_tabs title_tag=\u00bbh5&#8243; style=\u00bbmodern\u00bb color=\u00bbmulled-wine\u00bb active_section=\u00bb1&#8243; title=\u00bbDocumentaci\u00f3n adjunta:\u00bb][vc_tta_section i_icon_fontawesome=\u00bbfas fa-file-pdf\u00bb add_icon=\u00bbtrue\u00bb title=\u00bbBases y anuncios\u00bb tab_id=\u00bb1679074197028-2291d4ea-5b4a\u00bb][vc_row_inner][vc_column_inner][\/vc_column_inner][\/vc_row_inner][\/vc_tta_section][vc_tta_section i_icon_fontawesome=\u00bbfar fa-edit\u00bb add_icon=\u00bbtrue\u00bb title=\u00bbSolicitud\u00bb tab_id=\u00bb1679074328015-641a4d7b-8df2&#8243;][\/vc_tta_section][\/vc_tta_tabs][\/vc_column][\/vc_row][vc_row][vc_column][\/vc_column][\/vc_row]<\/p>\n","protected":false},"author":141,"featured_media":0,"parent":0,"menu_order":0,"comment_status":"closed","ping_status":"closed","template":"","meta":{"_acf_changed":false,"footnotes":""},"class_list":["post-2977","page","type-page","status-publish","hentry","description-off"],"acf":[],"_links":{"self":[{"href":"https:\/\/www.lasgabias.es\/portal-transparencia\/wp-json\/wp\/v2\/pages\/2977","targetHints":{"allow":["GET"]}}],"collection":[{"href":"https:\/\/www.lasgabias.es\/portal-transparencia\/wp-json\/wp\/v2\/pages"}],"about":[{"href":"https:\/\/www.lasgabias.es\/portal-transparencia\/wp-json\/wp\/v2\/types\/page"}],"author":[{"embeddable":true,"href":"https:\/\/www.lasgabias.es\/portal-transparencia\/wp-json\/wp\/v2\/users\/141"}],"replies":[{"embeddable":true,"href":"https:\/\/www.lasgabias.es\/portal-transparencia\/wp-json\/wp\/v2\/comments?post=2977"}],"version-history":[{"count":4,"href":"https:\/\/www.lasgabias.es\/portal-transparencia\/wp-json\/wp\/v2\/pages\/2977\/revisions"}],"predecessor-version":[{"id":3270,"href":"https:\/\/www.lasgabias.es\/portal-transparencia\/wp-json\/wp\/v2\/pages\/2977\/revisions\/3270"}],"wp:attachment":[{"href":"https:\/\/www.lasgabias.es\/portal-transparencia\/wp-json\/wp\/v2\/media?parent=2977"}],"curies":[{"name":"wp","href":"https:\/\/api.w.org\/{rel}","templated":true}]}}