{"id":3017,"date":"2020-11-12T11:56:11","date_gmt":"2020-11-12T10:56:11","guid":{"rendered":"https:\/\/www.lasgabias.es\/portal-transparencia\/?page_id=3017"},"modified":"2023-05-10T13:22:53","modified_gmt":"2023-05-10T11:22:53","slug":"bolsa-trabajo-para-contratacion-de-informador-a-para-la-piscina-municipal","status":"publish","type":"page","link":"https:\/\/www.lasgabias.es\/portal-transparencia\/bolsa-trabajo-para-contratacion-de-informador-a-para-la-piscina-municipal\/","title":{"rendered":"Bolsa Trabajo para contrataci\u00f3n de Informador\/a para la piscina municipal"},"content":{"rendered":"<div class=\"wpb-content-wrapper\"><p>[vc_row][vc_column]<div id=\"ultimate-heading-976669f8851a8b4ba\" class=\"uvc-heading ult-adjust-bottom-margin ultimate-heading-976669f8851a8b4ba uvc-7161  uvc-heading-default-font-sizes\" data-hspacer=\"no_spacer\"  data-halign=\"left\" style=\"text-align:left\"><div class=\"uvc-heading-spacer no_spacer\" style=\"top\"><\/div><div class=\"uvc-main-heading ult-responsive\"  data-ultimate-target='.uvc-heading.ultimate-heading-976669f8851a8b4ba h3'  data-responsive-json-new='{\"font-size\":\"\",\"line-height\":\"\"}' ><h3 style=\"font-weight:bold;margin-bottom:10px;\">Bolsa Trabajo para contrataci\u00f3n de Informador\/a para la piscina municipal<\/h3><\/div><div class=\"uvc-sub-heading ult-responsive\"  data-ultimate-target='.uvc-heading.ultimate-heading-976669f8851a8b4ba .uvc-sub-heading '  data-responsive-json-new='{\"font-size\":\"\",\"line-height\":\"\"}'  style=\"font-style:italic;font-weight:normal;margin-bottom:10px;\"><\/p>\n<p style=\"text-align: justify;\">Documentaci\u00f3n relativa a las bases generales de la convocatoria p\u00fablica para la constituci\u00f3n de una Bolsa de Trabajo para la Contrataci\u00f3n de Informador\/a para la Piscina Municipal del Ayuntamiento de Las Gabias.<\/p>\n<p><\/div><\/div>[vc_empty_space height=\u00bb22px\u00bb][vc_message color=\u00bbinfo\u00bb]<strong>Estado del proceso selectivo: <\/strong>Anuncio calificaciones definitivas fase oposici\u00f3n[\/vc_message][vc_empty_space height=\u00bb22px\u00bb][\/vc_column][\/vc_row][vc_row][vc_column][vc_tta_tabs title_tag=\u00bbh5&#8243; style=\u00bbmodern\u00bb color=\u00bbmulled-wine\u00bb active_section=\u00bb1&#8243; title=\u00bbDocumentaci\u00f3n adjunta:\u00bb][vc_tta_section i_icon_fontawesome=\u00bbfar fa-edit\u00bb add_icon=\u00bbtrue\u00bb title=\u00bbPlazo Presentaci\u00f3n de Solicitudes\u00bb tab_id=\u00bb1679508176256-9e937d96-1ce5&#8243;][vc_column_text]<\/p>\n<p align=\"justify\">El plazo de presentaci\u00f3n de solicitudes ser\u00e1 de 20 d\u00edas naturales, a contar desde el d\u00eda siguiente de la publicaci\u00f3n de las presentes bases en el Bolet\u00edn Oficial de la Provincia de Granada.<\/p>\n<ul>\n<li>Desde el d\u00eda 21\/11\/2020 hasta el d\u00eda 10\/12\/2020, ambos inclusive. <b>(CERRADO)<\/b><\/li>\n<\/ul>\n<p>[\/vc_column_text][\/vc_tta_section][vc_tta_section i_icon_fontawesome=\u00bbfas fa-file-pdf\u00bb add_icon=\u00bbtrue\u00bb title=\u00bbBases y anuncios\u00bb tab_id=\u00bb1679074197028-2291d4ea-5b4a\u00bb][vc_row_inner][vc_column_inner]<div class=\"standard-number-list bullet-top\"><ul>\n<li><a href=\"https:\/\/www.lasgabias.es\/wp-content\/uploads\/sites\/8\/2020\/11\/Anuncio_aprobacion_bases_informadora.pdf\" target=\"_blank\" rel=\"noopener\">Anuncio aprobaci\u00f3n bases<\/a><\/li>\n<li><a href=\"https:\/\/www.lasgabias.es\/wp-content\/uploads\/sites\/8\/2020\/11\/2A_BASES-informador_a-Portal-transparencia.pdf\" target=\"_blank\" rel=\"noopener\">Bases Bolsa de Trabajo para la Contrataci\u00f3n de Informador\/a para la Piscina Municipal<\/a><\/li>\n<li><a href=\"https:\/\/www.lasgabias.es\/wp-content\/uploads\/sites\/8\/2020\/11\/Anuncio-modificacion-plazos-informado-piscina.pdf\" target=\"_blank\" rel=\"noopener\">Anuncio modificando las fechas de presentaci\u00f3n de solicitudes (20 de Noviembre de 2020)<\/a><\/li>\n<li><a href=\"https:\/\/www.lasgabias.es\/wp-content\/uploads\/sites\/8\/2020\/11\/2A_Bases-informadora-piscina-corregidas.pdf\" target=\"_blank\" rel=\"noopener\">Bases modificadas y diligenciadas conforme a la publicaci\u00f3n del Bolet\u00edn Oficial Provincia (20 de noviembre de 2020)<\/a><\/li>\n<li><a href=\"https:\/\/www.lasgabias.es\/wp-content\/uploads\/sites\/8\/2020\/11\/Listado-provisional-de-admitidos-y-excluidos-informador-piscina.pdf\" target=\"_blank\" rel=\"noopener\">Listado provisional de admitidos\/as y excluidos\/as (18 diciembre 2020)<\/a><\/li>\n<li><a href=\"https:\/\/www.lasgabias.es\/wp-content\/uploads\/sites\/8\/2020\/11\/Listado-definitivo-admitidos-y-excluidos-informador-a-piscina.pdf\" target=\"_blank\" rel=\"noopener\">Listado definitivo admitidos\/as y excluidos\/as (07 enero 2021)<\/a><\/li>\n<\/ul>\n<\/div>[\/vc_column_inner][\/vc_row_inner][\/vc_tta_section][vc_tta_section i_icon_fontawesome=\u00bbfar fa-file-alt\u00bb add_icon=\u00bbtrue\u00bb title=\u00bbSolicitud\u00bb tab_id=\u00bb1679074328015-641a4d7b-8df2&#8243;]<div class=\"standard-arrow list-divider bullet-top\"><ul>\n<li><a href=\"https:\/\/www.lasgabias.es\/wp-content\/uploads\/sites\/8\/2020\/11\/Anexo-I-Modelo-de-solicitud.pdf\" target=\"_blank\" rel=\"noopener\">Anexo I &#8211; Modelo de solicitud<\/a><\/li>\n<\/ul>\n<\/div>[\/vc_tta_section][\/vc_tta_tabs][\/vc_column][\/vc_row][vc_row][vc_column][\/vc_column][\/vc_row]<\/p>\n<\/div>","protected":false},"excerpt":{"rendered":"<p>[vc_row][vc_column][vc_empty_space height=\u00bb22px\u00bb][vc_message color=\u00bbinfo\u00bb]Estado del proceso selectivo: Anuncio calificaciones definitivas fase oposici\u00f3n[\/vc_message][vc_empty_space height=\u00bb22px\u00bb][\/vc_column][\/vc_row][vc_row][vc_column][vc_tta_tabs title_tag=\u00bbh5&#8243; style=\u00bbmodern\u00bb color=\u00bbmulled-wine\u00bb active_section=\u00bb1&#8243; title=\u00bbDocumentaci\u00f3n adjunta:\u00bb][vc_tta_section i_icon_fontawesome=\u00bbfar fa-edit\u00bb add_icon=\u00bbtrue\u00bb title=\u00bbPlazo Presentaci\u00f3n de Solicitudes\u00bb tab_id=\u00bb1679508176256-9e937d96-1ce5&#8243;][vc_column_text] El plazo de presentaci\u00f3n de solicitudes ser\u00e1 de 20 d\u00edas naturales, a contar desde el d\u00eda siguiente de la publicaci\u00f3n de las presentes bases en el Bolet\u00edn Oficial de&hellip;<\/p>\n","protected":false},"author":141,"featured_media":0,"parent":0,"menu_order":0,"comment_status":"closed","ping_status":"closed","template":"","meta":{"_acf_changed":false,"footnotes":""},"class_list":["post-3017","page","type-page","status-publish","hentry","description-off"],"acf":[],"_links":{"self":[{"href":"https:\/\/www.lasgabias.es\/portal-transparencia\/wp-json\/wp\/v2\/pages\/3017","targetHints":{"allow":["GET"]}}],"collection":[{"href":"https:\/\/www.lasgabias.es\/portal-transparencia\/wp-json\/wp\/v2\/pages"}],"about":[{"href":"https:\/\/www.lasgabias.es\/portal-transparencia\/wp-json\/wp\/v2\/types\/page"}],"author":[{"embeddable":true,"href":"https:\/\/www.lasgabias.es\/portal-transparencia\/wp-json\/wp\/v2\/users\/141"}],"replies":[{"embeddable":true,"href":"https:\/\/www.lasgabias.es\/portal-transparencia\/wp-json\/wp\/v2\/comments?post=3017"}],"version-history":[{"count":4,"href":"https:\/\/www.lasgabias.es\/portal-transparencia\/wp-json\/wp\/v2\/pages\/3017\/revisions"}],"predecessor-version":[{"id":3439,"href":"https:\/\/www.lasgabias.es\/portal-transparencia\/wp-json\/wp\/v2\/pages\/3017\/revisions\/3439"}],"wp:attachment":[{"href":"https:\/\/www.lasgabias.es\/portal-transparencia\/wp-json\/wp\/v2\/media?parent=3017"}],"curies":[{"name":"wp","href":"https:\/\/api.w.org\/{rel}","templated":true}]}}