{"id":3818,"date":"2023-07-19T13:01:54","date_gmt":"2023-07-19T11:01:54","guid":{"rendered":"https:\/\/www.lasgabias.es\/portal-transparencia\/?page_id=3818"},"modified":"2023-10-17T14:21:34","modified_gmt":"2023-10-17T12:21:34","slug":"concurso-de-meritos-de-cuatro-plazas-de-monitor-a-de-natacion-por-estabilizacion-de-empleo-temporal","status":"publish","type":"page","link":"https:\/\/www.lasgabias.es\/portal-transparencia\/concurso-de-meritos-de-cuatro-plazas-de-monitor-a-de-natacion-por-estabilizacion-de-empleo-temporal\/","title":{"rendered":"Concurso de m\u00e9ritos de cuatro plazas de Monitor\/a de Nataci\u00f3n por estabilizaci\u00f3n de empleo temporal"},"content":{"rendered":"<div class=\"wpb-content-wrapper\"><p>[vc_row][vc_column]<div id=\"ultimate-heading-261169f5e9899a8a5\" class=\"uvc-heading ult-adjust-bottom-margin ultimate-heading-261169f5e9899a8a5 uvc-5545  uvc-heading-default-font-sizes\" data-hspacer=\"no_spacer\"  data-halign=\"left\" style=\"text-align:left\"><div class=\"uvc-heading-spacer no_spacer\" style=\"top\"><\/div><div class=\"uvc-main-heading ult-responsive\"  data-ultimate-target='.uvc-heading.ultimate-heading-261169f5e9899a8a5 h3'  data-responsive-json-new='{\"font-size\":\"\",\"line-height\":\"\"}' ><h3 style=\"font-weight:bold;margin-bottom:10px;\">Concurso de m\u00e9ritos de cuatro plazas de Monitor\/a de Nataci\u00f3n por estabilizaci\u00f3n de empleo temporal<\/h3><\/div><div class=\"uvc-sub-heading ult-responsive\"  data-ultimate-target='.uvc-heading.ultimate-heading-261169f5e9899a8a5 .uvc-sub-heading '  data-responsive-json-new='{\"font-size\":\"\",\"line-height\":\"\"}'  style=\"font-style:italic;font-weight:normal;margin-bottom:10px;\"><\/p>\n<p style=\"text-align: justify\">Documentaci\u00f3n relativa a las bases para la provisi\u00f3n en propiedad, mediante concurso de m\u00e9ritos de cuatro plazas de Monitor\/a de Nataci\u00f3n, a jornada completa, vacantes en la plantilla de personal laboral fijo del Ayuntamiento de Las Gabias.<\/p>\n<p><\/div><\/div>[vc_empty_space height=\u00bb22px\u00bb][vc_message color=\u00bbinfo\u00bb]<\/p>\n<p style=\"text-align: justify\"><strong>Estado del proceso selectivo: <\/strong>Anuncio de la puntuaci\u00f3n provisional de Monitor\/a de Nataci\u00f3n. <span style=\"color: #ff0000\"><strong>Anuncio de puntuaci\u00f3n definitiva y propuesta de contrataci\u00f3n de 4 plazas de monitor de nataci\u00f3n.<\/strong><\/span><\/p>\n<div dir=\"ltr\"><\/div>\n<p>[\/vc_message][vc_empty_space height=\u00bb22px\u00bb][\/vc_column][\/vc_row][vc_row][vc_column][vc_tta_tabs title_tag=\u00bbh5&#8243; style=\u00bbmodern\u00bb color=\u00bbmulled-wine\u00bb active_section=\u00bb1&#8243; title=\u00bbDocumentaci\u00f3n adjunta:\u00bb][vc_tta_section i_icon_fontawesome=\u00bbfas fa-file-pdf\u00bb add_icon=\u00bbtrue\u00bb title=\u00bbBases y anuncios\u00bb tab_id=\u00bb1679074197028-2291d4ea-5b4a\u00bb][vc_row_inner][vc_column_inner]<div class=\"standard-number-list bullet-top\"><ul>\n<li><a href=\"https:\/\/www.lasgabias.es\/wp-content\/uploads\/sites\/8\/2023\/02\/Bases-de-estabilizaci%C3%B3n-personal-funcionario-y-personal-laboral-fijo-mediante-concurso-1-1.pdf\" target=\"_blank\" rel=\"noopener\">Bases de estabilizaci\u00f3n personal funcionario y personal laboral fijo mediante concurso<\/a><\/li>\n<li><strong>20\/12\/2022<\/strong> <a href=\"https:\/\/www.lasgabias.es\/wp-content\/uploads\/sites\/8\/2023\/02\/Publicaci%C3%B3n-BOP.pdf\" target=\"_blank\" rel=\"noopener\">Publicaci\u00f3n en BOP<\/a><\/li>\n<li><strong>20\/01\/2023 <\/strong><a href=\"https:\/\/www.lasgabias.es\/wp-content\/uploads\/sites\/8\/2023\/02\/Publicaci%C3%B3n-BOJA.pdf\" target=\"_blank\" rel=\"noopener\">Publicaci\u00f3n en BOJA<\/a><\/li>\n<li><strong>06\/02\/2023 <\/strong><a href=\"https:\/\/www.lasgabias.es\/wp-content\/uploads\/sites\/8\/2023\/02\/Publicaci%C3%B3n-BOE.pdf\" target=\"_blank\" rel=\"noopener\">Publicaci\u00f3n BOE<\/a><\/li>\n<li><strong>19\/07\/2023<\/strong>\u00a0<a href=\"https:\/\/www.lasgabias.es\/portal-transparencia\/wp-content\/uploads\/sites\/8\/2023\/07\/ANUNCIO-LISTADO-PROVISIONAL-ADMITIDOS-EXCLUIDOS-MONITOR-NATACION.pdf\" target=\"_blank\" rel=\"noopener\">Anuncio del listado provisional de admitidos y excluidos.<\/a><\/li>\n<li><strong>09\/08\/2023<\/strong> <a href=\"https:\/\/www.lasgabias.es\/portal-transparencia\/wp-content\/uploads\/sites\/8\/2023\/08\/ANUNCIO-LISTADO-DEFINITIVO-ADMITIDOS-EXCLUIDOS-MONITOR-DE-NATACION.pdf\" target=\"_blank\" rel=\"noopener\">Anuncio listado definitivo admitidos-excluidos Monitor de Nataci\u00f3n<\/a><\/li>\n<li><strong>18\/09\/2023<\/strong> <a href=\"https:\/\/www.lasgabias.es\/portal-transparencia\/wp-content\/uploads\/sites\/8\/2023\/09\/Anuncio-Normas-Funcionamiento-Tribunal-y-Criterios-Baremacion-de-Meritos-1.pdf\" target=\"_blank\" rel=\"noopener\">Anuncio Normas Funcionamiento Tribunal y Criterios Baremaci\u00f3n de M\u00e9ritos<\/a><\/li>\n<li><strong>28\/09\/2023<\/strong> <a href=\"https:\/\/www.lasgabias.es\/portal-transparencia\/wp-content\/uploads\/sites\/8\/2023\/09\/ANUNCIO-PUNTUACION-PROVISIONAL-MONITOR-DE-NATACION.pdf\" target=\"_blank\" rel=\"noopener\">Anuncio puntuaci\u00f3n provisional de Monitor de Nataci\u00f3n<\/a><\/li>\n<li><strong>17\/10\/2023<\/strong> <a href=\"https:\/\/www.lasgabias.es\/portal-transparencia\/wp-content\/uploads\/sites\/8\/2023\/10\/ANUNCIO-PUNTUACION-DEFINITIVA-Y-PROPUESTA-DE-CONTRATACION-4-PLAZAS-MONITOR-NATACION.pdf\" target=\"_blank\" rel=\"noopener\">Anuncio de puntuaci\u00f3n definitiva y propuesta de contrataci\u00f3n de 4 plazas de monitor de nataci\u00f3n<\/a><\/li>\n<\/ul>\n<\/div>[\/vc_column_inner][\/vc_row_inner][\/vc_tta_section][vc_tta_section i_icon_fontawesome=\u00bbfar fa-edit\u00bb add_icon=\u00bbtrue\u00bb title=\u00bbPlazo Presentaci\u00f3n de Solicitudes\u00bb tab_id=\u00bb1679508176256-9e937d96-1ce5&#8243;][vc_column_text]<\/p>\n<p align=\"justify\">El plazo para presentar las solicitudes ser\u00e1 de veinte d\u00edas h\u00e1biles, a contar desde el siguiente en que aparezca el extracto de la convocatoria del proceso selectivo en el Bolet\u00edn Oficial del Estado (BOE).<\/p>\n<ul>\n<li>Desde el d\u00eda 07\/02\/2023 hasta el d\u00eda 07\/03\/2023, ambos inclusive. <b>(CERRADO)<\/b><\/li>\n<\/ul>\n<p>[\/vc_column_text][\/vc_tta_section][vc_tta_section i_icon_fontawesome=\u00bbfar fa-file-alt\u00bb add_icon=\u00bbtrue\u00bb title=\u00bbSolicitud\u00bb tab_id=\u00bb1679074328015-641a4d7b-8df2&#8243;]<div class=\"standard-arrow bullet-top\"><ul>\n<li><a href=\"https:\/\/www.lasgabias.es\/wp-content\/uploads\/sites\/8\/2023\/02\/ANEXO-II-SOLICITUD-proceso-estabilizaci%C3%B3n-concurso-rellenable.pdf\" target=\"_blank\" rel=\"noopener\">Anexo II: Solicitud<\/a><\/li>\n<li><a href=\"https:\/\/www.lasgabias.es\/wp-content\/uploads\/sites\/8\/2023\/02\/ANEXO-II-AUTOBAREMACION-proceso-estabilizaci%C3%B3n-concurso.pdf\" target=\"_blank\" rel=\"noopener\">Anexo II: Autobaremaci\u00f3n<\/a><\/li>\n<\/ul>\n<\/div>[\/vc_tta_section][\/vc_tta_tabs][\/vc_column][\/vc_row][vc_row][vc_column][\/vc_column][\/vc_row]<\/p>\n<\/div>","protected":false},"excerpt":{"rendered":"<p>[vc_row][vc_column][vc_empty_space height=\u00bb22px\u00bb][vc_message color=\u00bbinfo\u00bb] Estado del proceso selectivo: Anuncio de la puntuaci\u00f3n provisional de Monitor\/a de Nataci\u00f3n. Anuncio de puntuaci\u00f3n definitiva y propuesta de contrataci\u00f3n de 4 plazas de monitor de nataci\u00f3n. [\/vc_message][vc_empty_space height=\u00bb22px\u00bb][\/vc_column][\/vc_row][vc_row][vc_column][vc_tta_tabs title_tag=\u00bbh5&#8243; style=\u00bbmodern\u00bb color=\u00bbmulled-wine\u00bb active_section=\u00bb1&#8243; title=\u00bbDocumentaci\u00f3n adjunta:\u00bb][vc_tta_section i_icon_fontawesome=\u00bbfas fa-file-pdf\u00bb add_icon=\u00bbtrue\u00bb title=\u00bbBases y anuncios\u00bb tab_id=\u00bb1679074197028-2291d4ea-5b4a\u00bb][vc_row_inner][vc_column_inner][\/vc_column_inner][\/vc_row_inner][\/vc_tta_section][vc_tta_section i_icon_fontawesome=\u00bbfar fa-edit\u00bb add_icon=\u00bbtrue\u00bb title=\u00bbPlazo Presentaci\u00f3n de Solicitudes\u00bb tab_id=\u00bb1679508176256-9e937d96-1ce5&#8243;][vc_column_text] El&hellip;<\/p>\n","protected":false},"author":141,"featured_media":0,"parent":0,"menu_order":0,"comment_status":"closed","ping_status":"closed","template":"","meta":{"_acf_changed":false,"footnotes":""},"class_list":["post-3818","page","type-page","status-publish","hentry","description-off"],"acf":[],"_links":{"self":[{"href":"https:\/\/www.lasgabias.es\/portal-transparencia\/wp-json\/wp\/v2\/pages\/3818","targetHints":{"allow":["GET"]}}],"collection":[{"href":"https:\/\/www.lasgabias.es\/portal-transparencia\/wp-json\/wp\/v2\/pages"}],"about":[{"href":"https:\/\/www.lasgabias.es\/portal-transparencia\/wp-json\/wp\/v2\/types\/page"}],"author":[{"embeddable":true,"href":"https:\/\/www.lasgabias.es\/portal-transparencia\/wp-json\/wp\/v2\/users\/141"}],"replies":[{"embeddable":true,"href":"https:\/\/www.lasgabias.es\/portal-transparencia\/wp-json\/wp\/v2\/comments?post=3818"}],"version-history":[{"count":16,"href":"https:\/\/www.lasgabias.es\/portal-transparencia\/wp-json\/wp\/v2\/pages\/3818\/revisions"}],"predecessor-version":[{"id":4382,"href":"https:\/\/www.lasgabias.es\/portal-transparencia\/wp-json\/wp\/v2\/pages\/3818\/revisions\/4382"}],"wp:attachment":[{"href":"https:\/\/www.lasgabias.es\/portal-transparencia\/wp-json\/wp\/v2\/media?parent=3818"}],"curies":[{"name":"wp","href":"https:\/\/api.w.org\/{rel}","templated":true}]}}