{"id":3825,"date":"2023-06-13T11:49:04","date_gmt":"2023-06-13T09:49:04","guid":{"rendered":"https:\/\/www.lasgabias.es\/portal-transparencia\/?page_id=3825"},"modified":"2026-03-31T12:57:24","modified_gmt":"2026-03-31T10:57:24","slug":"procedimientos-desiertos-contratos-mayores","status":"publish","type":"page","link":"https:\/\/www.lasgabias.es\/portal-transparencia\/transparencia-en-contrataciones-convenios-y-subvenciones\/procedimientos-desiertos-contratos-mayores\/","title":{"rendered":"Procedimientos desiertos &#8211; Contratos Mayores"},"content":{"rendered":"<div class=\"wpb-content-wrapper\"><p>[vc_row][vc_column]<div id=\"ultimate-heading-564769f2a52312e80\" class=\"uvc-heading ult-adjust-bottom-margin ultimate-heading-564769f2a52312e80 uvc-8440  uvc-heading-default-font-sizes\" data-hspacer=\"no_spacer\"  data-halign=\"left\" style=\"text-align:left\"><div class=\"uvc-heading-spacer no_spacer\" style=\"top\"><\/div><div class=\"uvc-main-heading ult-responsive\"  data-ultimate-target='.uvc-heading.ultimate-heading-564769f2a52312e80 h2'  data-responsive-json-new='{\"font-size\":\"\",\"line-height\":\"\"}' ><h2 style=\"font-weight:bold;margin-bottom:25px;\">Procedimientos desiertos - Contratos Mayores<\/h2><\/div><\/div>[vc_tta_tabs section_title_tag=\u00bbh5&#8243; style=\u00bbmodern\u00bb color=\u00bbmulled-wine\u00bb active_section=\u00bb1&#8243;][vc_tta_section title=\u00bb2026&#8243; tab_id=\u00bb1712124186068-54db0713-6307&#8243;][vc_toggle title=\u00bbEXP. 025-2026 Contrato para la adquisici\u00f3n de terrenos destinados a equipamientos\u00bb style=\u00bbsimple\u00bb color=\u00bbmulled_wine\u00bb custom_font_container=\u00bbtag:h5|font_size:14|text_align:left|color:%23000000&#8243; custom_google_fonts=\u00bbfont_family:Roboto%3A100%2C100italic%2C300%2C300italic%2Cregular%2Citalic%2C500%2C500italic%2C700%2C700italic%2C900%2C900italic|font_style:400%20regular%3A400%3Anormal\u00bb css=\u00bb\u00bb use_custom_heading=\u00bbtrue\u00bb]<\/p>\n<ul>\n<li><span style=\"font-family: verdana, sans-serif;font-size: large\"><a href=\"https:\/\/www.lasgabias.es\/portal-transparencia\/wp-content\/uploads\/sites\/8\/2026\/03\/PROPUESTA_26359_30032026Id1379906_1379906_fs.pdf\" target=\"_blank\" rel=\"noopener\">Decreto de declararacion procedimiento desierto<\/a><\/span><\/li>\n<\/ul>\n<p>[\/vc_toggle][\/vc_tta_section][vc_tta_section title=\u00bb2025&#8243; tab_id=\u00bb1774954604895-f533ee89-09ab\u00bb][\/vc_tta_section][vc_tta_section title=\u00bb2024&#8243; tab_id=\u00bb1774954366666-b30119d3-1143&#8243;][vc_toggle title=\u00bbEXP. 048-2023 Contrato de suministro de hueso de aceituna para la caldera del Colegio de Educaci\u00f3n Infantil La Ermita, sita en calle Ermita n\u00ba2&#8243; style=\u00bbsimple\u00bb color=\u00bbmulled_wine\u00bb custom_font_container=\u00bbtag:h5|font_size:14|text_align:left|color:%23000000&#8243; custom_google_fonts=\u00bbfont_family:Roboto%3A100%2C100italic%2C300%2C300italic%2Cregular%2Citalic%2C500%2C500italic%2C700%2C700italic%2C900%2C900italic|font_style:400%20regular%3A400%3Anormal\u00bb css=\u00bb\u00bb use_custom_heading=\u00bbtrue\u00bb]<\/p>\n<ul>\n<li><span style=\"font-family: verdana, sans-serif;font-size: large\"><a href=\"https:\/\/www.lasgabias.es\/portal-transparencia\/wp-content\/uploads\/sites\/8\/2025\/01\/54_decreto-excluir-a-Proyectos-y-Desierto.pdf\" target=\"_blank\" rel=\"noopener\">Decreto de declararacion procedimiento desierto<\/a><\/span><\/li>\n<\/ul>\n<p>[\/vc_toggle][vc_toggle title=\u00bbEXP. 011-2024 Lote n\u00ba 3 del contrato de suministro de material de oficina, material de manualidades y papel para el Ayuntamiento de Las Gabias.\u00bb style=\u00bbsimple\u00bb color=\u00bbmulled_wine\u00bb custom_font_container=\u00bbtag:h5|font_size:14|text_align:left|color:%23000000&#8243; custom_google_fonts=\u00bbfont_family:Roboto%3A100%2C100italic%2C300%2C300italic%2Cregular%2Citalic%2C500%2C500italic%2C700%2C700italic%2C900%2C900italic|font_style:400%20regular%3A400%3Anormal\u00bb use_custom_heading=\u00bbtrue\u00bb]<\/p>\n<ul>\n<li><span style=\"font-family: verdana, sans-serif;font-size: large\"><a href=\"https:\/\/www.lasgabias.es\/portal-transparencia\/wp-content\/uploads\/sites\/8\/2024\/04\/36_PROPUESTA_17870_20032024Id905126_905126_fs.pdf\" target=\"_blank\" rel=\"noopener\">Decreto de declararacion procedimiento desierto<\/a><\/span><\/li>\n<\/ul>\n<p>[\/vc_toggle][vc_toggle title=\u00bbEXP. 011-2024 Lote n\u00ba 2 del contrato de suministro de material de oficina, material de manualidades y papel para el Ayuntamiento de Las Gabias.\u00bb style=\u00bbsimple\u00bb color=\u00bbmulled_wine\u00bb custom_font_container=\u00bbtag:h5|font_size:14|text_align:left|color:%23000000&#8243; custom_google_fonts=\u00bbfont_family:Roboto%3A100%2C100italic%2C300%2C300italic%2Cregular%2Citalic%2C500%2C500italic%2C700%2C700italic%2C900%2C900italic|font_style:400%20regular%3A400%3Anormal\u00bb css=\u00bb\u00bb use_custom_heading=\u00bbtrue\u00bb]<\/p>\n<ul>\n<li><span style=\"font-family: verdana, sans-serif;font-size: large\"><a href=\"https:\/\/www.lasgabias.es\/portal-transparencia\/wp-content\/uploads\/sites\/8\/2024\/12\/101-Declaracion-desierto-lote-2.pdf\" target=\"_blank\" rel=\"noopener\">Decreto de declararacion procedimiento desierto<\/a><\/span><\/li>\n<\/ul>\n<p>[\/vc_toggle][vc_toggle title=\u00bbEXP. 011-2024 Lote n\u00ba 1 del contrato de suministro de material de oficina, material de manualidades y papel para el Ayuntamiento de Las Gabias.\u00bb style=\u00bbsimple\u00bb color=\u00bbmulled_wine\u00bb custom_font_container=\u00bbtag:h5|font_size:14|text_align:left|color:%23000000&#8243; custom_google_fonts=\u00bbfont_family:Roboto%3A100%2C100italic%2C300%2C300italic%2Cregular%2Citalic%2C500%2C500italic%2C700%2C700italic%2C900%2C900italic|font_style:400%20regular%3A400%3Anormal\u00bb css=\u00bb\u00bb use_custom_heading=\u00bbtrue\u00bb]<\/p>\n<ul>\n<li><span style=\"font-family: verdana, sans-serif;font-size: large\"><a href=\"https:\/\/www.lasgabias.es\/portal-transparencia\/wp-content\/uploads\/sites\/8\/2024\/12\/100_Declaracion-desierto-lote-1.pdf\" target=\"_blank\" rel=\"noopener\">Decreto de declararacion procedimiento desierto<\/a><\/span><\/li>\n<\/ul>\n<p>[\/vc_toggle][\/vc_tta_section][vc_tta_section title=\u00bb2023&#8243; tab_id=\u00bb1712124274226-8858990d-3adb\u00bb][vc_toggle title=\u00bbEXP. 001-2023 Contrato de servicio de mantenimiento y actualizaci\u00f3n del software inform\u00e1tico de gesti\u00f3n interna (ERP) y de e-Administraci\u00f3n para los distintos servicios municipales del Ayuntamiento de Las Gabias\u00bb style=\u00bbsimple\u00bb color=\u00bbmulled_wine\u00bb custom_font_container=\u00bbtag:h5|font_size:14|text_align:left|color:%23000000&#8243; custom_google_fonts=\u00bbfont_family:Roboto%3A100%2C100italic%2C300%2C300italic%2Cregular%2Citalic%2C500%2C500italic%2C700%2C700italic%2C900%2C900italic|font_style:400%20regular%3A400%3Anormal\u00bb use_custom_heading=\u00bbtrue\u00bb]<\/p>\n<ul>\n<li><span style=\"font-family: verdana, sans-serif;font-size: large\"><a href=\"https:\/\/www.lasgabias.es\/portal-transparencia\/wp-content\/uploads\/sites\/8\/2023\/06\/Decreto-de-declararacion-desierto-firmado.pdf\" target=\"_blank\" rel=\"noopener\">Decreto de declararacion procedimiento desierto<\/a><\/span><\/li>\n<\/ul>\n<p>[\/vc_toggle][vc_toggle title=\u00bbEXP. 048-2023 Contrato de suministro de hueso de aceituna para la caldera del Colegio de Educaci\u00f3n Infantil La Ermita, sita en calle Ermita n\u00ba2&#8243; style=\u00bbsimple\u00bb color=\u00bbmulled_wine\u00bb custom_font_container=\u00bbtag:h5|font_size:14|text_align:left|color:%23000000&#8243; custom_google_fonts=\u00bbfont_family:Roboto%3A100%2C100italic%2C300%2C300italic%2Cregular%2Citalic%2C500%2C500italic%2C700%2C700italic%2C900%2C900italic|font_style:400%20regular%3A400%3Anormal\u00bb css=\u00bb\u00bb use_custom_heading=\u00bbtrue\u00bb]<\/p>\n<ul>\n<li><span style=\"font-family: verdana, sans-serif;font-size: large\"><a href=\"https:\/\/www.lasgabias.es\/portal-transparencia\/wp-content\/uploads\/sites\/8\/2025\/01\/Decreto-desierto.pdf\" target=\"_blank\" rel=\"noopener\">Decreto de declararacion procedimiento desierto<\/a><\/span><\/li>\n<\/ul>\n<p>[\/vc_toggle][\/vc_tta_section][vc_tta_section title=\u00bb2022&#8243; tab_id=\u00bb1678645021402-8e25d48a-7490&#8243;][vc_toggle title=\u00bbExp. 072-2022 Contrato administrativo de sumunistros de veh\u00edculos para el Ayuntamiento de Las Gabias\u00bb style=\u00bbsimple\u00bb color=\u00bbmulled_wine\u00bb size=\u00bbsm\u00bb custom_font_container=\u00bbtag:h2|font_size:14|text_align:left|color:%23000000&#8243; custom_google_fonts=\u00bbfont_family:Roboto%20Condensed%3A300%2C300italic%2Cregular%2Citalic%2C700%2C700italic|font_style:400%20regular%3A400%3Anormal\u00bb use_custom_heading=\u00bbtrue\u00bb]<\/p>\n<ul>\n<li><span style=\"font-family: verdana, sans-serif;font-size: large\"><a href=\"https:\/\/www.lasgabias.es\/portal-transparencia\/wp-content\/uploads\/sites\/8\/2023\/06\/Decreto-de-declaracion-desierto-lote-no1.pdf\" target=\"_blank\" rel=\"noopener\">Lote n\u00ba1. Un veh\u00edculo, pick up, todo camino o 4&#215;4. Decreto declaraci\u00f3n desierto.<\/a><\/span><\/li>\n<li><span style=\"font-family: verdana, sans-serif;font-size: large\"><a href=\"https:\/\/www.lasgabias.es\/portal-transparencia\/wp-content\/uploads\/sites\/8\/2023\/06\/Decreto-de-declaracion-desierto-lote-no2.pdf\" target=\"_blank\" rel=\"noopener\">Lote n\u00ba2. Dos furgonetas. Decreto de declaraci\u00f3n desierto.<\/a><\/span><\/li>\n<\/ul>\n<p>[\/vc_toggle][vc_toggle title=\u00bbExp. 103-2022 Concesi\u00f3n del servicio de la cafeter\u00eda-bar sita en el Hogar del Pensionista de Las Gabias\u00bb style=\u00bbsimple\u00bb color=\u00bbmulled_wine\u00bb size=\u00bbsm\u00bb custom_font_container=\u00bbtag:h2|font_size:14|text_align:left|color:%23000000&#8243; custom_google_fonts=\u00bbfont_family:Roboto%20Condensed%3A300%2C300italic%2Cregular%2Citalic%2C700%2C700italic|font_style:400%20regular%3A400%3Anormal\u00bb use_custom_heading=\u00bbtrue\u00bb]<\/p>\n<ul>\n<li><span style=\"font-family: verdana, sans-serif;font-size: large\">Pendiente de publicaci\u00f3n<\/span><\/li>\n<\/ul>\n<p>[\/vc_toggle][vc_toggle title=\u00bbExp. 009-2021 Concesi\u00f3n del servicio de la cafeter\u00eda-bar sita en el Hogar del Pensionista de Las Gabias\u00bb style=\u00bbsimple\u00bb color=\u00bbmulled_wine\u00bb size=\u00bbsm\u00bb custom_font_container=\u00bbtag:h2|font_size:14|text_align:left|color:%23000000&#8243; custom_google_fonts=\u00bbfont_family:Roboto%20Condensed%3A300%2C300italic%2Cregular%2Citalic%2C700%2C700italic|font_style:400%20regular%3A400%3Anormal\u00bb use_custom_heading=\u00bbtrue\u00bb]<\/p>\n<ul>\n<li><span style=\"font-family: verdana, sans-serif;font-size: large\">Pendiente de publicaci\u00f3n<\/span><\/li>\n<\/ul>\n<p>[\/vc_toggle][\/vc_tta_section][vc_tta_section title=\u00bb2021&#8243; tab_id=\u00bb1678645214607-337732d8-019a\u00bb][\/vc_tta_section][vc_tta_section title=\u00bb2020&#8243; tab_id=\u00bb1678645238465-aded21c9-956e\u00bb][vc_toggle title=\u00bbExp. 126-2020 Contrato para la adquisi\u00f3n de local en C\/ Acera de la Virgen N\u00ba 24&#8243; style=\u00bbsimple\u00bb color=\u00bbmulled_wine\u00bb custom_font_container=\u00bbtag:h2|font_size:14|text_align:left|color:%23000000&#8243; custom_google_fonts=\u00bbfont_family:Roboto%20Condensed%3A300%2C300italic%2Cregular%2Citalic%2C700%2C700italic|font_style:400%20regular%3A400%3Anormal\u00bb use_custom_heading=\u00bbtrue\u00bb]<\/p>\n<ul>\n<li><span style=\"font-family: verdana, sans-serif;font-size: large\"><a href=\"https:\/\/www.lasgabias.es\/portal-transparencia\/wp-content\/uploads\/sites\/8\/2023\/06\/Decreto-de-declaracion-desierto-Exp.-126.pdf\" target=\"_blank\" rel=\"noopener\">Decreto de declaraci\u00f3n procedimiento desierto<\/a><\/span><\/li>\n<\/ul>\n<p>[\/vc_toggle][\/vc_tta_section][\/vc_tta_tabs][\/vc_column][\/vc_row]<\/p>\n<\/div>","protected":false},"excerpt":{"rendered":"<p>[vc_row][vc_column][vc_tta_tabs section_title_tag=\u00bbh5&#8243; style=\u00bbmodern\u00bb color=\u00bbmulled-wine\u00bb active_section=\u00bb1&#8243;][vc_tta_section title=\u00bb2026&#8243; tab_id=\u00bb1712124186068-54db0713-6307&#8243;][vc_toggle title=\u00bbEXP. 025-2026 Contrato para la adquisici\u00f3n de terrenos destinados a equipamientos\u00bb style=\u00bbsimple\u00bb color=\u00bbmulled_wine\u00bb custom_font_container=\u00bbtag:h5|font_size:14|text_align:left|color:%23000000&#8243; custom_google_fonts=\u00bbfont_family:Roboto%3A100%2C100italic%2C300%2C300italic%2Cregular%2Citalic%2C500%2C500italic%2C700%2C700italic%2C900%2C900italic|font_style:400%20regular%3A400%3Anormal\u00bb css=\u00bb\u00bb use_custom_heading=\u00bbtrue\u00bb] Decreto de declararacion procedimiento desierto [\/vc_toggle][\/vc_tta_section][vc_tta_section title=\u00bb2025&#8243; tab_id=\u00bb1774954604895-f533ee89-09ab\u00bb][\/vc_tta_section][vc_tta_section title=\u00bb2024&#8243; tab_id=\u00bb1774954366666-b30119d3-1143&#8243;][vc_toggle title=\u00bbEXP. 048-2023 Contrato de suministro de hueso de aceituna para la caldera del Colegio de Educaci\u00f3n Infantil La Ermita, sita en&hellip;<\/p>\n","protected":false},"author":141,"featured_media":0,"parent":1940,"menu_order":0,"comment_status":"closed","ping_status":"closed","template":"","meta":{"_acf_changed":false,"footnotes":""},"class_list":["post-3825","page","type-page","status-publish","hentry","description-off"],"acf":[],"_links":{"self":[{"href":"https:\/\/www.lasgabias.es\/portal-transparencia\/wp-json\/wp\/v2\/pages\/3825","targetHints":{"allow":["GET"]}}],"collection":[{"href":"https:\/\/www.lasgabias.es\/portal-transparencia\/wp-json\/wp\/v2\/pages"}],"about":[{"href":"https:\/\/www.lasgabias.es\/portal-transparencia\/wp-json\/wp\/v2\/types\/page"}],"author":[{"embeddable":true,"href":"https:\/\/www.lasgabias.es\/portal-transparencia\/wp-json\/wp\/v2\/users\/141"}],"replies":[{"embeddable":true,"href":"https:\/\/www.lasgabias.es\/portal-transparencia\/wp-json\/wp\/v2\/comments?post=3825"}],"version-history":[{"count":22,"href":"https:\/\/www.lasgabias.es\/portal-transparencia\/wp-json\/wp\/v2\/pages\/3825\/revisions"}],"predecessor-version":[{"id":8652,"href":"https:\/\/www.lasgabias.es\/portal-transparencia\/wp-json\/wp\/v2\/pages\/3825\/revisions\/8652"}],"up":[{"embeddable":true,"href":"https:\/\/www.lasgabias.es\/portal-transparencia\/wp-json\/wp\/v2\/pages\/1940"}],"wp:attachment":[{"href":"https:\/\/www.lasgabias.es\/portal-transparencia\/wp-json\/wp\/v2\/media?parent=3825"}],"curies":[{"name":"wp","href":"https:\/\/api.w.org\/{rel}","templated":true}]}}