{"id":5420,"date":"2024-04-24T13:20:11","date_gmt":"2024-04-24T11:20:11","guid":{"rendered":"https:\/\/www.lasgabias.es\/portal-transparencia\/?page_id=5420"},"modified":"2025-04-10T14:04:08","modified_gmt":"2025-04-10T12:04:08","slug":"provision-puestos-de-trabajo","status":"publish","type":"page","link":"https:\/\/www.lasgabias.es\/portal-transparencia\/provision-puestos-de-trabajo\/","title":{"rendered":"Provisi\u00f3n puestos de trabajo"},"content":{"rendered":"<div class=\"wpb-content-wrapper\"><p>[vc_row][vc_column]<div id=\"ultimate-heading-719369f168fb3d5c1\" class=\"uvc-heading ult-adjust-bottom-margin ultimate-heading-719369f168fb3d5c1 uvc-1355  uvc-heading-default-font-sizes\" data-hspacer=\"no_spacer\"  data-halign=\"left\" style=\"text-align:left\"><div class=\"uvc-heading-spacer no_spacer\" style=\"top\"><\/div><div class=\"uvc-main-heading ult-responsive\"  data-ultimate-target='.uvc-heading.ultimate-heading-719369f168fb3d5c1 h2'  data-responsive-json-new='{\"font-size\":\"\",\"line-height\":\"\"}' ><h2 style=\"font-weight:bold;margin-bottom:25px;\">Provisi\u00f3n puestos de trabajo<\/h2><\/div><\/div>[vc_tta_tabs section_title_tag=\u00bbh5&#8243; style=\u00bbmodern\u00bb color=\u00bbmulled-wine\u00bb active_section=\u00bb1&#8243;][vc_tta_section title=\u00bbEN PROCESO\u00bb tab_id=\u00bb1678732577791-f6e98abe-b8bc\u00bb]<div class=\"standard-arrow bullet-top\"><\/div>[\/vc_tta_section][vc_tta_section title=\u00bbTERMINADOS\u00bb tab_id=\u00bb1678792348528-096478ff-4dd3&#8243;]<div class=\"standard-arrow bullet-top\"><ul>\n<li><a href=\"\/portal-transparencia\/provision-de-un-puesto-de-trabajo-de-jefe-de-policia-local-por-el-sistema-de-libre-designacion\/\">Provisi\u00f3n de un puesto de trabajo de Jefe de Polic\u00eda Local, por el sistema de libre designaci\u00f3n<\/a><\/li>\n<\/ul>\n<\/div>[\/vc_tta_section][\/vc_tta_tabs][\/vc_column][\/vc_row]<\/p>\n<\/div>","protected":false},"excerpt":{"rendered":"<p>[vc_row][vc_column][vc_tta_tabs section_title_tag=\u00bbh5&#8243; style=\u00bbmodern\u00bb color=\u00bbmulled-wine\u00bb active_section=\u00bb1&#8243;][vc_tta_section title=\u00bbEN PROCESO\u00bb tab_id=\u00bb1678732577791-f6e98abe-b8bc\u00bb][\/vc_tta_section][vc_tta_section title=\u00bbTERMINADOS\u00bb tab_id=\u00bb1678792348528-096478ff-4dd3&#8243;][\/vc_tta_section][\/vc_tta_tabs][\/vc_column][\/vc_row]<\/p>\n","protected":false},"author":141,"featured_media":0,"parent":0,"menu_order":0,"comment_status":"closed","ping_status":"closed","template":"","meta":{"_acf_changed":false,"footnotes":""},"class_list":["post-5420","page","type-page","status-publish","hentry","description-off"],"acf":[],"_links":{"self":[{"href":"https:\/\/www.lasgabias.es\/portal-transparencia\/wp-json\/wp\/v2\/pages\/5420","targetHints":{"allow":["GET"]}}],"collection":[{"href":"https:\/\/www.lasgabias.es\/portal-transparencia\/wp-json\/wp\/v2\/pages"}],"about":[{"href":"https:\/\/www.lasgabias.es\/portal-transparencia\/wp-json\/wp\/v2\/types\/page"}],"author":[{"embeddable":true,"href":"https:\/\/www.lasgabias.es\/portal-transparencia\/wp-json\/wp\/v2\/users\/141"}],"replies":[{"embeddable":true,"href":"https:\/\/www.lasgabias.es\/portal-transparencia\/wp-json\/wp\/v2\/comments?post=5420"}],"version-history":[{"count":3,"href":"https:\/\/www.lasgabias.es\/portal-transparencia\/wp-json\/wp\/v2\/pages\/5420\/revisions"}],"predecessor-version":[{"id":7117,"href":"https:\/\/www.lasgabias.es\/portal-transparencia\/wp-json\/wp\/v2\/pages\/5420\/revisions\/7117"}],"wp:attachment":[{"href":"https:\/\/www.lasgabias.es\/portal-transparencia\/wp-json\/wp\/v2\/media?parent=5420"}],"curies":[{"name":"wp","href":"https:\/\/api.w.org\/{rel}","templated":true}]}}