{"id":5424,"date":"2024-04-24T13:26:00","date_gmt":"2024-04-24T11:26:00","guid":{"rendered":"https:\/\/www.lasgabias.es\/portal-transparencia\/?page_id=5424"},"modified":"2024-06-27T12:04:29","modified_gmt":"2024-06-27T10:04:29","slug":"provision-de-un-puesto-de-trabajo-de-jefe-de-policia-local-por-el-sistema-de-libre-designacion","status":"publish","type":"page","link":"https:\/\/www.lasgabias.es\/portal-transparencia\/provision-de-un-puesto-de-trabajo-de-jefe-de-policia-local-por-el-sistema-de-libre-designacion\/","title":{"rendered":"Provisi\u00f3n de un puesto de trabajo de Jefe de Polic\u00eda Local, por el sistema de libre designaci\u00f3n"},"content":{"rendered":"<div class=\"wpb-content-wrapper\"><p>[vc_row][vc_column]<div id=\"ultimate-heading-609969f178926d7be\" class=\"uvc-heading ult-adjust-bottom-margin ultimate-heading-609969f178926d7be uvc-9377  uvc-heading-default-font-sizes\" data-hspacer=\"no_spacer\"  data-halign=\"left\" style=\"text-align:left\"><div class=\"uvc-heading-spacer no_spacer\" style=\"top\"><\/div><div class=\"uvc-main-heading ult-responsive\"  data-ultimate-target='.uvc-heading.ultimate-heading-609969f178926d7be h3'  data-responsive-json-new='{\"font-size\":\"\",\"line-height\":\"\"}' ><h3 style=\"font-weight:bold;margin-bottom:10px;\">Provisi\u00f3n de un puesto de trabajo de Jefe de Polic\u00eda Local, por el sistema de libre designaci\u00f3n<\/h3><\/div><div class=\"uvc-sub-heading ult-responsive\"  data-ultimate-target='.uvc-heading.ultimate-heading-609969f178926d7be .uvc-sub-heading '  data-responsive-json-new='{\"font-size\":\"\",\"line-height\":\"\"}'  style=\"font-style:italic;font-weight:normal;margin-bottom:10px;\"><\/p>\n<p style=\"text-align: justify;\">Documentaci\u00f3n relativa a las bases para provisi\u00f3n de un puesto de trabajo de Jefe de la Polic\u00eda Local del Ayuntamiento de Las Gabias, por el sistema de libre designaci\u00f3n.<\/p>\n<p><\/div><\/div>[vc_empty_space height=\u00bb22px\u00bb][vc_message color=\u00bbinfo\u00bb css=\u00bb\u00bb]<strong>Estado del proceso selectivo: <span style=\"color: #ff0000;\">Publicaci\u00f3n en BOP nombramiento Jefe Polic\u00eda Local<\/span><\/strong>[\/vc_message][vc_empty_space height=\u00bb22px\u00bb][\/vc_column][\/vc_row][vc_row][vc_column][vc_tta_tabs title_tag=\u00bbh5&#8243; style=\u00bbmodern\u00bb color=\u00bbmulled-wine\u00bb active_section=\u00bb1&#8243; title=\u00bbDocumentaci\u00f3n adjunta:\u00bb][vc_tta_section i_icon_fontawesome=\u00bbfas fa-file-pdf\u00bb add_icon=\u00bbtrue\u00bb title=\u00bbBases y anuncios\u00bb tab_id=\u00bb1679074197028-2291d4ea-5b4a\u00bb][vc_row_inner][vc_column_inner]<div class=\"standard-number-list bullet-top\"><ul>\n<li><strong>24\/04\/2024<\/strong> <a href=\"https:\/\/www.lasgabias.es\/portal-transparencia\/wp-content\/uploads\/sites\/8\/2024\/04\/Publicacion-BOP.pdf\" target=\"_blank\" rel=\"noopener\">Publicaci\u00f3n en BOP (Bases y convocatoria)<\/a><\/li>\n<li><strong>01\/05\/2024<\/strong> <a href=\"https:\/\/www.lasgabias.es\/portal-transparencia\/wp-content\/uploads\/sites\/8\/2024\/05\/Publicacion-BOE_JEFE-POLICIA-LOCAL.pdf\" target=\"_blank\" rel=\"noopener\">Publicaci\u00f3n BOE<\/a><\/li>\n<li><strong>29\/05\/2024<\/strong> <a href=\"https:\/\/www.lasgabias.es\/portal-transparencia\/wp-content\/uploads\/sites\/8\/2024\/06\/Decreto-listado-definitivo-admitidos-excluidos-Jefe-Policia-Local-.pdf\" target=\"_blank\" rel=\"noopener\">Listado provisional de admitidos-excluidos Jefe de Polic\u00eda local<\/a><\/li>\n<li><strong>14\/06\/2024<\/strong> <a href=\"https:\/\/www.lasgabias.es\/portal-transparencia\/wp-content\/uploads\/sites\/8\/2024\/06\/Anuncio-listado-definitivo-admitidos-excluidos-Jefe-Policia-Local.pdf\">Anuncio listado definitivo admitidos-excluidos Jefe Polic\u00eda Local<\/a><\/li>\n<li><strong>27\/06\/2024<\/strong> <a href=\"https:\/\/www.lasgabias.es\/portal-transparencia\/wp-content\/uploads\/sites\/8\/2024\/06\/Nombramiento-en-BOP-Jefe-de-la-Policia-Local.pdf\" target=\"_blank\" rel=\"noopener\">Publicaci\u00f3n del nombramiento en BOP Jefe de la Polic\u00eda Local<\/a><\/li>\n<\/ul>\n<\/div>[\/vc_column_inner][\/vc_row_inner][\/vc_tta_section][vc_tta_section i_icon_fontawesome=\u00bbfar fa-file-alt\u00bb add_icon=\u00bbtrue\u00bb title=\u00bbPlazo Presentaci\u00f3n de Solicitudes\u00bb tab_id=\u00bb1714634881503-c4123447-ab6b\u00bb][vc_row_inner][vc_column_inner]<div class=\"standard-arrow bullet-top\"><p>El plazo para presentar las solicitudes ser\u00e1 de quince d\u00edas h\u00e1biles, a contar desde el siguiente en que aparezca el extracto de la convocatoria del proceso selectivo en el Bolet\u00edn Oficial del Estado (BOE).<\/p>\n<ul>\n<li>Plazo de presentaci\u00f3n de solicitudes desde el <strong>02 al 23 de mayo ambos inclusive<\/strong> <strong><span style=\"color: #ff0000;\">(CERRADO)<\/span><\/strong><\/li>\n<\/ul>\n<\/div>[\/vc_column_inner][\/vc_row_inner][\/vc_tta_section][vc_tta_section i_icon_fontawesome=\u00bbfas fa-marker\u00bb add_icon=\u00bbtrue\u00bb title=\u00bbSolicitud\u00bb tab_id=\u00bb1714635176598-cf593469-b180&#8243;][vc_row_inner][vc_column_inner]<div class=\"standard-arrow bullet-top\"><ul>\n<li><a href=\"https:\/\/www.lasgabias.es\/portal-transparencia\/wp-content\/uploads\/sites\/8\/2024\/05\/Solicitud-Anexo-I-autorellenable-POLICIA-LOCAL.pdf\" target=\"_blank\" rel=\"noopener\">Anexo I &#8211; Modelo de solicitud (PDF autorellenable)<\/a><\/li>\n<\/ul>\n<\/div>[\/vc_column_inner][\/vc_row_inner][\/vc_tta_section][\/vc_tta_tabs][\/vc_column][\/vc_row][vc_row][vc_column][\/vc_column][\/vc_row]<\/p>\n<\/div>","protected":false},"excerpt":{"rendered":"<p>[vc_row][vc_column][vc_empty_space height=\u00bb22px\u00bb][vc_message color=\u00bbinfo\u00bb css=\u00bb\u00bb]Estado del proceso selectivo: Publicaci\u00f3n en BOP nombramiento Jefe Polic\u00eda Local[\/vc_message][vc_empty_space height=\u00bb22px\u00bb][\/vc_column][\/vc_row][vc_row][vc_column][vc_tta_tabs title_tag=\u00bbh5&#8243; style=\u00bbmodern\u00bb color=\u00bbmulled-wine\u00bb active_section=\u00bb1&#8243; title=\u00bbDocumentaci\u00f3n adjunta:\u00bb][vc_tta_section i_icon_fontawesome=\u00bbfas fa-file-pdf\u00bb add_icon=\u00bbtrue\u00bb title=\u00bbBases y anuncios\u00bb tab_id=\u00bb1679074197028-2291d4ea-5b4a\u00bb][vc_row_inner][vc_column_inner][\/vc_column_inner][\/vc_row_inner][\/vc_tta_section][vc_tta_section i_icon_fontawesome=\u00bbfar fa-file-alt\u00bb add_icon=\u00bbtrue\u00bb title=\u00bbPlazo Presentaci\u00f3n de Solicitudes\u00bb tab_id=\u00bb1714634881503-c4123447-ab6b\u00bb][vc_row_inner][vc_column_inner][\/vc_column_inner][\/vc_row_inner][\/vc_tta_section][vc_tta_section i_icon_fontawesome=\u00bbfas fa-marker\u00bb add_icon=\u00bbtrue\u00bb title=\u00bbSolicitud\u00bb tab_id=\u00bb1714635176598-cf593469-b180&#8243;][vc_row_inner][vc_column_inner][\/vc_column_inner][\/vc_row_inner][\/vc_tta_section][\/vc_tta_tabs][\/vc_column][\/vc_row][vc_row][vc_column][\/vc_column][\/vc_row]<\/p>\n","protected":false},"author":141,"featured_media":0,"parent":0,"menu_order":0,"comment_status":"closed","ping_status":"closed","template":"","meta":{"_acf_changed":false,"footnotes":""},"class_list":["post-5424","page","type-page","status-publish","hentry","description-off"],"acf":[],"_links":{"self":[{"href":"https:\/\/www.lasgabias.es\/portal-transparencia\/wp-json\/wp\/v2\/pages\/5424","targetHints":{"allow":["GET"]}}],"collection":[{"href":"https:\/\/www.lasgabias.es\/portal-transparencia\/wp-json\/wp\/v2\/pages"}],"about":[{"href":"https:\/\/www.lasgabias.es\/portal-transparencia\/wp-json\/wp\/v2\/types\/page"}],"author":[{"embeddable":true,"href":"https:\/\/www.lasgabias.es\/portal-transparencia\/wp-json\/wp\/v2\/users\/141"}],"replies":[{"embeddable":true,"href":"https:\/\/www.lasgabias.es\/portal-transparencia\/wp-json\/wp\/v2\/comments?post=5424"}],"version-history":[{"count":21,"href":"https:\/\/www.lasgabias.es\/portal-transparencia\/wp-json\/wp\/v2\/pages\/5424\/revisions"}],"predecessor-version":[{"id":5698,"href":"https:\/\/www.lasgabias.es\/portal-transparencia\/wp-json\/wp\/v2\/pages\/5424\/revisions\/5698"}],"wp:attachment":[{"href":"https:\/\/www.lasgabias.es\/portal-transparencia\/wp-json\/wp\/v2\/media?parent=5424"}],"curies":[{"name":"wp","href":"https:\/\/api.w.org\/{rel}","templated":true}]}}