{"id":5504,"date":"2024-05-10T13:49:34","date_gmt":"2024-05-10T11:49:34","guid":{"rendered":"https:\/\/www.lasgabias.es\/portal-transparencia\/?page_id=5504"},"modified":"2024-12-16T08:53:35","modified_gmt":"2024-12-16T07:53:35","slug":"compatibilidad-miembros-de-la-corporacion","status":"publish","type":"page","link":"https:\/\/www.lasgabias.es\/portal-transparencia\/informacion-institucional\/compatibilidad-miembros-de-la-corporacion\/","title":{"rendered":"Compatibilidad Miembros de la Corporacion"},"content":{"rendered":"<div class=\"wpb-content-wrapper\"><p>[vc_row][vc_column]<div id=\"ultimate-heading-896069f42e3555f1a\" class=\"uvc-heading ult-adjust-bottom-margin ultimate-heading-896069f42e3555f1a uvc-4953  uvc-heading-default-font-sizes\" data-hspacer=\"no_spacer\"  data-halign=\"left\" style=\"text-align:left\"><div class=\"uvc-heading-spacer no_spacer\" style=\"top\"><\/div><div class=\"uvc-main-heading ult-responsive\"  data-ultimate-target='.uvc-heading.ultimate-heading-896069f42e3555f1a h2'  data-responsive-json-new='{\"font-size\":\"\",\"line-height\":\"\"}' ><h2 style=\"font-weight:bold;margin-bottom:15px;\">Compatibilidad Miembros de la Corporaci\u00f3n<\/h2><\/div><\/div>[vc_empty_space][\/vc_column][\/vc_row][vc_row][vc_column]<div class=\"standard-arrow bullet-top\"><ul>\n<li><a href=\"https:\/\/www.lasgabias.es\/portal-transparencia\/wp-content\/uploads\/sites\/8\/2024\/05\/CERTIFICADO-COMPATIBILIDAD-CONCEJAL-FERNANDO-LOPEZ.pdf\" target=\"_blank\" rel=\"noopener\">Concejal D. Fernando L\u00f3pez L\u00f3pez<\/a><\/li>\n<li><a href=\"https:\/\/www.lasgabias.es\/portal-transparencia\/wp-content\/uploads\/sites\/8\/2024\/12\/Concejal-D.-Sebastian-Pertinez-Reyes.pdf\" target=\"_blank\" rel=\"noopener\">Concejal D. Sebasti\u00e1n Pert\u00ed\u00f1ez Reyes<\/a><\/li>\n<\/ul>\n<\/div>[\/vc_column][\/vc_row]<\/p>\n<\/div>","protected":false},"excerpt":{"rendered":"<p>[vc_row][vc_column][vc_empty_space][\/vc_column][\/vc_row][vc_row][vc_column][\/vc_column][\/vc_row]<\/p>\n","protected":false},"author":141,"featured_media":0,"parent":1860,"menu_order":0,"comment_status":"closed","ping_status":"closed","template":"","meta":{"_acf_changed":false,"footnotes":""},"class_list":["post-5504","page","type-page","status-publish","hentry","description-off"],"acf":[],"_links":{"self":[{"href":"https:\/\/www.lasgabias.es\/portal-transparencia\/wp-json\/wp\/v2\/pages\/5504","targetHints":{"allow":["GET"]}}],"collection":[{"href":"https:\/\/www.lasgabias.es\/portal-transparencia\/wp-json\/wp\/v2\/pages"}],"about":[{"href":"https:\/\/www.lasgabias.es\/portal-transparencia\/wp-json\/wp\/v2\/types\/page"}],"author":[{"embeddable":true,"href":"https:\/\/www.lasgabias.es\/portal-transparencia\/wp-json\/wp\/v2\/users\/141"}],"replies":[{"embeddable":true,"href":"https:\/\/www.lasgabias.es\/portal-transparencia\/wp-json\/wp\/v2\/comments?post=5504"}],"version-history":[{"count":7,"href":"https:\/\/www.lasgabias.es\/portal-transparencia\/wp-json\/wp\/v2\/pages\/5504\/revisions"}],"predecessor-version":[{"id":6485,"href":"https:\/\/www.lasgabias.es\/portal-transparencia\/wp-json\/wp\/v2\/pages\/5504\/revisions\/6485"}],"up":[{"embeddable":true,"href":"https:\/\/www.lasgabias.es\/portal-transparencia\/wp-json\/wp\/v2\/pages\/1860"}],"wp:attachment":[{"href":"https:\/\/www.lasgabias.es\/portal-transparencia\/wp-json\/wp\/v2\/media?parent=5504"}],"curies":[{"name":"wp","href":"https:\/\/api.w.org\/{rel}","templated":true}]}}