{"id":5880,"date":"2024-08-29T08:50:53","date_gmt":"2024-08-29T06:50:53","guid":{"rendered":"https:\/\/www.lasgabias.es\/portal-transparencia\/?page_id=5880"},"modified":"2025-05-29T13:35:16","modified_gmt":"2025-05-29T11:35:16","slug":"oposicion-libre-tres-plazas-auxiliar-administrativo-a","status":"publish","type":"page","link":"https:\/\/www.lasgabias.es\/portal-transparencia\/oposicion-libre-tres-plazas-auxiliar-administrativo-a\/","title":{"rendered":"Oposici\u00f3n libre de tres plazas de Auxiliar Administrativo\/a"},"content":{"rendered":"<div class=\"wpb-content-wrapper\"><p>[vc_row][vc_column]<div id=\"ultimate-heading-403769f7b84bbc778\" class=\"uvc-heading ult-adjust-bottom-margin ultimate-heading-403769f7b84bbc778 uvc-5255  uvc-heading-default-font-sizes\" data-hspacer=\"no_spacer\"  data-halign=\"left\" style=\"text-align:left\"><div class=\"uvc-heading-spacer no_spacer\" style=\"top\"><\/div><div class=\"uvc-main-heading ult-responsive\"  data-ultimate-target='.uvc-heading.ultimate-heading-403769f7b84bbc778 h3'  data-responsive-json-new='{\"font-size\":\"\",\"line-height\":\"\"}' ><h3 style=\"font-weight:bold;margin-bottom:10px;\">Oposici\u00f3n libre de tres plazas de Auxiliar Administrativo\/a<\/h3><\/div><div class=\"uvc-sub-heading ult-responsive\"  data-ultimate-target='.uvc-heading.ultimate-heading-403769f7b84bbc778 .uvc-sub-heading '  data-responsive-json-new='{\"font-size\":\"\",\"line-height\":\"\"}'  style=\"font-style:italic;font-weight:normal;margin-bottom:10px;\"><\/p>\n<p style=\"text-align: justify\">Documentaci\u00f3n relativa a las bases para la provisi\u00f3n en propiedad de tres plazas de Auxiliar Administrativo\/a, a jornada completa, vacantes en la plantilla de personal funcionario del Ayuntamiento de Las Gabias, puestos de trabajo clasificados en la Escala de Administraci\u00f3n General, Subescala auxiliar, encuadrados en el Subgrupo C2<\/p>\n<p><\/div><\/div>[vc_empty_space height=\u00bb22px\u00bb][vc_message color=\u00bbinfo\u00bb css=\u00bb\u00bb]<\/p>\n<p style=\"text-align: justify\"><strong>Estado del proceso selectivo: <span style=\"color: #ff0000\">Anuncio de calificaciones definitivas y propuesta de nombramiento.<\/span><\/strong><\/p>\n<p>[\/vc_message][vc_empty_space height=\u00bb22px\u00bb][\/vc_column][\/vc_row][vc_row][vc_column][vc_tta_tabs title_tag=\u00bbh5&#8243; style=\u00bbmodern\u00bb color=\u00bbmulled-wine\u00bb active_section=\u00bb1&#8243; title=\u00bbDocumentaci\u00f3n adjunta:\u00bb][vc_tta_section i_icon_fontawesome=\u00bbfas fa-file-pdf\u00bb add_icon=\u00bbtrue\u00bb title=\u00bbBases y anuncios\u00bb tab_id=\u00bb1679074197028-2291d4ea-5b4a\u00bb][vc_row_inner][vc_column_inner]<div class=\"standard-number-list bullet-top\"><ul>\n<li><strong>17\/07\/2024<\/strong> <a href=\"https:\/\/www.lasgabias.es\/portal-transparencia\/wp-content\/uploads\/sites\/8\/2024\/08\/Publicacion-en-BOP-de-las-Bases-3-plazas-Auxiliar-Administrativo.pdf\" target=\"_blank\" rel=\"noopener\">Publicaci\u00f3n BOP (Bases y convocatoria)<\/a><\/li>\n<li><strong>20\/08\/2024<\/strong> <a href=\"\/portal-transparencia\/wp-content\/uploads\/sites\/8\/2024\/08\/Anuncio-Publicacion-en-BOJA-3-plazas-Auxiliar-Administrativo.pdf\" target=\"_blank\" rel=\"noopener\">Publicaci\u00f3n BOJA<\/a><\/li>\n<li><strong>29\/08\/2024<\/strong> <a href=\"\/portal-transparencia\/wp-content\/uploads\/sites\/8\/2024\/08\/Anuncio-Publicacion-en-BOE-3-plazas-Auxiliar-Administrativo.pdf\" target=\"_blank\" rel=\"noopener\">Publicaci\u00f3n BOE<\/a><\/li>\n<li><strong>03\/12\/2024\u00a0<\/strong><a href=\"\/portal-transparencia\/wp-content\/uploads\/sites\/8\/2024\/12\/Publicacion-BOP-listado-provisional-admitidos-excluidos-tres-plazas-Auxiliar-Administrativo.pdf\" target=\"_blank\" rel=\"noopener\">Listado provisional de admitidos y excluidos<\/a><\/li>\n<li><strong>17\/02\/2025<\/strong> <a href=\"https:\/\/www.lasgabias.es\/portal-transparencia\/wp-content\/uploads\/sites\/8\/2025\/02\/Publicacion-BOP-listado-definitivo-con-fecha-examen-3-plazas-Auxiliar-Administrativo.pdf\" target=\"_blank\" rel=\"noopener\">Publicaci\u00f3n BOP listado definitivo y fecha examen<\/a><\/li>\n<li><strong>20\/02\/2025<\/strong> <a href=\"https:\/\/www.lasgabias.es\/portal-transparencia\/wp-content\/uploads\/sites\/8\/2025\/02\/ANUNCIO-APLAZANDO-FECHA-EXAMEN-3-PLAZA-AUXILIARES-ADMINISTRATIVOS.pdf\" target=\"_blank\" rel=\"noopener\">Anuncio aplazando fecha de examen.<\/a><\/li>\n<li><strong>25\/02\/2025<\/strong> <a href=\"https:\/\/www.lasgabias.es\/portal-transparencia\/wp-content\/uploads\/sites\/8\/2025\/02\/Anuncio-Nueva-fecha-examen-3-plazas-Auxiliares-Administrativos.pdf\" target=\"_blank\" rel=\"noopener\">Anuncio nueva fecha examen<\/a><\/li>\n<li><strong>07\/03\/2025<\/strong> <a href=\"https:\/\/www.lasgabias.es\/portal-transparencia\/wp-content\/uploads\/sites\/8\/2025\/03\/Normas-de-funcionamiento-del-Tribunal-para-3-plazas-de-Aux.-Administrativo.pdf\" target=\"_blank\" rel=\"noopener\">Normas de funcionamiento del Tribunal<\/a><\/li>\n<li><strong>07\/03\/2025<\/strong> <a href=\"https:\/\/www.lasgabias.es\/portal-transparencia\/wp-content\/uploads\/sites\/8\/2025\/03\/Anuncio-Reiteracion-Nueva-fecha-examen-3-plazas-Auxiliares-Administrativos.pdf\" target=\"_blank\" rel=\"noopener\">Anuncio Reiteraci\u00f3n Nueva fecha examen<\/a><\/li>\n<li><strong>18\/03\/2025<\/strong> <a href=\"https:\/\/www.lasgabias.es\/portal-transparencia\/wp-content\/uploads\/sites\/8\/2025\/03\/Custionario-con-respuestas-correctas-3-plazas-Auxiliar-Administrativo.pdf\" target=\"_blank\" rel=\"noopener\">Cuestionario con respuestas correctas<\/a><\/li>\n<li><strong>15\/05\/2025\u00a0<\/strong><a href=\"https:\/\/www.lasgabias.es\/portal-transparencia\/wp-content\/uploads\/sites\/8\/2025\/05\/Apertura-sobres-3-plazas-Aux.-Adtvo.pdf\" target=\"_blank\" rel=\"noopener\">Acto p\u00fablico apertura de sobres identificativos<\/a><\/li>\n<li><strong>20\/05\/2025<\/strong> <a href=\"https:\/\/www.lasgabias.es\/portal-transparencia\/wp-content\/uploads\/sites\/8\/2025\/05\/Anuncio-Notas-Provisionales-Auxliar-Administrativo.pdf\">Anuncio Notas Provisionales Auxliar Administrativo<\/a><\/li>\n<li><strong>27\/05\/2025<\/strong> <a href=\"https:\/\/www.lasgabias.es\/portal-transparencia\/wp-content\/uploads\/sites\/8\/2025\/05\/Anuncio-opositores-alegaciones.1.pdf\" target=\"_blank\" rel=\"noopener\">Anuncio de citaci\u00f3n a opositores que han presentado alegaciones.<\/a><\/li>\n<li><strong>29\/05\/2025<\/strong> <a href=\"https:\/\/www.lasgabias.es\/portal-transparencia\/wp-content\/uploads\/sites\/8\/2025\/05\/ANUNCIO-NOTAS-DEFINITIVAS-Y-PROPUESTA-1.pdf\" target=\"_blank\" rel=\"noopener\">Anuncio de calificaciones definitivas y propuesta de nombramiento<\/a><\/li>\n<\/ul>\n<\/div>[\/vc_column_inner][\/vc_row_inner][\/vc_tta_section][vc_tta_section i_icon_fontawesome=\u00bbfar fa-edit\u00bb add_icon=\u00bbtrue\u00bb title=\u00bbPlazo Presentaci\u00f3n de Solicitudes\u00bb tab_id=\u00bb1679508176256-9e937d96-1ce5&#8243;][vc_column_text css=\u00bb\u00bb]<\/p>\n<p align=\"justify\">El plazo de presentaci\u00f3n de solicitudes ser\u00e1 de <span style=\"text-decoration: underline\"><strong>veinte d\u00edas h\u00e1biles<\/strong><\/span> a contar desde el siguiente al de publicaci\u00f3n del extracto de la convocatoria en el Bolet\u00edn Oficial del Estado (BOE).<\/p>\n<ul>\n<li style=\"text-align: justify\">Plazo de presentaci\u00f3n de solicitudes desde el <span style=\"text-decoration: underline\"><strong>30 agosto de 2024 al 26 septiembre de 2024<\/strong><\/span>, ambos inclusive.<\/li>\n<\/ul>\n<p>[\/vc_column_text][\/vc_tta_section][vc_tta_section i_icon_fontawesome=\u00bbfar fa-file-alt\u00bb add_icon=\u00bbtrue\u00bb title=\u00bbSolicitud\u00bb tab_id=\u00bb1679074328015-641a4d7b-8df2&#8243;]<div class=\"standard-arrow list-divider bullet-top\"><ul>\n<li><a href=\"https:\/\/www.lasgabias.es\/portal-transparencia\/wp-content\/uploads\/sites\/8\/2024\/08\/Solicitud-Anexo-II-autorellenable-Auxiliar-Administrativo.pdf\" target=\"_blank\" rel=\"noopener\">Anexo II. Modelo de solicitud (PDF autorrellenable)<\/a><\/li>\n<\/ul>\n<\/div>[\/vc_tta_section][\/vc_tta_tabs][\/vc_column][\/vc_row][vc_row][vc_column][\/vc_column][\/vc_row]<\/p>\n<\/div>","protected":false},"excerpt":{"rendered":"<p>[vc_row][vc_column][vc_empty_space height=\u00bb22px\u00bb][vc_message color=\u00bbinfo\u00bb css=\u00bb\u00bb] Estado del proceso selectivo: Anuncio de calificaciones definitivas y propuesta de nombramiento. [\/vc_message][vc_empty_space height=\u00bb22px\u00bb][\/vc_column][\/vc_row][vc_row][vc_column][vc_tta_tabs title_tag=\u00bbh5&#8243; style=\u00bbmodern\u00bb color=\u00bbmulled-wine\u00bb active_section=\u00bb1&#8243; title=\u00bbDocumentaci\u00f3n adjunta:\u00bb][vc_tta_section i_icon_fontawesome=\u00bbfas fa-file-pdf\u00bb add_icon=\u00bbtrue\u00bb title=\u00bbBases y anuncios\u00bb tab_id=\u00bb1679074197028-2291d4ea-5b4a\u00bb][vc_row_inner][vc_column_inner][\/vc_column_inner][\/vc_row_inner][\/vc_tta_section][vc_tta_section i_icon_fontawesome=\u00bbfar fa-edit\u00bb add_icon=\u00bbtrue\u00bb title=\u00bbPlazo Presentaci\u00f3n de Solicitudes\u00bb tab_id=\u00bb1679508176256-9e937d96-1ce5&#8243;][vc_column_text css=\u00bb\u00bb] El plazo de presentaci\u00f3n de solicitudes ser\u00e1 de veinte d\u00edas h\u00e1biles a contar desde el&hellip;<\/p>\n","protected":false},"author":141,"featured_media":0,"parent":0,"menu_order":0,"comment_status":"closed","ping_status":"closed","template":"","meta":{"_acf_changed":false,"footnotes":""},"class_list":["post-5880","page","type-page","status-publish","hentry","description-off"],"acf":[],"_links":{"self":[{"href":"https:\/\/www.lasgabias.es\/portal-transparencia\/wp-json\/wp\/v2\/pages\/5880","targetHints":{"allow":["GET"]}}],"collection":[{"href":"https:\/\/www.lasgabias.es\/portal-transparencia\/wp-json\/wp\/v2\/pages"}],"about":[{"href":"https:\/\/www.lasgabias.es\/portal-transparencia\/wp-json\/wp\/v2\/types\/page"}],"author":[{"embeddable":true,"href":"https:\/\/www.lasgabias.es\/portal-transparencia\/wp-json\/wp\/v2\/users\/141"}],"replies":[{"embeddable":true,"href":"https:\/\/www.lasgabias.es\/portal-transparencia\/wp-json\/wp\/v2\/comments?post=5880"}],"version-history":[{"count":29,"href":"https:\/\/www.lasgabias.es\/portal-transparencia\/wp-json\/wp\/v2\/pages\/5880\/revisions"}],"predecessor-version":[{"id":7328,"href":"https:\/\/www.lasgabias.es\/portal-transparencia\/wp-json\/wp\/v2\/pages\/5880\/revisions\/7328"}],"wp:attachment":[{"href":"https:\/\/www.lasgabias.es\/portal-transparencia\/wp-json\/wp\/v2\/media?parent=5880"}],"curies":[{"name":"wp","href":"https:\/\/api.w.org\/{rel}","templated":true}]}}