{"id":6145,"date":"2024-10-30T11:18:10","date_gmt":"2024-10-30T10:18:10","guid":{"rendered":"https:\/\/www.lasgabias.es\/portal-transparencia\/?page_id=6145"},"modified":"2026-03-17T12:51:37","modified_gmt":"2026-03-17T11:51:37","slug":"oposicion-libre-de-tres-plazas-de-trabajador-a-social-2","status":"publish","type":"page","link":"https:\/\/www.lasgabias.es\/portal-transparencia\/oposicion-libre-de-tres-plazas-de-trabajador-a-social-2\/","title":{"rendered":"Oposici\u00f3n libre de tres plazas de Trabajador\/a Social"},"content":{"rendered":"<div class=\"wpb-content-wrapper\"><p>[vc_row][vc_column]<div id=\"ultimate-heading-141169f7b67ccc28d\" class=\"uvc-heading ult-adjust-bottom-margin ultimate-heading-141169f7b67ccc28d uvc-4538  uvc-heading-default-font-sizes\" data-hspacer=\"no_spacer\"  data-halign=\"left\" style=\"text-align:left\"><div class=\"uvc-heading-spacer no_spacer\" style=\"top\"><\/div><div class=\"uvc-main-heading ult-responsive\"  data-ultimate-target='.uvc-heading.ultimate-heading-141169f7b67ccc28d h3'  data-responsive-json-new='{\"font-size\":\"\",\"line-height\":\"\"}' ><h3 style=\"font-weight:bold;margin-bottom:10px;\">Oposici\u00f3n libre de tres plazas de Trabajador\/a Social<\/h3><\/div><div class=\"uvc-sub-heading ult-responsive\"  data-ultimate-target='.uvc-heading.ultimate-heading-141169f7b67ccc28d .uvc-sub-heading '  data-responsive-json-new='{\"font-size\":\"\",\"line-height\":\"\"}'  style=\"font-style:italic;font-weight:normal;margin-bottom:10px;\"><\/p>\n<p style=\"text-align: justify\">Documentaci\u00f3n relativa a las bases para la provisi\u00f3n en propiedad de tres plazas de Trabajador\/a Social, a jornada completa, vacantes en la plantilla de personal funcionario del Ayuntamiento de Las Gabias, puestos de trabajo clasificados en la Escala de Administraci\u00f3n Especial, Subescala T\u00e9cnica, Clase T\u00e9cnicos Medios encuadrados en el Subgrupo A2<\/p>\n<p><\/div><\/div>[vc_empty_space height=\u00bb22px\u00bb][vc_message color=\u00bbinfo\u00bb css=\u00bb\u00bb]<\/p>\n<p style=\"text-align: justify\"><strong>Estado del proceso selectivo: <span style=\"color: #ff0000\">Anuncio de resoluci\u00f3n de alegaciones, calificaciones definitivas y propuesta de nombramiento.<\/span><\/strong><\/p>\n<p><strong>Plazo de presentaci\u00f3n de documentaci\u00f3n para los\/as aspirantes propuestos:\u00a0<\/strong>20 d\u00edas naturales a partir del d\u00eda siguiente al de la plublicaci\u00f3n de este anuncio. Del <strong>18<\/strong> de marzo de 2016 al <strong>6<\/strong> de abril de 2026.[\/vc_message][vc_empty_space height=\u00bb22px\u00bb][\/vc_column][\/vc_row][vc_row][vc_column][vc_tta_tabs title_tag=\u00bbh5&#8243; style=\u00bbmodern\u00bb color=\u00bbmulled-wine\u00bb active_section=\u00bb1&#8243; title=\u00bbDocumentaci\u00f3n adjunta:\u00bb][vc_tta_section i_icon_fontawesome=\u00bbfas fa-file-pdf\u00bb add_icon=\u00bbtrue\u00bb title=\u00bbBases y anuncios\u00bb tab_id=\u00bb1679074197028-2291d4ea-5b4a\u00bb][vc_row_inner][vc_column_inner]<div class=\"standard-number-list bullet-top\"><ul>\n<li><strong>09\/10\/2024<\/strong> <a href=\"https:\/\/www.lasgabias.es\/portal-transparencia\/wp-content\/uploads\/sites\/8\/2024\/10\/Publicacion-bases-BOP-3-plazas-Trabajador-Social.pdf\" target=\"_blank\" rel=\"noopener\">Publicaci\u00f3n BOP (Bases y convocatoria)<\/a><\/li>\n<li><strong>22\/10\/2024<\/strong> <a href=\"https:\/\/www.lasgabias.es\/portal-transparencia\/wp-content\/uploads\/sites\/8\/2024\/10\/Publicacion-BOJA-3-plazas-Trabajador-Social.pdf\" target=\"_blank\" rel=\"noopener\">Publicaci\u00f3n BOJA<\/a><\/li>\n<li><strong>30\/10\/2024<\/strong> <a href=\"https:\/\/www.lasgabias.es\/portal-transparencia\/wp-content\/uploads\/sites\/8\/2024\/10\/Publicacion-BOE-3-plazas-Trabajador-Social.pdf\" target=\"_blank\" rel=\"noopener\">Publicaci\u00f3n BOE<\/a><\/li>\n<li><strong>02\/04\/2025<\/strong> <a href=\"https:\/\/www.lasgabias.es\/portal-transparencia\/wp-content\/uploads\/sites\/8\/2025\/04\/Publicacion-BOP-lista-provisional-Trabajador-Social.pdf\" target=\"_blank\" rel=\"noopener\">Publicaci\u00f3n BOP lista provisional de admitidos\/excluidos<\/a><\/li>\n<li><strong>01\/12\/2025<\/strong> <a href=\"https:\/\/www.lasgabias.es\/portal-transparencia\/wp-content\/uploads\/sites\/8\/2025\/12\/Publicacion-BOP_Lista-definitiva-y-fecha-de-examen.pdf\">Publicaci\u00f3n BOP Lista definitiva y fecha de examen<\/a><\/li>\n<li><strong>11\/12\/2025<\/strong> <a href=\"https:\/\/www.lasgabias.es\/portal-transparencia\/wp-content\/uploads\/sites\/8\/2025\/12\/Normas-de-funcionamiento-Tribunal-3-Trabajadores-Sociales.pdf\" target=\"_blank\" rel=\"noopener\">Normas de funcionamiento del Tribunal<\/a><\/li>\n<li><strong>16\/12\/2025<\/strong> <a href=\"https:\/\/www.lasgabias.es\/portal-transparencia\/wp-content\/uploads\/sites\/8\/2025\/12\/EXAMEN-TIPO-TEST.pdf\" target=\"_blank\" rel=\"noopener\">Examen tipo test<\/a><\/li>\n<li><strong>16\/12\/2025<\/strong> <a href=\"https:\/\/www.lasgabias.es\/portal-transparencia\/wp-content\/uploads\/sites\/8\/2025\/12\/PLANILLA-CORRECCIONES.pdf\" target=\"_blank\" rel=\"noopener\">Plantilla correcciones<\/a><\/li>\n<li><strong>16\/12\/2025<\/strong> <a href=\"https:\/\/www.lasgabias.es\/portal-transparencia\/wp-content\/uploads\/sites\/8\/2025\/12\/CRITERIOS-CORRECCION-SUPUESTO-PRACTICO.pdf\" target=\"_blank\" rel=\"noopener\">Criterios de correcci\u00f3n del supuesto pr\u00e1ctico<\/a><\/li>\n<li><strong>17\/12\/2025<\/strong> <a href=\"https:\/\/www.lasgabias.es\/portal-transparencia\/wp-content\/uploads\/sites\/8\/2025\/12\/ANUNCIO-PLANTILLA-CORRECTORA.pdf\" target=\"_blank\" rel=\"noopener\">Anuncio conjunto examen tipo test, plantilla correctora y criterios de correcci\u00f3n.<\/a><\/li>\n<li><strong>23\/02\/2026<\/strong> <a href=\"https:\/\/www.lasgabias.es\/portal-transparencia\/wp-content\/uploads\/sites\/8\/2026\/02\/Anuncio-Apertura-Sobres-25-febrero-26.pdf\">Anuncio Apertura Sobres 25 febrero 26<\/a><\/li>\n<li><strong>26\/02\/2026<\/strong> <a href=\"https:\/\/www.lasgabias.es\/portal-transparencia\/wp-content\/uploads\/sites\/8\/2026\/02\/Anuncio-Notas-Provisionales-Trabajadores-Sociales-Las-Gabias-1.pdf\" target=\"_blank\" rel=\"noopener\">Anuncio de la plantilla definitiva y notas provisionales<\/a><\/li>\n<li><strong>11\/02\/2026<\/strong> <a href=\"https:\/\/www.lasgabias.es\/portal-transparencia\/wp-content\/uploads\/sites\/8\/2026\/03\/Anuncio-Opositores-Alegaciones.pdf\" target=\"_blank\" rel=\"noopener\">Anuncio Citaci\u00f3n a Opositores que han presentado Alegaciones<\/a><\/li>\n<li><strong>17\/02\/2026<\/strong> <a href=\"https:\/\/www.lasgabias.es\/portal-transparencia\/wp-content\/uploads\/sites\/8\/2026\/03\/Anuncio-DEF-Califiacions-definitivas-y-propuesta-de-nombramiento-.pdf\" target=\"_blank\" rel=\"noopener\">Anuncio de resoluci\u00f3n de alegaciones, califiaciones definitivas y propuesta de nombramiento<\/a><\/li>\n<\/ul>\n<\/div>[\/vc_column_inner][\/vc_row_inner][\/vc_tta_section][vc_tta_section i_icon_fontawesome=\u00bbfar fa-edit\u00bb add_icon=\u00bbtrue\u00bb title=\u00bbPlazo Presentaci\u00f3n de Solicitudes\u00bb tab_id=\u00bb1679508176256-9e937d96-1ce5&#8243;][vc_column_text css=\u00bb\u00bb]<\/p>\n<p align=\"justify\">El plazo de presentaci\u00f3n de solicitudes ser\u00e1 de <span style=\"text-decoration: underline\"><strong>veinte d\u00edas h\u00e1biles<\/strong><\/span> a contar desde el siguiente al de publicaci\u00f3n del extracto de la convocatoria en el Bolet\u00edn Oficial del Estado (BOE).<\/p>\n<ul>\n<li style=\"text-align: justify\"><span style=\"color: #000000\">\u00a0Plazo de presentaci\u00f3n de solicitudes desde el <span style=\"text-decoration: underline\"><strong>31 de octubre de 2024 al 28 de noviembre<\/strong> <strong>de 2024<\/strong><\/span> ambos inclusive.<\/span><\/li>\n<\/ul>\n<p>[\/vc_column_text][\/vc_tta_section][vc_tta_section i_icon_fontawesome=\u00bbfar fa-file-alt\u00bb add_icon=\u00bbtrue\u00bb title=\u00bbSolicitud\u00bb tab_id=\u00bb1679074328015-641a4d7b-8df2&#8243;]<div class=\"standard-arrow list-divider bullet-top\"><ul>\n<li><a href=\"https:\/\/www.lasgabias.es\/portal-transparencia\/wp-content\/uploads\/sites\/8\/2024\/10\/Solicitud-Anexo-II-autorellenable-1.pdf\" target=\"_blank\" rel=\"noopener\">Anexo III. Modelo de solicitud (PDF autorrellenable)<\/a><\/li>\n<\/ul>\n<\/div>[\/vc_tta_section][\/vc_tta_tabs][\/vc_column][\/vc_row][vc_row][vc_column][\/vc_column][\/vc_row]<\/p>\n<\/div>","protected":false},"excerpt":{"rendered":"<p>[vc_row][vc_column][vc_empty_space height=\u00bb22px\u00bb][vc_message color=\u00bbinfo\u00bb css=\u00bb\u00bb] Estado del proceso selectivo: Anuncio de resoluci\u00f3n de alegaciones, calificaciones definitivas y propuesta de nombramiento. Plazo de presentaci\u00f3n de documentaci\u00f3n para los\/as aspirantes propuestos:\u00a020 d\u00edas naturales a partir del d\u00eda siguiente al de la plublicaci\u00f3n de este anuncio. Del 18 de marzo de 2016 al 6 de abril de 2026.[\/vc_message][vc_empty_space height=\u00bb22px\u00bb][\/vc_column][\/vc_row][vc_row][vc_column][vc_tta_tabs&hellip;<\/p>\n","protected":false},"author":141,"featured_media":0,"parent":0,"menu_order":0,"comment_status":"closed","ping_status":"closed","template":"","meta":{"_acf_changed":false,"footnotes":""},"class_list":["post-6145","page","type-page","status-publish","hentry","description-off"],"acf":[],"_links":{"self":[{"href":"https:\/\/www.lasgabias.es\/portal-transparencia\/wp-json\/wp\/v2\/pages\/6145","targetHints":{"allow":["GET"]}}],"collection":[{"href":"https:\/\/www.lasgabias.es\/portal-transparencia\/wp-json\/wp\/v2\/pages"}],"about":[{"href":"https:\/\/www.lasgabias.es\/portal-transparencia\/wp-json\/wp\/v2\/types\/page"}],"author":[{"embeddable":true,"href":"https:\/\/www.lasgabias.es\/portal-transparencia\/wp-json\/wp\/v2\/users\/141"}],"replies":[{"embeddable":true,"href":"https:\/\/www.lasgabias.es\/portal-transparencia\/wp-json\/wp\/v2\/comments?post=6145"}],"version-history":[{"count":26,"href":"https:\/\/www.lasgabias.es\/portal-transparencia\/wp-json\/wp\/v2\/pages\/6145\/revisions"}],"predecessor-version":[{"id":8619,"href":"https:\/\/www.lasgabias.es\/portal-transparencia\/wp-json\/wp\/v2\/pages\/6145\/revisions\/8619"}],"wp:attachment":[{"href":"https:\/\/www.lasgabias.es\/portal-transparencia\/wp-json\/wp\/v2\/media?parent=6145"}],"curies":[{"name":"wp","href":"https:\/\/api.w.org\/{rel}","templated":true}]}}