{"id":6741,"date":"2025-02-13T14:28:20","date_gmt":"2025-02-13T13:28:20","guid":{"rendered":"https:\/\/www.lasgabias.es\/portal-transparencia\/?page_id=6741"},"modified":"2025-11-06T08:59:19","modified_gmt":"2025-11-06T07:59:19","slug":"oferta-de-empleo-publico","status":"publish","type":"page","link":"https:\/\/www.lasgabias.es\/portal-transparencia\/informacion-institucional\/oferta-de-empleo-publico\/","title":{"rendered":"Oferta de empleo p\u00fablico"},"content":{"rendered":"<div class=\"wpb-content-wrapper\"><p>[vc_row][vc_column]<div id=\"ultimate-heading-719369f1d7a2b65e2\" class=\"uvc-heading ult-adjust-bottom-margin ultimate-heading-719369f1d7a2b65e2 uvc-2385  uvc-heading-default-font-sizes\" data-hspacer=\"no_spacer\"  data-halign=\"left\" style=\"text-align:left\"><div class=\"uvc-heading-spacer no_spacer\" style=\"top\"><\/div><div class=\"uvc-main-heading ult-responsive\"  data-ultimate-target='.uvc-heading.ultimate-heading-719369f1d7a2b65e2 h2'  data-responsive-json-new='{\"font-size\":\"\",\"line-height\":\"\"}' ><h2 style=\"font-weight:bold;margin-bottom:25px;\">Oferta de empleo p\u00fablico<\/h2><\/div><\/div>[\/vc_column][\/vc_row][vc_row][vc_column]<div class=\"standard-arrow bullet-top\"><ul>\n<li><a href=\"https:\/\/www.lasgabias.es\/wp-content\/uploads\/sites\/8\/2023\/03\/20210202120848153.pdf\" target=\"_blank\" rel=\"noopener\">OFERTA DE EMPLEO P\u00daBLICO 2018<\/a><\/li>\n<li><a href=\"https:\/\/www.lasgabias.es\/wp-content\/uploads\/sites\/8\/2023\/03\/CERTIFICADOOPE20201Id260485_260485_f.pdf\" target=\"_blank\" rel=\"noopener\">OFERTA DE EMPLEO P\u00daBLICO 2020<\/a><\/li>\n<li><a href=\"https:\/\/www.lasgabias.es\/wp-content\/uploads\/sites\/8\/2023\/03\/certificado-acuerdo-jgl-OPE-2021.pdf\" target=\"_blank\" rel=\"noopener\">OFERTA DE EMPLEO P\u00daBLICO 2021<\/a><\/li>\n<li><a href=\"https:\/\/www.lasgabias.es\/wp-content\/uploads\/sites\/8\/2023\/03\/Certificado-OPE-2022.pdf\" target=\"_blank\" rel=\"noopener noreferrer\">OFERTA DE EMPLEO P\u00daBLICO 2022<\/a><\/li>\n<li><a href=\"https:\/\/www.lasgabias.es\/portal-transparencia\/wp-content\/uploads\/sites\/8\/2023\/11\/Certificado-acuerdo-de-Junta-con-aprobacion-oferta-empleo-2023.pdf\" target=\"_blank\" rel=\"noopener\">OFERTA DE EMPLEO P\u00daBLICO 2023<\/a>\n<ul>\n<li><a href=\"https:\/\/www.lasgabias.es\/portal-transparencia\/wp-content\/uploads\/sites\/8\/2024\/04\/RECTIFICACION-OFERTA-EMPLEO-PUBLICO-2023.pdf\" target=\"_blank\" rel=\"noopener\">Rectificaci\u00f3n de la oferta de Empleo P\u00fablico a\u00f1o 2023<\/a><\/li>\n<\/ul>\n<\/li>\n<li><a href=\"https:\/\/www.lasgabias.es\/portal-transparencia\/wp-content\/uploads\/sites\/8\/2024\/05\/Oferta-Empleo-Publico-2024.pdf\" target=\"_blank\" rel=\"noopener\">OFERTA DE EMPLEO P\u00daBLICO 2024<\/a><\/li>\n<li><a href=\"https:\/\/www.lasgabias.es\/portal-transparencia\/wp-content\/uploads\/sites\/8\/2025\/11\/Acuerdo-del-Pleno-donde-se-aprueba-la-oferta-de-empleo-publico-2025.pdf\" target=\"_blank\" rel=\"noopener\">OFERTA DE EMPLEO P\u00daBLICO 2025<\/a><\/li>\n<\/ul>\n<\/div>[\/vc_column][\/vc_row]<\/p>\n<\/div>","protected":false},"excerpt":{"rendered":"<p>[vc_row][vc_column][\/vc_column][\/vc_row][vc_row][vc_column][\/vc_column][\/vc_row]<\/p>\n","protected":false},"author":141,"featured_media":0,"parent":1860,"menu_order":0,"comment_status":"closed","ping_status":"closed","template":"","meta":{"_acf_changed":false,"footnotes":""},"class_list":["post-6741","page","type-page","status-publish","hentry","description-off"],"acf":[],"_links":{"self":[{"href":"https:\/\/www.lasgabias.es\/portal-transparencia\/wp-json\/wp\/v2\/pages\/6741","targetHints":{"allow":["GET"]}}],"collection":[{"href":"https:\/\/www.lasgabias.es\/portal-transparencia\/wp-json\/wp\/v2\/pages"}],"about":[{"href":"https:\/\/www.lasgabias.es\/portal-transparencia\/wp-json\/wp\/v2\/types\/page"}],"author":[{"embeddable":true,"href":"https:\/\/www.lasgabias.es\/portal-transparencia\/wp-json\/wp\/v2\/users\/141"}],"replies":[{"embeddable":true,"href":"https:\/\/www.lasgabias.es\/portal-transparencia\/wp-json\/wp\/v2\/comments?post=6741"}],"version-history":[{"count":6,"href":"https:\/\/www.lasgabias.es\/portal-transparencia\/wp-json\/wp\/v2\/pages\/6741\/revisions"}],"predecessor-version":[{"id":8029,"href":"https:\/\/www.lasgabias.es\/portal-transparencia\/wp-json\/wp\/v2\/pages\/6741\/revisions\/8029"}],"up":[{"embeddable":true,"href":"https:\/\/www.lasgabias.es\/portal-transparencia\/wp-json\/wp\/v2\/pages\/1860"}],"wp:attachment":[{"href":"https:\/\/www.lasgabias.es\/portal-transparencia\/wp-json\/wp\/v2\/media?parent=6741"}],"curies":[{"name":"wp","href":"https:\/\/api.w.org\/{rel}","templated":true}]}}