{"id":7395,"date":"2025-06-04T13:55:17","date_gmt":"2025-06-04T11:55:17","guid":{"rendered":"https:\/\/www.lasgabias.es\/portal-transparencia\/?page_id=7395"},"modified":"2025-08-13T13:52:34","modified_gmt":"2025-08-13T11:52:34","slug":"contratos-basados-en-el-sistema-dinamico-de-adquisicion-suministro-de-elementos-de-construccion-y-mantenimiento","status":"publish","type":"page","link":"https:\/\/www.lasgabias.es\/portal-transparencia\/transparencia-en-contrataciones-convenios-y-subvenciones\/contratos-basados-en-el-sistema-dinamico-de-adquisicion-suministro-de-elementos-de-construccion-y-mantenimiento\/","title":{"rendered":"Contratos basados en el Sistema din\u00e1mico de Adquisici\u00f3n Suministro de elementos de construcci\u00f3n y mantenimiento"},"content":{"rendered":"<div class=\"wpb-content-wrapper\"><p>[vc_row][vc_column]<div class=\"aio-icon-component    style_1\"><div id=\"Info-box-wrap-1854\" class=\"aio-icon-box default-icon\" style=\"\"  ><div class=\"aio-icon-header\" ><h3 class=\"aio-icon-title ult-responsive\"  data-ultimate-target='#Info-box-wrap-1854 .aio-icon-title'  data-responsive-json-new='{\"font-size\":\"desktop:18px;\",\"line-height\":\"\"}'  style=\"\">Contratos basados en el Sistema din\u00e1mico de Adquisici\u00f3n Suministro de elementos de construcci\u00f3n y mantenimiento para el Ayuntamiento de Las Gabias<\/h3><\/div> <!-- header --><\/div> <!-- aio-icon-box --><\/div> <!-- aio-icon-component -->[vc_tta_tabs section_title_tag=\u00bbh5&#8243; style=\u00bbmodern\u00bb color=\u00bbmulled-wine\u00bb active_section=\u00bb1&#8243;][vc_tta_section title=\u00bbA\u00d1O 2025&#8243; tab_id=\u00bb1719484830225-d4e830fe-cf18&#8243;][vc_toggle title=\u00bbCATEGOR\u00cdA 1.- Materiales de construcci\u00f3n\u00bb style=\u00bbsimple\u00bb color=\u00bbmulled_wine\u00bb size=\u00bbsm\u00bb css=\u00bb\u00bb]<\/p>\n<ul>\n<li><a href=\"https:\/\/www.lasgabias.es\/portal-transparencia\/wp-content\/uploads\/sites\/8\/2025\/06\/ANUNCIOPORTALTRANSPARENCIAADJUDICACIONFId1179812_1179812_f.pdf\" target=\"_blank\" rel=\"noopener\">013-2025 Adjudicaci\u00f3n contrato<\/a><\/li>\n<\/ul>\n<p>[\/vc_toggle][vc_toggle title=\u00bbCATEGOR\u00cdA 2.- Elementos de madera para construcci\u00f3n\u00bb style=\u00bbsimple\u00bb color=\u00bbmulled_wine\u00bb size=\u00bbsm\u00bb css=\u00bb\u00bb][\/vc_toggle][vc_toggle title=\u00bbCATEGOR\u00cdA 3.- Elementos de metalister\u00eda\u00bb style=\u00bbsimple\u00bb color=\u00bbmulled_wine\u00bb size=\u00bbsm\u00bb css=\u00bb\u00bb]<\/p>\n<ul>\n<li><a href=\"https:\/\/www.lasgabias.es\/portal-transparencia\/wp-content\/uploads\/sites\/8\/2025\/06\/Anuncio-portal-transparencia-25_015.pdf\" target=\"_blank\" rel=\"noopener\">015-2025 Desierto<\/a><\/li>\n<li><a href=\"https:\/\/www.lasgabias.es\/portal-transparencia\/wp-content\/uploads\/sites\/8\/2025\/07\/16.ANUNCIOPORTALTRANSPARENCIAADJUDICACIONFId1204546_1204546_f.pdf\" target=\"_blank\" rel=\"noopener\">097-2025 Adjudicaci\u00f3n contrato<\/a><\/li>\n<\/ul>\n<p>[\/vc_toggle][vc_toggle title=\u00bbCATEGOR\u00cdA 4.- Materiales de ferreter\u00eda\u00bb style=\u00bbsimple\u00bb color=\u00bbmulled_wine\u00bb size=\u00bbsm\u00bb css=\u00bb\u00bb]<\/p>\n<ul>\n<li><a href=\"https:\/\/www.lasgabias.es\/portal-transparencia\/wp-content\/uploads\/sites\/8\/2025\/06\/ANUNCIOPORTALTRANSPARENCIAADJUDICACIONCATEGORIA4EXPTE25016FId1180576_1180576_f.pdf\" target=\"_blank\" rel=\"noopener\">016-2025 Adjudicaci\u00f3n contrato<\/a><\/li>\n<\/ul>\n<p>[\/vc_toggle][vc_toggle title=\u00bbCATEGOR\u00cdA 5.- Material de pintura\u00bb style=\u00bbsimple\u00bb color=\u00bbmulled_wine\u00bb size=\u00bbsm\u00bb css=\u00bb\u00bb]<\/p>\n<ul>\n<li><a href=\"https:\/\/www.lasgabias.es\/portal-transparencia\/wp-content\/uploads\/sites\/8\/2025\/06\/ANUNCIOPORTALTRANSPARENCIAADJUDICACIONCATEGORIA5PINTURAFId1182682_1182682_f.pdf\" target=\"_blank\" rel=\"noopener\">017-2025 Adjudicaci\u00f3n contrato<\/a><\/li>\n<\/ul>\n<p>[\/vc_toggle][vc_toggle title=\u00bbCATEGOR\u00cdA 6.- Material el\u00e9ctrico\u00bb style=\u00bbsimple\u00bb color=\u00bbmulled_wine\u00bb size=\u00bbsm\u00bb css=\u00bb\u00bb]<\/p>\n<ul>\n<li><a href=\"https:\/\/www.lasgabias.es\/portal-transparencia\/wp-content\/uploads\/sites\/8\/2025\/06\/16.ANUNCIOPORTALTRANSPARENCIAADJUDICACIONFId1182708_1182708_f.pdf\" target=\"_blank\" rel=\"noopener\">018-2025 Adjudicaci\u00f3n contrato<\/a><\/li>\n<\/ul>\n<p>[\/vc_toggle][vc_toggle title=\u00bbCATEGOR\u00cdA 7.- Droguer\u00eda y productos qu\u00edmicos\u00bb style=\u00bbsimple\u00bb color=\u00bbmulled_wine\u00bb size=\u00bbsm\u00bb css=\u00bb\u00bb]<\/p>\n<ul>\n<li><a href=\"https:\/\/www.lasgabias.es\/portal-transparencia\/wp-content\/uploads\/sites\/8\/2025\/07\/Anuncio-portal-transparencia-1.pdf\" target=\"_blank\" rel=\"noopener\">019-2025 Adjudicaci\u00f3n contrato<\/a><\/li>\n<li><a href=\"https:\/\/www.lasgabias.es\/portal-transparencia\/wp-content\/uploads\/sites\/8\/2025\/08\/ANUNCIOPORTALTRANSPARENCIAFId1226859_1226859_f.pdf\" target=\"_blank\" rel=\"noopener\">070-2025 Adjudicaci\u00f3n contrato<\/a><\/li>\n<\/ul>\n<p>[\/vc_toggle][vc_toggle title=\u00bbCATEGOR\u00cdA 8.- Material de fontaner\u00eda y saneamiento\u00bb style=\u00bbsimple\u00bb color=\u00bbmulled_wine\u00bb size=\u00bbsm\u00bb css=\u00bb\u00bb]<\/p>\n<ul>\n<li><a href=\"https:\/\/www.lasgabias.es\/portal-transparencia\/wp-content\/uploads\/sites\/8\/2025\/06\/16.ANUNCIOPORTALTRANSPARENCIAADJUDICACIONFId1184591_1184591_f.pdf\" target=\"_blank\" rel=\"noopener\">020-2025 Adjudicaci\u00f3n contrato<\/a><\/li>\n<\/ul>\n<p>[\/vc_toggle][vc_toggle title=\u00bbCATEGOR\u00cdA 9.- Equipos de protecci\u00f3n\u00bb style=\u00bbsimple\u00bb color=\u00bbmulled_wine\u00bb size=\u00bbsm\u00bb css=\u00bb\u00bb]<\/p>\n<ul>\n<li><a href=\"https:\/\/www.lasgabias.es\/portal-transparencia\/wp-content\/uploads\/sites\/8\/2025\/06\/ANUNCIOPORTALTRANSPARENCIAADJUDICACIONFId1186399_1186399_f.pdf\" target=\"_blank\" rel=\"noopener\">068-2025 Adjudicaci\u00f3n contrato<\/a><\/li>\n<\/ul>\n<p>[\/vc_toggle][vc_toggle title=\u00bbCATEGOR\u00cdA 10.- Hormig\u00f3n\u00bb style=\u00bbsimple\u00bb color=\u00bbmulled_wine\u00bb size=\u00bbsm\u00bb css=\u00bb\u00bb]<\/p>\n<ul>\n<li><a href=\"https:\/\/www.lasgabias.es\/portal-transparencia\/wp-content\/uploads\/sites\/8\/2025\/07\/ANUNCIOPORTALTRANSPARENCIAADJUDICACIONEXPTE069FId1204594_1204594_f.pdf\" target=\"_blank\" rel=\"noopener\">069-2025 Adjudicaci\u00f3n contrato<\/a><\/li>\n<\/ul>\n<p>[\/vc_toggle][vc_toggle title=\u00bbCATEGOR\u00cdA 11.- Arena\u00bb style=\u00bbsimple\u00bb color=\u00bbmulled_wine\u00bb size=\u00bbsm\u00bb css=\u00bb\u00bb]<\/p>\n<ul>\n<li><a href=\"https:\/\/www.lasgabias.es\/portal-transparencia\/wp-content\/uploads\/sites\/8\/2025\/06\/ANUNCIOPORTALTRANSPARENCIAADJUDICACIONFId1184603_1184603_f.pdf\" target=\"_blank\" rel=\"noopener\">021-2025 Adjudicaci\u00f3n contrato<\/a><\/li>\n<\/ul>\n<p>[\/vc_toggle][vc_toggle title=\u00bbCATEGOR\u00cdA 12.- Alquiler maquinaria y herramienta auxiliar\u00bb style=\u00bbsimple\u00bb color=\u00bbmulled_wine\u00bb size=\u00bbsm\u00bb css=\u00bb\u00bb]<\/p>\n<ul>\n<li><a href=\"https:\/\/www.lasgabias.es\/portal-transparencia\/wp-content\/uploads\/sites\/8\/2025\/05\/16.ANUNCIOPORTALTRANSPARENCIAADJUDICACIONFId1172274_1172274_f.pdf\" target=\"_blank\" rel=\"noopener\">022-2025 Adjudicaci\u00f3n de contrato<\/a><\/li>\n<\/ul>\n<p>[\/vc_toggle][\/vc_tta_section][vc_tta_section title=\u00bbA\u00d1O 2024&#8243; tab_id=\u00bb1749032872174-1bcd53c0-cf77&#8243;][vc_toggle title=\u00bbCATEGOR\u00cdA 1.- Materiales de construcci\u00f3n\u00bb style=\u00bbsimple\u00bb color=\u00bbmulled_wine\u00bb size=\u00bbsm\u00bb css=\u00bb\u00bb]<\/p>\n<ul>\n<li style=\"list-style-type: none\">\n<ul>\n<li><a href=\"https:\/\/www.lasgabias.es\/portal-transparencia\/wp-content\/uploads\/sites\/8\/2025\/03\/Construccion.pdf\" target=\"_blank\" rel=\"noopener\">072-2024 Adjudicaci\u00f3n contrato<\/a><\/li>\n<\/ul>\n<\/li>\n<\/ul>\n<p>[\/vc_toggle][vc_toggle title=\u00bbCATEGOR\u00cdA 2.- Elementos de madera para construcci\u00f3n\u00bb style=\u00bbsimple\u00bb color=\u00bbmulled_wine\u00bb size=\u00bbsm\u00bb css=\u00bb\u00bb][\/vc_toggle][vc_toggle title=\u00bbCATEGOR\u00cdA 3.- Elementos de metalister\u00eda\u00bb style=\u00bbsimple\u00bb color=\u00bbmulled_wine\u00bb size=\u00bbsm\u00bb css=\u00bb\u00bb]<\/p>\n<ul>\n<li><a href=\"https:\/\/www.lasgabias.es\/portal-transparencia\/wp-content\/uploads\/sites\/8\/2025\/03\/Metalisteria.pdf\" target=\"_blank\" rel=\"noopener\">077-2024 Adjudicaci\u00f3n contrato<\/a><\/li>\n<\/ul>\n<p>[\/vc_toggle][vc_toggle title=\u00bbCATEGOR\u00cdA 4.- Materiales de ferreter\u00eda\u00bb style=\u00bbsimple\u00bb color=\u00bbmulled_wine\u00bb size=\u00bbsm\u00bb css=\u00bb\u00bb]<\/p>\n<ul>\n<li style=\"list-style-type: none\">\n<ul>\n<li><a href=\"https:\/\/www.lasgabias.es\/portal-transparencia\/wp-content\/uploads\/sites\/8\/2025\/03\/Ferreteria.pdf\" target=\"_blank\" rel=\"noopener\">073-2024 Adjudicaci\u00f3n contrato<\/a><\/li>\n<\/ul>\n<\/li>\n<\/ul>\n<p>[\/vc_toggle][vc_toggle title=\u00bbCATEGOR\u00cdA 5.- Material de pintura\u00bb style=\u00bbsimple\u00bb color=\u00bbmulled_wine\u00bb size=\u00bbsm\u00bb css=\u00bb\u00bb]<\/p>\n<ul>\n<li style=\"list-style-type: none\">\n<ul>\n<li><a href=\"https:\/\/www.lasgabias.es\/portal-transparencia\/wp-content\/uploads\/sites\/8\/2025\/03\/Pintura.pdf\" target=\"_blank\" rel=\"noopener\">091-2024 Adjudicaci\u00f3n contrato<\/a><\/li>\n<\/ul>\n<\/li>\n<\/ul>\n<p>[\/vc_toggle][vc_toggle title=\u00bbCATEGOR\u00cdA 6.- Material el\u00e9ctrico\u00bb style=\u00bbsimple\u00bb color=\u00bbmulled_wine\u00bb size=\u00bbsm\u00bb css=\u00bb\u00bb]<\/p>\n<ul>\n<li style=\"list-style-type: none\">\n<ul>\n<li><a href=\"https:\/\/www.lasgabias.es\/portal-transparencia\/wp-content\/uploads\/sites\/8\/2025\/03\/MAterial-electrico.pdf\" target=\"_blank\" rel=\"noopener\">082-2024 Adjudicaci\u00f3n contrato<\/a><\/li>\n<\/ul>\n<\/li>\n<\/ul>\n<p>[\/vc_toggle][vc_toggle title=\u00bbCATEGOR\u00cdA 7.- Droguer\u00eda y productos qu\u00edmicos\u00bb style=\u00bbsimple\u00bb color=\u00bbmulled_wine\u00bb size=\u00bbsm\u00bb css=\u00bb\u00bb]<\/p>\n<ul>\n<li><a href=\"https:\/\/www.lasgabias.es\/portal-transparencia\/wp-content\/uploads\/sites\/8\/2025\/03\/Drogueria-1.pdf\" target=\"_blank\" rel=\"noopener\">076-2024 Adjudicaci\u00f3n contrato<\/a><\/li>\n<li><a href=\"https:\/\/www.lasgabias.es\/portal-transparencia\/wp-content\/uploads\/sites\/8\/2025\/03\/Drogueria.pdf\" target=\"_blank\" rel=\"noopener\">094-2024 Adjudicaci\u00f3n contrato<\/a><\/li>\n<\/ul>\n<p>[\/vc_toggle][vc_toggle title=\u00bbCATEGOR\u00cdA 8.- Material de fontaner\u00eda y saneamiento\u00bb style=\u00bbsimple\u00bb color=\u00bbmulled_wine\u00bb size=\u00bbsm\u00bb css=\u00bb\u00bb]<\/p>\n<ul>\n<li><a href=\"https:\/\/www.lasgabias.es\/portal-transparencia\/wp-content\/uploads\/sites\/8\/2025\/03\/Fontaneria-y-saneamiento.pdf\" target=\"_blank\" rel=\"noopener\">074 -2024 Adjudicaci\u00f3n contrato<\/a><\/li>\n<\/ul>\n<p>[\/vc_toggle][vc_toggle title=\u00bbCATEGOR\u00cdA 9.- Equipos de protecci\u00f3n\u00bb style=\u00bbsimple\u00bb color=\u00bbmulled_wine\u00bb size=\u00bbsm\u00bb css=\u00bb\u00bb]<\/p>\n<ul>\n<li><a href=\"https:\/\/www.lasgabias.es\/portal-transparencia\/wp-content\/uploads\/sites\/8\/2025\/03\/Equipos-de-proteccion.pdf\" target=\"_blank\" rel=\"noopener\">092 &#8211; 2024 Adjudicaci\u00f3n contrato<\/a><\/li>\n<\/ul>\n<p>[\/vc_toggle][vc_toggle title=\u00bbCATEGOR\u00cdA 10.- Hormig\u00f3n\u00bb style=\u00bbsimple\u00bb color=\u00bbmulled_wine\u00bb size=\u00bbsm\u00bb css=\u00bb\u00bb][\/vc_toggle][vc_toggle title=\u00bbCATEGOR\u00cdA 11.- Arena\u00bb style=\u00bbsimple\u00bb color=\u00bbmulled_wine\u00bb size=\u00bbsm\u00bb css=\u00bb\u00bb]<\/p>\n<ul>\n<li><a href=\"https:\/\/www.lasgabias.es\/portal-transparencia\/wp-content\/uploads\/sites\/8\/2025\/03\/Arena-1.pdf\" target=\"_blank\" rel=\"noopener\">119 &#8211; 2024 Adjudicaci\u00f3n contrato<\/a><\/li>\n<\/ul>\n<p>[\/vc_toggle][vc_toggle title=\u00bbCATEGOR\u00cdA 12.- Alquiler maquinaria y herramienta auxiliar\u00bb style=\u00bbsimple\u00bb color=\u00bbmulled_wine\u00bb size=\u00bbsm\u00bb css=\u00bb\u00bb]<\/p>\n<ul>\n<li style=\"list-style-type: none\">\n<ul>\n<li><a href=\"https:\/\/www.lasgabias.es\/portal-transparencia\/wp-content\/uploads\/sites\/8\/2025\/03\/Alquiler-de-maquinaria-1.pdf\" target=\"_blank\" rel=\"noopener\">097 &#8211; 2024 Adjudicaci\u00f3n de contrato<\/a><\/li>\n<\/ul>\n<\/li>\n<\/ul>\n<p>[\/vc_toggle][\/vc_tta_section][\/vc_tta_tabs][\/vc_column][\/vc_row]<\/p>\n<\/div>","protected":false},"excerpt":{"rendered":"<p>[vc_row][vc_column][vc_tta_tabs section_title_tag=\u00bbh5&#8243; style=\u00bbmodern\u00bb color=\u00bbmulled-wine\u00bb active_section=\u00bb1&#8243;][vc_tta_section title=\u00bbA\u00d1O 2025&#8243; tab_id=\u00bb1719484830225-d4e830fe-cf18&#8243;][vc_toggle title=\u00bbCATEGOR\u00cdA 1.- Materiales de construcci\u00f3n\u00bb style=\u00bbsimple\u00bb color=\u00bbmulled_wine\u00bb size=\u00bbsm\u00bb css=\u00bb\u00bb] 013-2025 Adjudicaci\u00f3n contrato [\/vc_toggle][vc_toggle title=\u00bbCATEGOR\u00cdA 2.- Elementos de madera para construcci\u00f3n\u00bb style=\u00bbsimple\u00bb color=\u00bbmulled_wine\u00bb size=\u00bbsm\u00bb css=\u00bb\u00bb][\/vc_toggle][vc_toggle title=\u00bbCATEGOR\u00cdA 3.- Elementos de metalister\u00eda\u00bb style=\u00bbsimple\u00bb color=\u00bbmulled_wine\u00bb size=\u00bbsm\u00bb css=\u00bb\u00bb] 015-2025 Desierto 097-2025 Adjudicaci\u00f3n contrato [\/vc_toggle][vc_toggle title=\u00bbCATEGOR\u00cdA 4.- Materiales de ferreter\u00eda\u00bb style=\u00bbsimple\u00bb color=\u00bbmulled_wine\u00bb size=\u00bbsm\u00bb&hellip;<\/p>\n","protected":false},"author":141,"featured_media":0,"parent":1940,"menu_order":0,"comment_status":"closed","ping_status":"closed","template":"","meta":{"_acf_changed":false,"footnotes":""},"class_list":["post-7395","page","type-page","status-publish","hentry","description-off"],"acf":[],"_links":{"self":[{"href":"https:\/\/www.lasgabias.es\/portal-transparencia\/wp-json\/wp\/v2\/pages\/7395","targetHints":{"allow":["GET"]}}],"collection":[{"href":"https:\/\/www.lasgabias.es\/portal-transparencia\/wp-json\/wp\/v2\/pages"}],"about":[{"href":"https:\/\/www.lasgabias.es\/portal-transparencia\/wp-json\/wp\/v2\/types\/page"}],"author":[{"embeddable":true,"href":"https:\/\/www.lasgabias.es\/portal-transparencia\/wp-json\/wp\/v2\/users\/141"}],"replies":[{"embeddable":true,"href":"https:\/\/www.lasgabias.es\/portal-transparencia\/wp-json\/wp\/v2\/comments?post=7395"}],"version-history":[{"count":15,"href":"https:\/\/www.lasgabias.es\/portal-transparencia\/wp-json\/wp\/v2\/pages\/7395\/revisions"}],"predecessor-version":[{"id":7714,"href":"https:\/\/www.lasgabias.es\/portal-transparencia\/wp-json\/wp\/v2\/pages\/7395\/revisions\/7714"}],"up":[{"embeddable":true,"href":"https:\/\/www.lasgabias.es\/portal-transparencia\/wp-json\/wp\/v2\/pages\/1940"}],"wp:attachment":[{"href":"https:\/\/www.lasgabias.es\/portal-transparencia\/wp-json\/wp\/v2\/media?parent=7395"}],"curies":[{"name":"wp","href":"https:\/\/api.w.org\/{rel}","templated":true}]}}