{"id":7405,"date":"2025-06-05T13:46:52","date_gmt":"2025-06-05T11:46:52","guid":{"rendered":"https:\/\/www.lasgabias.es\/portal-transparencia\/?page_id=7405"},"modified":"2026-03-02T09:54:38","modified_gmt":"2026-03-02T08:54:38","slug":"contratos-basados-sistemas-dinamicos-adquisicion-suministro-material-publicidad-merchandising-premios","status":"publish","type":"page","link":"https:\/\/www.lasgabias.es\/portal-transparencia\/transparencia-en-contrataciones-convenios-y-subvenciones\/contratos-basados-sistemas-dinamicos-adquisicion-suministro-material-publicidad-merchandising-premios\/","title":{"rendered":"Contratos basados en sistemas din\u00e1micos de adquisici\u00f3n de suministro de material de Publicidad &#8211; Merchandising &#8211; Premios"},"content":{"rendered":"<div class=\"wpb-content-wrapper\"><p>[vc_row][vc_column]<div class=\"aio-icon-component    style_1\"><div id=\"Info-box-wrap-9435\" class=\"aio-icon-box default-icon\" style=\"\"  ><div class=\"aio-icon-header\" ><h3 class=\"aio-icon-title ult-responsive\"  data-ultimate-target='#Info-box-wrap-9435 .aio-icon-title'  data-responsive-json-new='{\"font-size\":\"desktop:18px;\",\"line-height\":\"\"}'  style=\"\">Contratos basados en el Sistema din\u00e1mico de Adquisici\u00f3n Suministro de material de Publicidad - Merchandising - Premios para el Ayuntamiento de Las Gabias<\/h3><\/div> <!-- header --><\/div> <!-- aio-icon-box --><\/div> <!-- aio-icon-component -->[vc_tta_tabs section_title_tag=\u00bbh5&#8243; style=\u00bbmodern\u00bb color=\u00bbmulled-wine\u00bb active_section=\u00bb1&#8243;][vc_tta_section title=\u00bbA\u00d1O 2026&#8243; tab_id=\u00bb1719484830225-d4e830fe-cf18&#8243;][vc_empty_space][vc_toggle title=\u00bbCATEGOR\u00cdA 1.- Productos de informaci\u00f3n y promoci\u00f3n\u00bb style=\u00bbsimple\u00bb color=\u00bbmulled_wine\u00bb size=\u00bbsm\u00bb css=\u00bb\u00bb]<\/p>\n<ul>\n<li><a href=\"https:\/\/www.lasgabias.es\/portal-transparencia\/wp-content\/uploads\/sites\/8\/2026\/01\/ANUNCIOPORTALTRANSPARENCIAADJUDICACIONFId1326458_1326458_f.pdf\" target=\"_blank\" rel=\"noopener\">218-2025 Adjudicaci\u00f3n contrato<\/a><\/li>\n<\/ul>\n<p>[\/vc_toggle][vc_toggle title=\u00bbCATEGOR\u00cdA 2.- Material de publicidad\u00bb style=\u00bbsimple\u00bb color=\u00bbmulled_wine\u00bb size=\u00bbsm\u00bb css=\u00bb\u00bb]<\/p>\n<ul>\n<li><a href=\"https:\/\/www.lasgabias.es\/portal-transparencia\/wp-content\/uploads\/sites\/8\/2026\/01\/Anuncio-portal-transparencia-1.pdf\" target=\"_blank\" rel=\"noopener\">219 &#8211; 2025 Adjudicaci\u00f3n contrato<\/a><\/li>\n<li><a href=\"https:\/\/www.lasgabias.es\/portal-transparencia\/wp-content\/uploads\/sites\/8\/2026\/03\/Anuncio-portal-transparencia-adjudicacion_.pdf\" target=\"_blank\" rel=\"noopener\">033 &#8211; 2026 Adjudicaci\u00f3n contrato<\/a><\/li>\n<\/ul>\n<p>[\/vc_toggle][vc_toggle title=\u00bbCATEGOR\u00cdA 3.- Trofeos y medallas\u00bb style=\u00bbsimple\u00bb color=\u00bbmulled_wine\u00bb size=\u00bbsm\u00bb css=\u00bb\u00bb]<\/p>\n<ul>\n<li><a href=\"https:\/\/www.lasgabias.es\/portal-transparencia\/wp-content\/uploads\/sites\/8\/2026\/02\/ANUNCIOPORTALTRANSPARENCIAADJUDICACIONFId1352641_1352641_f.pdf\" target=\"_blank\" rel=\"noopener\">002 &#8211; 2026 Adjudicaci\u00f3n contrato<\/a><\/li>\n<\/ul>\n<p>[\/vc_toggle][\/vc_tta_section][vc_tta_section title=\u00bbA\u00d1O 2025&#8243; tab_id=\u00bb1767873567045-46abebf6-eaa7&#8243;][vc_empty_space][vc_toggle title=\u00bbCATEGOR\u00cdA 1.- Productos de informaci\u00f3n y promoci\u00f3n\u00bb style=\u00bbsimple\u00bb color=\u00bbmulled_wine\u00bb size=\u00bbsm\u00bb css=\u00bb\u00bb]<\/p>\n<ul>\n<li><a href=\"https:\/\/www.lasgabias.es\/portal-transparencia\/wp-content\/uploads\/sites\/8\/2025\/06\/176-2024-CAT-1.pdf\" target=\"_blank\" rel=\"noopener\">176-2024 Adjudicaci\u00f3n contrato<\/a><\/li>\n<li><a href=\"https:\/\/www.lasgabias.es\/portal-transparencia\/wp-content\/uploads\/sites\/8\/2025\/06\/ANUNCIOPORTALTRANSPARENCIAADJUDICACION057_25FId1187087_1187087_f.pdf\" target=\"_blank\" rel=\"noopener\">057-2025 Adjudicaci\u00f3n contrato<\/a><\/li>\n<li><a href=\"https:\/\/www.lasgabias.es\/portal-transparencia\/wp-content\/uploads\/sites\/8\/2025\/06\/ANUNCIOPORTALTRANSPARENCIAADJUDICACIONFId1197143_1197143_f.pdf\" target=\"_blank\" rel=\"noopener\">072-2025 Adjudicaci\u00f3n contrato<\/a><\/li>\n<li><a href=\"https:\/\/www.lasgabias.es\/portal-transparencia\/wp-content\/uploads\/sites\/8\/2025\/07\/ANUNCIOPORTALTRANSPARENCIAADJUDICACIONSISTEMASDINAMICOSFId1215174_1215174_f.pdf\" target=\"_blank\" rel=\"noopener\">094-2025 Adjudicaci\u00f3n contrato<\/a><\/li>\n<li><a href=\"https:\/\/www.lasgabias.es\/portal-transparencia\/wp-content\/uploads\/sites\/8\/2025\/12\/Anuncio-Portal-Transparencia_.pdf\" target=\"_blank\" rel=\"noopener\">144-2025 Adjudicaci\u00f3n contrato<\/a><\/li>\n<li><a href=\"https:\/\/www.lasgabias.es\/portal-transparencia\/wp-content\/uploads\/sites\/8\/2025\/12\/Anuncio-Portal-Transparencia.pdf\" target=\"_blank\" rel=\"noopener\">206-2025 Adjudicaci\u00f3n contrato<\/a><\/li>\n<li><\/li>\n<\/ul>\n<p>[\/vc_toggle][vc_toggle title=\u00bbCATEGOR\u00cdA 2.- Material de publicidad\u00bb style=\u00bbsimple\u00bb color=\u00bbmulled_wine\u00bb size=\u00bbsm\u00bb css=\u00bb\u00bb]<\/p>\n<ul>\n<li><a href=\"https:\/\/www.lasgabias.es\/portal-transparencia\/wp-content\/uploads\/sites\/8\/2025\/06\/177-2024-CAT-2.pdf\" target=\"_blank\" rel=\"noopener\">177-2024 Adjudicaci\u00f3n contrato<\/a><\/li>\n<li><a href=\"https:\/\/www.lasgabias.es\/portal-transparencia\/wp-content\/uploads\/sites\/8\/2025\/06\/ANUNCIOPORTALTRANSPARENCIAADJUDICACION056_25FId1187073_1187073_f.pdf\" target=\"_blank\" rel=\"noopener\">056-2025 Adjudicaci\u00f3n contrato<\/a><\/li>\n<li><a href=\"https:\/\/www.lasgabias.es\/portal-transparencia\/wp-content\/uploads\/sites\/8\/2025\/06\/Anuncio-portal-transparencia-1.pdf\" target=\"_blank\" rel=\"noopener\">073-2025 Adjudicaci\u00f3n contrato<\/a><\/li>\n<li><a href=\"https:\/\/www.lasgabias.es\/portal-transparencia\/wp-content\/uploads\/sites\/8\/2025\/07\/ANUNCIOPORTALTRANSPARENCIAADJUDICACIONFId1204158_1204158_f.pdf\" target=\"_blank\" rel=\"noopener\">095-2025 Adjudicaci\u00f3n contrato<\/a><\/li>\n<\/ul>\n<p>[\/vc_toggle][vc_toggle title=\u00bbCATEGOR\u00cdA 3.- Trofeos y medallas\u00bb style=\u00bbsimple\u00bb color=\u00bbmulled_wine\u00bb size=\u00bbsm\u00bb css=\u00bb\u00bb]<\/p>\n<ul>\n<li><a href=\"https:\/\/www.lasgabias.es\/portal-transparencia\/wp-content\/uploads\/sites\/8\/2025\/06\/178-2024-CAT-3.pdf\" target=\"_blank\" rel=\"noopener\">178-2024 Adjudicaci\u00f3n contrato<\/a><\/li>\n<li><a href=\"https:\/\/www.lasgabias.es\/portal-transparencia\/wp-content\/uploads\/sites\/8\/2025\/07\/ANUNCIOPORTALTRANSPARENCIAADJUDICACIONSISTEMASDINAMICOSFId1215177_1215177_f.pdf\" target=\"_blank\" rel=\"noopener\">096-2025 Adjudicaci\u00f3n Contrato<\/a><\/li>\n<li><a href=\"https:\/\/www.lasgabias.es\/portal-transparencia\/wp-content\/uploads\/sites\/8\/2026\/01\/Anuncio-portal-transparencia.pdf\" target=\"_blank\" rel=\"noopener\">220-2025 Desierto<\/a><\/li>\n<\/ul>\n<p>[\/vc_toggle][\/vc_tta_section][vc_tta_section title=\u00bbA\u00d1O 2024&#8243; tab_id=\u00bb1749124068168-bc72f3d4-87d5&#8243;][vc_empty_space][vc_toggle title=\u00bbCATEGOR\u00cdA 1.- Productos de informaci\u00f3n y promoci\u00f3n\u00bb style=\u00bbsimple\u00bb color=\u00bbmulled_wine\u00bb size=\u00bbsm\u00bb css=\u00bb\u00bb][\/vc_toggle][vc_toggle title=\u00bbCATEGOR\u00cdA 2.- Material de publicidad\u00bb style=\u00bbsimple\u00bb color=\u00bbmulled_wine\u00bb size=\u00bbsm\u00bb css=\u00bb\u00bb][\/vc_toggle][vc_toggle title=\u00bbCATEGOR\u00cdA 3.- Trofeos y medallas\u00bb style=\u00bbsimple\u00bb color=\u00bbmulled_wine\u00bb size=\u00bbsm\u00bb css=\u00bb\u00bb][\/vc_toggle][\/vc_tta_section][\/vc_tta_tabs][\/vc_column][\/vc_row]<\/p>\n<\/div>","protected":false},"excerpt":{"rendered":"<p>[vc_row][vc_column][vc_tta_tabs section_title_tag=\u00bbh5&#8243; style=\u00bbmodern\u00bb color=\u00bbmulled-wine\u00bb active_section=\u00bb1&#8243;][vc_tta_section title=\u00bbA\u00d1O 2026&#8243; tab_id=\u00bb1719484830225-d4e830fe-cf18&#8243;][vc_empty_space][vc_toggle title=\u00bbCATEGOR\u00cdA 1.- Productos de informaci\u00f3n y promoci\u00f3n\u00bb style=\u00bbsimple\u00bb color=\u00bbmulled_wine\u00bb size=\u00bbsm\u00bb css=\u00bb\u00bb] 218-2025 Adjudicaci\u00f3n contrato [\/vc_toggle][vc_toggle title=\u00bbCATEGOR\u00cdA 2.- Material de publicidad\u00bb style=\u00bbsimple\u00bb color=\u00bbmulled_wine\u00bb size=\u00bbsm\u00bb css=\u00bb\u00bb] 219 &#8211; 2025 Adjudicaci\u00f3n contrato 033 &#8211; 2026 Adjudicaci\u00f3n contrato [\/vc_toggle][vc_toggle title=\u00bbCATEGOR\u00cdA 3.- Trofeos y medallas\u00bb style=\u00bbsimple\u00bb color=\u00bbmulled_wine\u00bb size=\u00bbsm\u00bb css=\u00bb\u00bb] 002 &#8211; 2026&hellip;<\/p>\n","protected":false},"author":141,"featured_media":0,"parent":1940,"menu_order":0,"comment_status":"closed","ping_status":"closed","template":"","meta":{"_acf_changed":false,"footnotes":""},"class_list":["post-7405","page","type-page","status-publish","hentry","description-off"],"acf":[],"_links":{"self":[{"href":"https:\/\/www.lasgabias.es\/portal-transparencia\/wp-json\/wp\/v2\/pages\/7405","targetHints":{"allow":["GET"]}}],"collection":[{"href":"https:\/\/www.lasgabias.es\/portal-transparencia\/wp-json\/wp\/v2\/pages"}],"about":[{"href":"https:\/\/www.lasgabias.es\/portal-transparencia\/wp-json\/wp\/v2\/types\/page"}],"author":[{"embeddable":true,"href":"https:\/\/www.lasgabias.es\/portal-transparencia\/wp-json\/wp\/v2\/users\/141"}],"replies":[{"embeddable":true,"href":"https:\/\/www.lasgabias.es\/portal-transparencia\/wp-json\/wp\/v2\/comments?post=7405"}],"version-history":[{"count":28,"href":"https:\/\/www.lasgabias.es\/portal-transparencia\/wp-json\/wp\/v2\/pages\/7405\/revisions"}],"predecessor-version":[{"id":8558,"href":"https:\/\/www.lasgabias.es\/portal-transparencia\/wp-json\/wp\/v2\/pages\/7405\/revisions\/8558"}],"up":[{"embeddable":true,"href":"https:\/\/www.lasgabias.es\/portal-transparencia\/wp-json\/wp\/v2\/pages\/1940"}],"wp:attachment":[{"href":"https:\/\/www.lasgabias.es\/portal-transparencia\/wp-json\/wp\/v2\/media?parent=7405"}],"curies":[{"name":"wp","href":"https:\/\/api.w.org\/{rel}","templated":true}]}}